{"id":58605,"date":"2025-04-22T13:49:42","date_gmt":"2025-04-22T10:49:42","guid":{"rendered":"http:\/\/new.ceasuri.md\/shop\/uncategorized\/cover-iconosteel-lady-co223-03\/"},"modified":"2026-05-01T19:23:32","modified_gmt":"2026-05-01T16:23:32","slug":"cover-iconosteel-lady-co223-03","status":"publish","type":"product","link":"https:\/\/ceasuri.md\/ru\/shop\/branduri\/cover\/cover-iconosteel-lady-co223-03\/","title":{"rendered":"\u0427\u0430\u0441\u044b COVER ICONOSTEEL LADY CO223.03"},"content":{"rendered":"<p>COVER Iconosteel Lady eman\u0103 farmec \u00eendr\u0103zne\u021b \u0219i sofisticare atemporal\u0103.<\/p>\n<p>Dispun\u00e2nd de o carcas\u0103 din o\u021bel inoxidabil cu un finisaj uimitor auriu \u0219i argintiu, acest ceas iese \u00een eviden\u021b\u0103 cu cadranul s\u0103u cu raze de soare de un verde intens, \u00eencadrat de un luneta \u0219i o coroan\u0103 canelate aurii. Br\u0103\u021bara argintie din o\u021bel inoxidabil \u00eei spore\u0219te aspectul versatil \u0219i contemporan.<\/p>\n<p>Indicatoarele orare din cristal adaug\u0103 o not\u0103 de lux, \u00een timp ce m\u00e2inile luminoase asigur\u0103 practicabilitatea \u00een orice situa\u021bie.<\/p>\n<p>Perfect pentru purtarea de zi cu zi sau \u00een contexte profesionale, acest ceas elve\u021bian iconic pentru femei combin\u0103 modernitatea cu elegan\u021ba.<\/p>\n<p>Construit cu sticl\u0103 de safir rezistent\u0103 la zg\u00e2rieturi, mi\u0219care elve\u021bian\u0103 cu cuar\u021b \u0219i un afi\u0219aj convenabil al datei zilei, ofer\u0103 at\u00e2t fiabilitate, c\u00e2t \u0219i stil.<\/p>\n<p>Rezistent la ap\u0103 p\u00e2n\u0103 la 100 de metri \u0219i meticulos asamblat manual \u00een atelierul COVER, acest ceas reprezint\u0103 precizia elve\u021bian\u0103 la cel mai \u00eenalt nivel.<\/p>","protected":false},"excerpt":{"rendered":"<p>COVER Iconosteel Lady eman\u0103 farmec \u00eendr\u0103zne\u021b \u0219i sofisticare atemporal\u0103. Dispun\u00e2nd de o carcas\u0103 din o\u021bel inoxidabil cu un finisaj uimitor auriu \u0219i argintiu, acest ceas iese \u00een eviden\u021b\u0103 cu cadranul s\u0103u cu raze de soare de un verde intens, \u00eencadrat de un luneta \u0219i o coroan\u0103 canelate aurii. Br\u0103\u021bara argintie din o\u021bel inoxidabil \u00eei spore\u0219te [&hellip;]<\/p>\n","protected":false},"featured_media":58606,"comment_status":"closed","ping_status":"open","template":"","meta":{"_acf_changed":false},"product_brand":[],"product_cat":[25,204],"product_tag":[],"class_list":{"0":"post-58605","1":"product","2":"type-product","3":"status-publish","4":"has-post-thumbnail","6":"product_cat-ceasuri-dama","7":"product_cat-cover","8":"pa_brand-cover","9":"pa_braslet-otel-inoxidabil","10":"pa_corpus-35-mm","11":"pa_decor-cristale-swarowski","12":"pa_forma-rotund","13":"pa_funcii-data","14":"pa_garatia-24-luni","15":"pa_korpus-bicolor","16":"pa_kvarc-quartz","17":"pa_material-otel-inoxidabil","18":"pa_mehanizm-quartz","19":"pa_remeshok-argintiu","20":"pa_steklo-cristal-safir","21":"pa_strana-elvetia","22":"pa_voda-10-atm","24":"first","25":"instock","26":"purchasable","27":"product-type-simple"},"acf":[],"_links":{"self":[{"href":"https:\/\/ceasuri.md\/ru\/wp-json\/wp\/v2\/product\/58605","targetHints":{"allow":["GET"]}}],"collection":[{"href":"https:\/\/ceasuri.md\/ru\/wp-json\/wp\/v2\/product"}],"about":[{"href":"https:\/\/ceasuri.md\/ru\/wp-json\/wp\/v2\/types\/product"}],"replies":[{"embeddable":true,"href":"https:\/\/ceasuri.md\/ru\/wp-json\/wp\/v2\/comments?post=58605"}],"wp:featuredmedia":[{"embeddable":true,"href":"https:\/\/ceasuri.md\/ru\/wp-json\/wp\/v2\/media\/58606"}],"wp:attachment":[{"href":"https:\/\/ceasuri.md\/ru\/wp-json\/wp\/v2\/media?parent=58605"}],"wp:term":[{"taxonomy":"product_brand","embeddable":true,"href":"https:\/\/ceasuri.md\/ru\/wp-json\/wp\/v2\/product_brand?post=58605"},{"taxonomy":"product_cat","embeddable":true,"href":"https:\/\/ceasuri.md\/ru\/wp-json\/wp\/v2\/product_cat?post=58605"},{"taxonomy":"product_tag","embeddable":true,"href":"https:\/\/ceasuri.md\/ru\/wp-json\/wp\/v2\/product_tag?post=58605"}],"curies":[{"name":"wp","href":"https:\/\/api.w.org\/{rel}","templated":true}]}}