{"id":58603,"date":"2026-04-03T00:52:18","date_gmt":"2026-04-02T21:52:18","guid":{"rendered":"http:\/\/new.ceasuri.md\/shop\/uncategorized\/cover-iconosteel-lady-co223-04\/"},"modified":"2026-04-20T01:49:32","modified_gmt":"2026-04-19T22:49:32","slug":"cover-iconosteel-lady-co223-04","status":"publish","type":"product","link":"https:\/\/ceasuri.md\/ru\/shop\/branduri\/cover\/cover-iconosteel-lady-co223-04\/","title":{"rendered":"\u0427\u0430\u0441\u044b COVER ICONOSTEEL LADY CO223.04"},"content":{"rendered":"<p>Iconosteel Lady combin\u0103 sofisticarea contemporan\u0103 cu o not\u0103 r\u0103coritoare de culoare.<\/p>\n<p>Carcasa sa din o\u021bel inoxidabil prezint\u0103 un amestec elegant de tonuri aurii \u0219i argintii, cu un luneta \u0219i o coroan\u0103 canelate aurii care accentueaz\u0103 frumos cadranul verde deschis cu raze de soare. Br\u0103\u021bara argintie din o\u021bel inoxidabil completeaz\u0103 designul armonios, f\u0103c\u00e2nd acest ceas \u0219ic f\u0103r\u0103 efort.<\/p>\n<p>Indicatoarele orare din cristal adaug\u0103 o str\u0103lucire rafinat\u0103 cadranului, \u00een timp ce m\u00e2inile luminoase asigur\u0103 func\u021bionalitatea \u00een orice lumin\u0103.<\/p>\n<p>Conceput pentru a se adapta perfect de la set\u0103rile casual la \u021binuta de afaceri, acest ceas iconic pentru femei atinge echilibrul perfect \u00eentre elegan\u021b\u0103 \u0219i versatilitate.<\/p>\n<p>Protejat de o sticl\u0103 de safir rezistent\u0103 la zg\u00e2rieturi, alimentat de o mi\u0219care elve\u021bian\u0103 cu cuar\u021b \u0219i echipat cu un afi\u0219aj cu data zilei, Iconosteel Lady este at\u00e2t durabil, c\u00e2t \u0219i elegant.<\/p>\n<p>Asamblat manual \u00een atelierul COVER \u0219i rezistent la ap\u0103 p\u00e2n\u0103 la 100 de metri, acesta reflect\u0103 precizia \u0219i calitatea me\u0219te\u0219ugului elve\u021bian.<\/p>","protected":false},"excerpt":{"rendered":"<p>Iconosteel Lady combin\u0103 sofisticarea contemporan\u0103 cu o not\u0103 r\u0103coritoare de culoare. Carcasa sa din o\u021bel inoxidabil prezint\u0103 un amestec elegant de tonuri aurii \u0219i argintii, cu un luneta \u0219i o coroan\u0103 canelate aurii care accentueaz\u0103 frumos cadranul verde deschis cu raze de soare. Br\u0103\u021bara argintie din o\u021bel inoxidabil completeaz\u0103 designul armonios, f\u0103c\u00e2nd acest ceas \u0219ic [&hellip;]<\/p>\n","protected":false},"featured_media":58604,"comment_status":"closed","ping_status":"open","template":"","meta":{"_acf_changed":false},"product_brand":[],"product_cat":[25,204],"product_tag":[],"class_list":{"0":"post-58603","1":"product","2":"type-product","3":"status-publish","4":"has-post-thumbnail","6":"product_cat-ceasuri-dama","7":"product_cat-cover","8":"pa_brand-cover","9":"pa_braslet-otel-inoxidabil","10":"pa_corpus-35-mm","11":"pa_decor-cristale-swarowski","12":"pa_forma-rotund","13":"pa_funcii-data","14":"pa_garatia-24-luni","15":"pa_korpus-bicolor","16":"pa_kvarc-quartz","17":"pa_material-otel-inoxidabil","18":"pa_mehanizm-quartz","19":"pa_remeshok-argintiu","20":"pa_steklo-cristal-safir","21":"pa_strana-elvetia","22":"pa_voda-10-atm","24":"first","25":"instock","26":"purchasable","27":"product-type-simple"},"acf":[],"_links":{"self":[{"href":"https:\/\/ceasuri.md\/ru\/wp-json\/wp\/v2\/product\/58603","targetHints":{"allow":["GET"]}}],"collection":[{"href":"https:\/\/ceasuri.md\/ru\/wp-json\/wp\/v2\/product"}],"about":[{"href":"https:\/\/ceasuri.md\/ru\/wp-json\/wp\/v2\/types\/product"}],"replies":[{"embeddable":true,"href":"https:\/\/ceasuri.md\/ru\/wp-json\/wp\/v2\/comments?post=58603"}],"wp:featuredmedia":[{"embeddable":true,"href":"https:\/\/ceasuri.md\/ru\/wp-json\/wp\/v2\/media\/58604"}],"wp:attachment":[{"href":"https:\/\/ceasuri.md\/ru\/wp-json\/wp\/v2\/media?parent=58603"}],"wp:term":[{"taxonomy":"product_brand","embeddable":true,"href":"https:\/\/ceasuri.md\/ru\/wp-json\/wp\/v2\/product_brand?post=58603"},{"taxonomy":"product_cat","embeddable":true,"href":"https:\/\/ceasuri.md\/ru\/wp-json\/wp\/v2\/product_cat?post=58603"},{"taxonomy":"product_tag","embeddable":true,"href":"https:\/\/ceasuri.md\/ru\/wp-json\/wp\/v2\/product_tag?post=58603"}],"curies":[{"name":"wp","href":"https:\/\/api.w.org\/{rel}","templated":true}]}}