{"id":58599,"date":"2025-04-22T13:49:41","date_gmt":"2025-04-22T10:49:41","guid":{"rendered":"http:\/\/new.ceasuri.md\/shop\/uncategorized\/cover-iconosteel-lady-co223-05\/"},"modified":"2026-05-01T19:23:28","modified_gmt":"2026-05-01T16:23:28","slug":"cover-iconosteel-lady-co223-05","status":"publish","type":"product","link":"https:\/\/ceasuri.md\/ru\/shop\/branduri\/cover\/cover-iconosteel-lady-co223-05\/","title":{"rendered":"\u0427\u0430\u0441\u044b COVER ICONOSTEEL LADY CO223.05"},"content":{"rendered":"<p>COVER Iconosteel Lady este un amestec izbitor de design modern \u0219i elegan\u021b\u0103 atemporal\u0103.<\/p>\n<p>Carcasa sa din o\u021bel inoxidabil prezint\u0103 un amestec armonios de tonuri aurii \u0219i argintii, cu un luneta \u0219i o coroan\u0103 aurii canelate care completeaz\u0103 cadranul auriu cu raze de soare. Br\u0103\u021bara elegant\u0103 argintie din o\u021bel inoxidabil ofer\u0103 contrastul perfect, sporind stilul versatil al ceasului.<\/p>\n<p>Indicatoarele orare din cristale str\u0103lucitoare \u00eempodobesc cadranul, ad\u0103ug\u00e2nd o not\u0103 rafinat\u0103 acestui ceas \u00eendr\u0103zne\u021b.<\/p>\n<p>Conceput pentru femeile care apreciaz\u0103 at\u00e2t func\u021bia, c\u00e2t \u0219i stilul, acest ceas trece f\u0103r\u0103 efort de la \u021binuta casual la cea business.<\/p>\n<p>Caracteristicile cheie includ m\u00e2ini luminoase pentru o vizibilitate sporit\u0103, o sticl\u0103 de safir rezistent\u0103 la zg\u00e2rieturi \u0219i o mi\u0219care elve\u021bian\u0103 cu cuar\u021b cu afi\u0219aj pentru data zilei.<\/p>\n<p>Rezistent la ap\u0103 p\u00e2n\u0103 la 100 de metri \u0219i asamblat manual \u00een atelierul COVER, acest ceas fabricat \u00een Elve\u021bia exemplific\u0103 cea mai bun\u0103 m\u0103iestrie \u0219i durabilitate.<\/p>","protected":false},"excerpt":{"rendered":"<p>COVER Iconosteel Lady este un amestec izbitor de design modern \u0219i elegan\u021b\u0103 atemporal\u0103. Carcasa sa din o\u021bel inoxidabil prezint\u0103 un amestec armonios de tonuri aurii \u0219i argintii, cu un luneta \u0219i o coroan\u0103 aurii canelate care completeaz\u0103 cadranul auriu cu raze de soare. Br\u0103\u021bara elegant\u0103 argintie din o\u021bel inoxidabil ofer\u0103 contrastul perfect, sporind stilul versatil [&hellip;]<\/p>\n","protected":false},"featured_media":58600,"comment_status":"closed","ping_status":"open","template":"","meta":{"_acf_changed":false},"product_brand":[],"product_cat":[25,204],"product_tag":[],"class_list":{"0":"post-58599","1":"product","2":"type-product","3":"status-publish","4":"has-post-thumbnail","6":"product_cat-ceasuri-dama","7":"product_cat-cover","8":"pa_brand-cover","9":"pa_braslet-otel-inoxidabil","10":"pa_corpus-35-mm","11":"pa_decor-cristale-swarowski","12":"pa_forma-rotund","13":"pa_funcii-data","14":"pa_garatia-24-luni","15":"pa_korpus-bicolor","16":"pa_kvarc-quartz","17":"pa_material-otel-inoxidabil","18":"pa_mehanizm-quartz","19":"pa_remeshok-argintiu","20":"pa_steklo-cristal-safir","21":"pa_strana-elvetia","22":"pa_voda-10-atm","24":"first","25":"instock","26":"purchasable","27":"product-type-simple"},"acf":[],"_links":{"self":[{"href":"https:\/\/ceasuri.md\/ru\/wp-json\/wp\/v2\/product\/58599","targetHints":{"allow":["GET"]}}],"collection":[{"href":"https:\/\/ceasuri.md\/ru\/wp-json\/wp\/v2\/product"}],"about":[{"href":"https:\/\/ceasuri.md\/ru\/wp-json\/wp\/v2\/types\/product"}],"replies":[{"embeddable":true,"href":"https:\/\/ceasuri.md\/ru\/wp-json\/wp\/v2\/comments?post=58599"}],"wp:featuredmedia":[{"embeddable":true,"href":"https:\/\/ceasuri.md\/ru\/wp-json\/wp\/v2\/media\/58600"}],"wp:attachment":[{"href":"https:\/\/ceasuri.md\/ru\/wp-json\/wp\/v2\/media?parent=58599"}],"wp:term":[{"taxonomy":"product_brand","embeddable":true,"href":"https:\/\/ceasuri.md\/ru\/wp-json\/wp\/v2\/product_brand?post=58599"},{"taxonomy":"product_cat","embeddable":true,"href":"https:\/\/ceasuri.md\/ru\/wp-json\/wp\/v2\/product_cat?post=58599"},{"taxonomy":"product_tag","embeddable":true,"href":"https:\/\/ceasuri.md\/ru\/wp-json\/wp\/v2\/product_tag?post=58599"}],"curies":[{"name":"wp","href":"https:\/\/api.w.org\/{rel}","templated":true}]}}