{"id":58594,"date":"2026-04-03T00:52:18","date_gmt":"2026-04-02T21:52:18","guid":{"rendered":"http:\/\/new.ceasuri.md\/shop\/uncategorized\/cover-iconosteel-lady-co223-06\/"},"modified":"2026-04-20T01:49:33","modified_gmt":"2026-04-19T22:49:33","slug":"cover-iconosteel-lady-co223-06","status":"publish","type":"product","link":"https:\/\/ceasuri.md\/ru\/shop\/branduri\/cover\/cover-iconosteel-lady-co223-06\/","title":{"rendered":"\u0427\u0430\u0441\u044b COVER ICONOSTEEL LADY CO223.06"},"content":{"rendered":"<p>Realizat cu o carcas\u0103 \u0219i o br\u0103\u021bar\u0103 din o\u021bel inoxidabil placat cu aur, acesta prezint\u0103 forma iconic\u0103 Iconosteel: un cadran circular \u00eencadrat de o carcas\u0103 cu margini elegante, drepte \u0219i un luneta fin canelat\u0103.<\/p>\n<p>Cadranul auriu cu raze de soare este \u00eempodobit cu indicatoare orare din cristal str\u0103lucitor, aduc\u00e2nd o not\u0103 de rafinament acestui ceas.<\/p>\n<p>Conceput pentru versatilitate, ceasul trece f\u0103r\u0103 efort de la \u021binuta casual la cea business, devenind un companion de \u00eencredere pentru aventurile zilnice.<\/p>\n<p>Caracteristicile cheie includ m\u00e2ini luminoase pentru vizibilitate \u00een orice lumin\u0103, o sticl\u0103 de safir rezistent\u0103 la zg\u00e2rieturi \u0219i o mi\u0219care cu cuar\u021b elve\u021bian cu un afi\u0219aj day-date.<\/p>\n<p>Rezistent la ap\u0103 p\u00e2n\u0103 la 100 de metri \u0219i asamblat manual \u00een atelierul COVER, acest ceas este o dovad\u0103 a m\u0103iestriei elve\u021biene.<\/p>\n<p>Ceasul Iconosteel Lady este o pies\u0103 iconic\u0103 conceput\u0103 pentru femeile care apreciaz\u0103 stilul, versatilitatea \u0219i fiabilitatea.<\/p>","protected":false},"excerpt":{"rendered":"<p>Realizat cu o carcas\u0103 \u0219i o br\u0103\u021bar\u0103 din o\u021bel inoxidabil placat cu aur, acesta prezint\u0103 forma iconic\u0103 Iconosteel: un cadran circular \u00eencadrat de o carcas\u0103 cu margini elegante, drepte \u0219i un luneta fin canelat\u0103. Cadranul auriu cu raze de soare este \u00eempodobit cu indicatoare orare din cristal str\u0103lucitor, aduc\u00e2nd o not\u0103 de rafinament acestui ceas. [&hellip;]<\/p>\n","protected":false},"featured_media":58595,"comment_status":"closed","ping_status":"open","template":"","meta":{"_acf_changed":false},"product_brand":[],"product_cat":[25,204],"product_tag":[],"class_list":{"0":"post-58594","1":"product","2":"type-product","3":"status-publish","4":"has-post-thumbnail","6":"product_cat-ceasuri-dama","7":"product_cat-cover","8":"pa_brand-cover","9":"pa_braslet-otel-inoxidabil","10":"pa_corpus-35-mm","11":"pa_decor-cristale-swarowski","12":"pa_forma-rotund","13":"pa_funcii-data","14":"pa_garatia-24-luni","15":"pa_korpus-auriu","16":"pa_kvarc-quartz","17":"pa_material-otel-inoxidabil","18":"pa_mehanizm-quartz","19":"pa_remeshok-auriu","20":"pa_steklo-cristal-safir","21":"pa_strana-elvetia","22":"pa_voda-10-atm","24":"first","25":"instock","26":"purchasable","27":"product-type-simple"},"acf":[],"_links":{"self":[{"href":"https:\/\/ceasuri.md\/ru\/wp-json\/wp\/v2\/product\/58594","targetHints":{"allow":["GET"]}}],"collection":[{"href":"https:\/\/ceasuri.md\/ru\/wp-json\/wp\/v2\/product"}],"about":[{"href":"https:\/\/ceasuri.md\/ru\/wp-json\/wp\/v2\/types\/product"}],"replies":[{"embeddable":true,"href":"https:\/\/ceasuri.md\/ru\/wp-json\/wp\/v2\/comments?post=58594"}],"wp:featuredmedia":[{"embeddable":true,"href":"https:\/\/ceasuri.md\/ru\/wp-json\/wp\/v2\/media\/58595"}],"wp:attachment":[{"href":"https:\/\/ceasuri.md\/ru\/wp-json\/wp\/v2\/media?parent=58594"}],"wp:term":[{"taxonomy":"product_brand","embeddable":true,"href":"https:\/\/ceasuri.md\/ru\/wp-json\/wp\/v2\/product_brand?post=58594"},{"taxonomy":"product_cat","embeddable":true,"href":"https:\/\/ceasuri.md\/ru\/wp-json\/wp\/v2\/product_cat?post=58594"},{"taxonomy":"product_tag","embeddable":true,"href":"https:\/\/ceasuri.md\/ru\/wp-json\/wp\/v2\/product_tag?post=58594"}],"curies":[{"name":"wp","href":"https:\/\/api.w.org\/{rel}","templated":true}]}}