{"id":58589,"date":"2026-04-03T00:52:18","date_gmt":"2026-04-02T21:52:18","guid":{"rendered":"http:\/\/new.ceasuri.md\/shop\/uncategorized\/cover-valentina-co224-01\/"},"modified":"2026-04-20T01:49:34","modified_gmt":"2026-04-19T22:49:34","slug":"cover-valentina-co224-01","status":"publish","type":"product","link":"https:\/\/ceasuri.md\/ru\/shop\/branduri\/cover\/cover-valentina-co224-01\/","title":{"rendered":"\u0427\u0430\u0441\u044b COVER VALENTINA CO224.01"},"content":{"rendered":"<p>Carcasa \u0219i br\u0103\u021bara sa din o\u021bel inoxidabil argintiu lustruit sunt completate frumos de cadranul albastru izbitor din nuc\u0103 de perle.<\/p>\n<p>Luneta argintie canelat\u0103 \u0219i indicatoarele orare din cristal orbitor creeaz\u0103 un aspect elegant f\u0103r\u0103 efort.<\/p>\n<p>Cu o carcas\u0103 compact\u0103 de 30 mm \u0219i o grosime de 8,3 mm, acest mini ceas elve\u021bian elegant este perfect pentru cei care apreciaz\u0103 sofisticarea subtil\u0103.<\/p>\n<p>Alimentat de o mi\u0219care precis\u0103 cu cuar\u021b, este at\u00e2t fiabil, c\u00e2t \u0219i elegant.<\/p>\n<p>Sticla de safir rezistent\u0103 la zg\u00e2rieturi asigur\u0103 c\u0103 r\u0103m\u00e2ne impecabil \u00een timp.<\/p>\n<p>Asamblat manual \u00een Elve\u021bia, acest ceas pentru femei reflect\u0103 m\u0103iestrie \u0219i durabilitate de neegalat.<\/p>","protected":false},"excerpt":{"rendered":"<p>Carcasa \u0219i br\u0103\u021bara sa din o\u021bel inoxidabil argintiu lustruit sunt completate frumos de cadranul albastru izbitor din nuc\u0103 de perle. Luneta argintie canelat\u0103 \u0219i indicatoarele orare din cristal orbitor creeaz\u0103 un aspect elegant f\u0103r\u0103 efort. Cu o carcas\u0103 compact\u0103 de 30 mm \u0219i o grosime de 8,3 mm, acest mini ceas elve\u021bian elegant este perfect [&hellip;]<\/p>\n","protected":false},"featured_media":58590,"comment_status":"closed","ping_status":"open","template":"","meta":{"_acf_changed":false},"product_brand":[],"product_cat":[25,204],"product_tag":[],"class_list":{"0":"post-58589","1":"product","2":"type-product","3":"status-publish","4":"has-post-thumbnail","6":"product_cat-ceasuri-dama","7":"product_cat-cover","8":"pa_brand-cover","9":"pa_braslet-otel-inoxidabil","10":"pa_corpus-30-mm","11":"pa_decor-cristale-swarowski","12":"pa_forma-rotund","13":"pa_garatia-24-luni","14":"pa_korpus-argintiu","15":"pa_kvarc-quartz","16":"pa_material-otel-inoxidabil","17":"pa_mehanizm-quartz","18":"pa_remeshok-argintiu","19":"pa_steklo-cristal-safir","20":"pa_strana-elvetia","21":"pa_voda-5-atm","23":"first","24":"instock","25":"purchasable","26":"product-type-simple"},"acf":[],"_links":{"self":[{"href":"https:\/\/ceasuri.md\/ru\/wp-json\/wp\/v2\/product\/58589","targetHints":{"allow":["GET"]}}],"collection":[{"href":"https:\/\/ceasuri.md\/ru\/wp-json\/wp\/v2\/product"}],"about":[{"href":"https:\/\/ceasuri.md\/ru\/wp-json\/wp\/v2\/types\/product"}],"replies":[{"embeddable":true,"href":"https:\/\/ceasuri.md\/ru\/wp-json\/wp\/v2\/comments?post=58589"}],"wp:featuredmedia":[{"embeddable":true,"href":"https:\/\/ceasuri.md\/ru\/wp-json\/wp\/v2\/media\/58590"}],"wp:attachment":[{"href":"https:\/\/ceasuri.md\/ru\/wp-json\/wp\/v2\/media?parent=58589"}],"wp:term":[{"taxonomy":"product_brand","embeddable":true,"href":"https:\/\/ceasuri.md\/ru\/wp-json\/wp\/v2\/product_brand?post=58589"},{"taxonomy":"product_cat","embeddable":true,"href":"https:\/\/ceasuri.md\/ru\/wp-json\/wp\/v2\/product_cat?post=58589"},{"taxonomy":"product_tag","embeddable":true,"href":"https:\/\/ceasuri.md\/ru\/wp-json\/wp\/v2\/product_tag?post=58589"}],"curies":[{"name":"wp","href":"https:\/\/api.w.org\/{rel}","templated":true}]}}