{"id":58587,"date":"2026-04-03T00:52:18","date_gmt":"2026-04-02T21:52:18","guid":{"rendered":"http:\/\/new.ceasuri.md\/shop\/uncategorized\/cover-valentina-co224-02\/"},"modified":"2026-04-20T01:49:34","modified_gmt":"2026-04-19T22:49:34","slug":"cover-valentina-co224-02","status":"publish","type":"product","link":"https:\/\/ceasuri.md\/ru\/shop\/branduri\/cover\/cover-valentina-co224-02\/","title":{"rendered":"\u0427\u0430\u0441\u044b COVER VALENTINA CO224.02"},"content":{"rendered":"<p>Carcasa \u0219i br\u0103\u021bara din o\u021bel inoxidabil auriu \u0219i argintiu \u00een dou\u0103 tonuri se \u00eembin\u0103 perfect cu cadranul radiant din nuc\u0103 de perl\u0103 alb\u0103.<\/p>\n<p>Luneta canelat\u0103 aurie \u0219i indicatoarele orare din cristal str\u0103lucitor adaug\u0103 o not\u0103 clasic\u0103, dar modern\u0103.<\/p>\n<p>M\u0103sur\u00e2nd 30 mm \u00een diametru \u0219i 8,3 mm \u00een grosime, acest mini ceas elve\u021bian elegant este un accesoriu rafinat pentru orice ocazie.<\/p>\n<p>Mi\u0219carea sa precis\u0103 cu cuar\u021b asigur\u0103 o cronometrare precis\u0103 \u0219i fiabil\u0103.<\/p>\n<p>Sticla safir rezistent\u0103 la zg\u00e2rieturi \u00eei spore\u0219te longevitatea, f\u0103c\u00e2ndu-l un accesoriu atemporal pentru colec\u021bia dvs.<\/p>\n<p>Meticulos lucrat manual \u00een Elve\u021bia, acest mic ceas de dam\u0103 bicolor este o m\u0103rturie a calit\u0103\u021bii excep\u021bionale.<\/p>","protected":false},"excerpt":{"rendered":"<p>Carcasa \u0219i br\u0103\u021bara din o\u021bel inoxidabil auriu \u0219i argintiu \u00een dou\u0103 tonuri se \u00eembin\u0103 perfect cu cadranul radiant din nuc\u0103 de perl\u0103 alb\u0103. Luneta canelat\u0103 aurie \u0219i indicatoarele orare din cristal str\u0103lucitor adaug\u0103 o not\u0103 clasic\u0103, dar modern\u0103. M\u0103sur\u00e2nd 30 mm \u00een diametru \u0219i 8,3 mm \u00een grosime, acest mini ceas elve\u021bian elegant este un [&hellip;]<\/p>\n","protected":false},"featured_media":58588,"comment_status":"closed","ping_status":"open","template":"","meta":{"_acf_changed":false},"product_brand":[],"product_cat":[25,204],"product_tag":[],"class_list":{"0":"post-58587","1":"product","2":"type-product","3":"status-publish","4":"has-post-thumbnail","6":"product_cat-ceasuri-dama","7":"product_cat-cover","8":"pa_brand-cover","9":"pa_braslet-otel-inoxidabil","10":"pa_corpus-30-mm","11":"pa_decor-cristale-swarowski","12":"pa_forma-rotund","13":"pa_garatia-24-luni","14":"pa_korpus-bicolor","15":"pa_kvarc-quartz","16":"pa_material-otel-inoxidabil","17":"pa_mehanizm-quartz","18":"pa_remeshok-bicolor","19":"pa_steklo-cristal-safir","20":"pa_strana-elvetia","21":"pa_voda-5-atm","23":"first","24":"instock","25":"purchasable","26":"product-type-simple"},"acf":[],"_links":{"self":[{"href":"https:\/\/ceasuri.md\/ru\/wp-json\/wp\/v2\/product\/58587","targetHints":{"allow":["GET"]}}],"collection":[{"href":"https:\/\/ceasuri.md\/ru\/wp-json\/wp\/v2\/product"}],"about":[{"href":"https:\/\/ceasuri.md\/ru\/wp-json\/wp\/v2\/types\/product"}],"replies":[{"embeddable":true,"href":"https:\/\/ceasuri.md\/ru\/wp-json\/wp\/v2\/comments?post=58587"}],"wp:featuredmedia":[{"embeddable":true,"href":"https:\/\/ceasuri.md\/ru\/wp-json\/wp\/v2\/media\/58588"}],"wp:attachment":[{"href":"https:\/\/ceasuri.md\/ru\/wp-json\/wp\/v2\/media?parent=58587"}],"wp:term":[{"taxonomy":"product_brand","embeddable":true,"href":"https:\/\/ceasuri.md\/ru\/wp-json\/wp\/v2\/product_brand?post=58587"},{"taxonomy":"product_cat","embeddable":true,"href":"https:\/\/ceasuri.md\/ru\/wp-json\/wp\/v2\/product_cat?post=58587"},{"taxonomy":"product_tag","embeddable":true,"href":"https:\/\/ceasuri.md\/ru\/wp-json\/wp\/v2\/product_tag?post=58587"}],"curies":[{"name":"wp","href":"https:\/\/api.w.org\/{rel}","templated":true}]}}