{"id":58583,"date":"2026-04-03T00:52:18","date_gmt":"2026-04-02T21:52:18","guid":{"rendered":"http:\/\/new.ceasuri.md\/shop\/uncategorized\/cover-valentina-co224-03\/"},"modified":"2026-04-20T01:49:35","modified_gmt":"2026-04-19T22:49:35","slug":"cover-valentina-co224-03","status":"publish","type":"product","link":"https:\/\/ceasuri.md\/ru\/shop\/branduri\/cover\/cover-valentina-co224-03\/","title":{"rendered":"\u0427\u0430\u0441\u044b COVER VALENTINA CO224.03"},"content":{"rendered":"<p>Dispun\u00e2nd de o carcas\u0103 \u0219i o br\u0103\u021bar\u0103 din o\u021bel inoxidabil auriu \u0219i argintiu \u00een dou\u0103 tonuri, acesta este perfect completat de un cadran hipnotizant din nacre verzi.<\/p>\n<p>Luneta canelat\u0103 aurie \u0219i indicatoarele orare din cristal str\u0103lucitor adaug\u0103 un finisaj luxos acestui ceas atr\u0103g\u0103tor.<\/p>\n<p>Cu diametrul s\u0103u de 30 mm acest mini ceas elve\u021bian elegant ofer\u0103 echilibrul perfect \u00eentre stil \u0219i purtabilitate.<\/p>\n<p>Sticla de safir rezistent\u0103 la zg\u00e2rieturi asigur\u0103 faptul c\u0103 r\u0103m\u00e2ne la fel de frumos ca \u00een prima zi \u00een care l-a\u021bi purtat.<\/p>\n<p>Echipat cu mi\u0219care cu cuar\u021b, acesta ofer\u0103 performan\u021be fiabile pentru utilizarea zilnic\u0103.<\/p>\n<p>Asamblat manual \u00een Elve\u021bia, acest ceas bicolor pentru femei este construit la cele mai \u00eenalte standarde de m\u0103iestrie \u0219i durabilitate.<\/p>","protected":false},"excerpt":{"rendered":"<p>Dispun\u00e2nd de o carcas\u0103 \u0219i o br\u0103\u021bar\u0103 din o\u021bel inoxidabil auriu \u0219i argintiu \u00een dou\u0103 tonuri, acesta este perfect completat de un cadran hipnotizant din nacre verzi. Luneta canelat\u0103 aurie \u0219i indicatoarele orare din cristal str\u0103lucitor adaug\u0103 un finisaj luxos acestui ceas atr\u0103g\u0103tor. Cu diametrul s\u0103u de 30 mm acest mini ceas elve\u021bian elegant ofer\u0103 [&hellip;]<\/p>\n","protected":false},"featured_media":58584,"comment_status":"closed","ping_status":"open","template":"","meta":{"_acf_changed":false},"product_brand":[],"product_cat":[25,204],"product_tag":[],"class_list":{"0":"post-58583","1":"product","2":"type-product","3":"status-publish","4":"has-post-thumbnail","6":"product_cat-ceasuri-dama","7":"product_cat-cover","8":"pa_brand-cover","9":"pa_braslet-otel-inoxidabil","10":"pa_corpus-30-mm","11":"pa_decor-cristale-swarowski","12":"pa_forma-rotund","13":"pa_garatia-24-luni","14":"pa_korpus-bicolor","15":"pa_kvarc-quartz","16":"pa_material-otel-inoxidabil","17":"pa_mehanizm-quartz","18":"pa_remeshok-bicolor","19":"pa_steklo-cristal-safir","20":"pa_strana-elvetia","21":"pa_voda-5-atm","23":"first","24":"instock","25":"purchasable","26":"product-type-simple"},"acf":[],"_links":{"self":[{"href":"https:\/\/ceasuri.md\/ru\/wp-json\/wp\/v2\/product\/58583","targetHints":{"allow":["GET"]}}],"collection":[{"href":"https:\/\/ceasuri.md\/ru\/wp-json\/wp\/v2\/product"}],"about":[{"href":"https:\/\/ceasuri.md\/ru\/wp-json\/wp\/v2\/types\/product"}],"replies":[{"embeddable":true,"href":"https:\/\/ceasuri.md\/ru\/wp-json\/wp\/v2\/comments?post=58583"}],"wp:featuredmedia":[{"embeddable":true,"href":"https:\/\/ceasuri.md\/ru\/wp-json\/wp\/v2\/media\/58584"}],"wp:attachment":[{"href":"https:\/\/ceasuri.md\/ru\/wp-json\/wp\/v2\/media?parent=58583"}],"wp:term":[{"taxonomy":"product_brand","embeddable":true,"href":"https:\/\/ceasuri.md\/ru\/wp-json\/wp\/v2\/product_brand?post=58583"},{"taxonomy":"product_cat","embeddable":true,"href":"https:\/\/ceasuri.md\/ru\/wp-json\/wp\/v2\/product_cat?post=58583"},{"taxonomy":"product_tag","embeddable":true,"href":"https:\/\/ceasuri.md\/ru\/wp-json\/wp\/v2\/product_tag?post=58583"}],"curies":[{"name":"wp","href":"https:\/\/api.w.org\/{rel}","templated":true}]}}