{"id":58578,"date":"2026-04-03T00:52:18","date_gmt":"2026-04-02T21:52:18","guid":{"rendered":"http:\/\/new.ceasuri.md\/shop\/uncategorized\/cover-valentina-co224-04\/"},"modified":"2026-04-20T01:49:35","modified_gmt":"2026-04-19T22:49:35","slug":"cover-valentina-co224-04","status":"publish","type":"product","link":"https:\/\/ceasuri.md\/ru\/shop\/branduri\/cover\/cover-valentina-co224-04\/","title":{"rendered":"\u0427\u0430\u0441\u044b COVER VALENTINA CO224.04"},"content":{"rendered":"<p>Carcasa sa bicolor\u0103 din o\u021bel inoxidabil din aur roz \u0219i argintiu se potrive\u0219te de minune cu cadranul alb luminos din nuc\u0103 de perle.<\/p>\n<p>Luneta canelat\u0103 din aur roz \u0219i indicatoarele orare din cristal adaug\u0103 o not\u0103 de farmec acestui ceas sofisticat.<\/p>\n<p>Proiectat cu un diametru al carcasei de 30 mm \u0219i o grosime de 8,3 mm, acest mini ceas elve\u021bian elegant este perfect at\u00e2t pentru ocaziile formale, c\u00e2t \u0219i pentru \u021binutele casual.<\/p>\n<p>Mi\u0219carea fiabil\u0103 cu cuar\u021b asigur\u0103 o cronometrare precis\u0103.<\/p>\n<p>Protejat de sticl\u0103 safir durabil\u0103, acesta ofer\u0103 at\u00e2t lux, c\u00e2t \u0219i func\u021bionalitate.<\/p>\n<p>Fabricat manual \u00een Elve\u021bia, acest ceas de dam\u0103 bicolor reflect\u0103 o calitate excep\u021bional\u0103 \u0219i aten\u021bie la detalii.<\/p>","protected":false},"excerpt":{"rendered":"<p>Carcasa sa bicolor\u0103 din o\u021bel inoxidabil din aur roz \u0219i argintiu se potrive\u0219te de minune cu cadranul alb luminos din nuc\u0103 de perle. Luneta canelat\u0103 din aur roz \u0219i indicatoarele orare din cristal adaug\u0103 o not\u0103 de farmec acestui ceas sofisticat. Proiectat cu un diametru al carcasei de 30 mm \u0219i o grosime de 8,3 [&hellip;]<\/p>\n","protected":false},"featured_media":58579,"comment_status":"closed","ping_status":"open","template":"","meta":{"_acf_changed":false},"product_brand":[],"product_cat":[25,204],"product_tag":[],"class_list":{"0":"post-58578","1":"product","2":"type-product","3":"status-publish","4":"has-post-thumbnail","6":"product_cat-ceasuri-dama","7":"product_cat-cover","8":"pa_brand-cover","9":"pa_braslet-otel-inoxidabil","10":"pa_corpus-30-mm","11":"pa_decor-cristale-swarowski","12":"pa_forma-rotund","13":"pa_garatia-24-luni","14":"pa_korpus-bicolor","15":"pa_kvarc-quartz","16":"pa_material-otel-inoxidabil","17":"pa_mehanizm-quartz","18":"pa_remeshok-bicolor","19":"pa_steklo-cristal-safir","20":"pa_strana-elvetia","21":"pa_voda-5-atm","23":"first","24":"instock","25":"purchasable","26":"product-type-simple"},"acf":[],"_links":{"self":[{"href":"https:\/\/ceasuri.md\/ru\/wp-json\/wp\/v2\/product\/58578","targetHints":{"allow":["GET"]}}],"collection":[{"href":"https:\/\/ceasuri.md\/ru\/wp-json\/wp\/v2\/product"}],"about":[{"href":"https:\/\/ceasuri.md\/ru\/wp-json\/wp\/v2\/types\/product"}],"replies":[{"embeddable":true,"href":"https:\/\/ceasuri.md\/ru\/wp-json\/wp\/v2\/comments?post=58578"}],"wp:featuredmedia":[{"embeddable":true,"href":"https:\/\/ceasuri.md\/ru\/wp-json\/wp\/v2\/media\/58579"}],"wp:attachment":[{"href":"https:\/\/ceasuri.md\/ru\/wp-json\/wp\/v2\/media?parent=58578"}],"wp:term":[{"taxonomy":"product_brand","embeddable":true,"href":"https:\/\/ceasuri.md\/ru\/wp-json\/wp\/v2\/product_brand?post=58578"},{"taxonomy":"product_cat","embeddable":true,"href":"https:\/\/ceasuri.md\/ru\/wp-json\/wp\/v2\/product_cat?post=58578"},{"taxonomy":"product_tag","embeddable":true,"href":"https:\/\/ceasuri.md\/ru\/wp-json\/wp\/v2\/product_tag?post=58578"}],"curies":[{"name":"wp","href":"https:\/\/api.w.org\/{rel}","templated":true}]}}