{"id":58574,"date":"2025-04-22T13:49:38","date_gmt":"2025-04-22T10:49:38","guid":{"rendered":"http:\/\/new.ceasuri.md\/shop\/uncategorized\/cover-valentina-co224-05\/"},"modified":"2026-05-01T19:23:15","modified_gmt":"2026-05-01T16:23:15","slug":"cover-valentina-co224-05","status":"publish","type":"product","link":"https:\/\/ceasuri.md\/ru\/shop\/branduri\/cover\/cover-valentina-co224-05\/","title":{"rendered":"\u0427\u0430\u0441\u044b COVER VALENTINA CO224.05"},"content":{"rendered":"<p>Dispun\u00e2nd de o carcas\u0103 \u0219i o br\u0103\u021bar\u0103 din o\u021bel inoxidabil placat cu aur, acest ceas rafinat str\u0103luce\u0219te cu un cadran radiant din nuc\u0103 de perl\u0103 alb\u0103.<\/p>\n<p>Luneta canelat\u0103 caracteristic\u0103 adaug\u0103 o not\u0103 de rafinament, \u00een timp ce indicatoarele orare din cristal str\u0103lucitor \u00eei sporesc farmecul rafinat.<\/p>\n<p>Protejat de o sticl\u0103 de safir rezistent\u0103 la zg\u00e2rieturi, frumuse\u021bea sa este construit\u0103 pentru a dura.<\/p>\n<p>Cu un diametru de 30 mm \u0219i o grosime a carcasei de 8,3 mm, acest mini ceas este accesoriul ideal pentru cei care prefer\u0103 un aspect delicat, dar luxos.<\/p>\n<p>Alimentat de o mi\u0219care precis\u0103 cu cuar\u021b, acesta garanteaz\u0103 o cronometrare fiabil\u0103.<\/p>\n<p>Asamblat manual \u00een atelierul elve\u021bian de orologerie, acest ceas \u00eentruchipeaz\u0103 cele mai \u00eenalte standarde de m\u0103iestrie.<\/p>","protected":false},"excerpt":{"rendered":"<p>Dispun\u00e2nd de o carcas\u0103 \u0219i o br\u0103\u021bar\u0103 din o\u021bel inoxidabil placat cu aur, acest ceas rafinat str\u0103luce\u0219te cu un cadran radiant din nuc\u0103 de perl\u0103 alb\u0103. Luneta canelat\u0103 caracteristic\u0103 adaug\u0103 o not\u0103 de rafinament, \u00een timp ce indicatoarele orare din cristal str\u0103lucitor \u00eei sporesc farmecul rafinat. Protejat de o sticl\u0103 de safir rezistent\u0103 la zg\u00e2rieturi, [&hellip;]<\/p>\n","protected":false},"featured_media":58575,"comment_status":"closed","ping_status":"open","template":"","meta":{"_acf_changed":false},"product_brand":[],"product_cat":[25,204],"product_tag":[],"class_list":{"0":"post-58574","1":"product","2":"type-product","3":"status-publish","4":"has-post-thumbnail","6":"product_cat-ceasuri-dama","7":"product_cat-cover","8":"pa_brand-cover","9":"pa_braslet-otel-inoxidabil","10":"pa_corpus-30-mm","11":"pa_decor-cristale-swarowski","12":"pa_forma-rotund","13":"pa_garatia-24-luni","14":"pa_korpus-auriu","15":"pa_kvarc-quartz","16":"pa_material-otel-inoxidabil","17":"pa_mehanizm-quartz","18":"pa_remeshok-auriu","19":"pa_steklo-cristal-safir","20":"pa_strana-elvetia","21":"pa_voda-5-atm","23":"first","24":"instock","25":"purchasable","26":"product-type-simple"},"acf":[],"_links":{"self":[{"href":"https:\/\/ceasuri.md\/ru\/wp-json\/wp\/v2\/product\/58574","targetHints":{"allow":["GET"]}}],"collection":[{"href":"https:\/\/ceasuri.md\/ru\/wp-json\/wp\/v2\/product"}],"about":[{"href":"https:\/\/ceasuri.md\/ru\/wp-json\/wp\/v2\/types\/product"}],"replies":[{"embeddable":true,"href":"https:\/\/ceasuri.md\/ru\/wp-json\/wp\/v2\/comments?post=58574"}],"wp:featuredmedia":[{"embeddable":true,"href":"https:\/\/ceasuri.md\/ru\/wp-json\/wp\/v2\/media\/58575"}],"wp:attachment":[{"href":"https:\/\/ceasuri.md\/ru\/wp-json\/wp\/v2\/media?parent=58574"}],"wp:term":[{"taxonomy":"product_brand","embeddable":true,"href":"https:\/\/ceasuri.md\/ru\/wp-json\/wp\/v2\/product_brand?post=58574"},{"taxonomy":"product_cat","embeddable":true,"href":"https:\/\/ceasuri.md\/ru\/wp-json\/wp\/v2\/product_cat?post=58574"},{"taxonomy":"product_tag","embeddable":true,"href":"https:\/\/ceasuri.md\/ru\/wp-json\/wp\/v2\/product_tag?post=58574"}],"curies":[{"name":"wp","href":"https:\/\/api.w.org\/{rel}","templated":true}]}}