{"id":58572,"date":"2026-04-03T00:52:18","date_gmt":"2026-04-02T21:52:18","guid":{"rendered":"http:\/\/new.ceasuri.md\/shop\/uncategorized\/cover-arena-automatic-coa225-01\/"},"modified":"2026-04-07T05:01:43","modified_gmt":"2026-04-07T02:01:43","slug":"cover-arena-automatic-coa225-01","status":"publish","type":"product","link":"https:\/\/ceasuri.md\/ru\/shop\/branduri\/cover\/cover-arena-automatic-coa225-01\/","title":{"rendered":"Ceas COVER ARENA AUTOMATIC COA225.01"},"content":{"rendered":"<p>COVER Arena este ceas elve\u021bian automat, care combin\u0103 designul \u00eendr\u0103zne\u021b cu m\u0103iestria de \u00eencredere.<\/p>\n<p>Carcasa din o\u021bel inoxidabil de 42 mm \u00eencadreaz\u0103 un cadran negru cu m\u00e2ini \u0219i indicatoare luminoase, toate protejate de sticl\u0103 de safir rezistent\u0103 la zg\u00e2rieturi.<\/p>\n<p>Fiecare ceas este meticulos asamblat manual \u00een atelierul elve\u021bian al COVER pentru a garanta o calitate \u0219i o precizie excep\u021bionale.<\/p>\n<p>Br\u0103\u021bara sa din o\u021bel inoxidabil lucios \u0219i mat adaug\u0103 sofisticare \u0219i durabilitate.<\/p>\n<p>Propulsat de o mi\u0219care automat\u0103 elve\u021bian\u0103 \u0219i este rezistent la ap\u0103 p\u00e2n\u0103 la 10 ATM.<\/p>","protected":false},"excerpt":{"rendered":"<p>COVER Arena este ceas elve\u021bian automat, care combin\u0103 designul \u00eendr\u0103zne\u021b cu m\u0103iestria de \u00eencredere. Carcasa din o\u021bel inoxidabil de 42 mm \u00eencadreaz\u0103 un cadran negru cu m\u00e2ini \u0219i indicatoare luminoase, toate protejate de sticl\u0103 de safir rezistent\u0103 la zg\u00e2rieturi. Fiecare ceas este meticulos asamblat manual \u00een atelierul elve\u021bian al COVER pentru a garanta o calitate [&hellip;]<\/p>\n","protected":false},"featured_media":58573,"comment_status":"closed","ping_status":"open","template":"","meta":{"_acf_changed":false},"product_brand":[],"product_cat":[20,204],"product_tag":[],"class_list":{"0":"post-58572","1":"product","2":"type-product","3":"status-publish","4":"has-post-thumbnail","6":"product_cat-ceasuri-barbati","7":"product_cat-cover","8":"pa_brand-cover","9":"pa_braslet-otel-inoxidabil","10":"pa_corpus-42-mm","11":"pa_forma-rotund","12":"pa_funcii-data","13":"pa_garatia-24-luni","14":"pa_korpus-argintiu","15":"pa_material-otel-inoxidabil","16":"pa_mehanizm-mecanic","17":"pa_mehanizm-mecanism-automatic","18":"pa_remeshok-argintiu","19":"pa_steklo-cristal-safir","20":"pa_strana-elvetia","21":"pa_voda-10-atm","23":"first","24":"instock","25":"purchasable","26":"product-type-simple"},"acf":[],"_links":{"self":[{"href":"https:\/\/ceasuri.md\/ru\/wp-json\/wp\/v2\/product\/58572","targetHints":{"allow":["GET"]}}],"collection":[{"href":"https:\/\/ceasuri.md\/ru\/wp-json\/wp\/v2\/product"}],"about":[{"href":"https:\/\/ceasuri.md\/ru\/wp-json\/wp\/v2\/types\/product"}],"replies":[{"embeddable":true,"href":"https:\/\/ceasuri.md\/ru\/wp-json\/wp\/v2\/comments?post=58572"}],"wp:featuredmedia":[{"embeddable":true,"href":"https:\/\/ceasuri.md\/ru\/wp-json\/wp\/v2\/media\/58573"}],"wp:attachment":[{"href":"https:\/\/ceasuri.md\/ru\/wp-json\/wp\/v2\/media?parent=58572"}],"wp:term":[{"taxonomy":"product_brand","embeddable":true,"href":"https:\/\/ceasuri.md\/ru\/wp-json\/wp\/v2\/product_brand?post=58572"},{"taxonomy":"product_cat","embeddable":true,"href":"https:\/\/ceasuri.md\/ru\/wp-json\/wp\/v2\/product_cat?post=58572"},{"taxonomy":"product_tag","embeddable":true,"href":"https:\/\/ceasuri.md\/ru\/wp-json\/wp\/v2\/product_tag?post=58572"}],"curies":[{"name":"wp","href":"https:\/\/api.w.org\/{rel}","templated":true}]}}