{"id":58570,"date":"2026-04-03T00:52:18","date_gmt":"2026-04-02T21:52:18","guid":{"rendered":"http:\/\/new.ceasuri.md\/shop\/uncategorized\/cover-arena-automatic-coa225-02\/"},"modified":"2026-04-17T15:16:46","modified_gmt":"2026-04-17T12:16:46","slug":"cover-arena-automatic-coa225-02","status":"publish","type":"product","link":"https:\/\/ceasuri.md\/ru\/shop\/branduri\/cover\/cover-arena-automatic-coa225-02\/","title":{"rendered":"Ceas COVER ARENA AUTOMATIC COA225.02"},"content":{"rendered":"<p>COVER Arena este un elegant ceas elve\u021bian automat care combin\u0103 stilul modern cu m\u0103iestria clasic\u0103 elve\u021bian\u0103.<\/p>\n<p>Cadranul s\u0103u albastru \u00eendr\u0103zne\u021b este \u00eencadrat de o carcas\u0103 \u0219i o br\u0103\u021bar\u0103 din o\u021bel inoxidabil lustruit, cu un centru lustruit \u0219i verigi exterioare mate pentru o atingere rafinat\u0103.<\/p>\n<p>Fabricat manual \u00een Elve\u021bia la atelierul propriu al COVER, acest ceas asigur\u0103 precizie \u0219i durabilitate.<\/p>\n<p>Este rezistent la ap\u0103 p\u00e2n\u0103 la 10 ATM \u0219i protejat de sticl\u0103 de safir.<\/p>\n<p>Este perfect pentru \u021binutele casual \u0219i de afaceri deopotriv\u0103.<\/p>","protected":false},"excerpt":{"rendered":"<p>COVER Arena este un elegant ceas elve\u021bian automat care combin\u0103 stilul modern cu m\u0103iestria clasic\u0103 elve\u021bian\u0103. Cadranul s\u0103u albastru \u00eendr\u0103zne\u021b este \u00eencadrat de o carcas\u0103 \u0219i o br\u0103\u021bar\u0103 din o\u021bel inoxidabil lustruit, cu un centru lustruit \u0219i verigi exterioare mate pentru o atingere rafinat\u0103. Fabricat manual \u00een Elve\u021bia la atelierul propriu al COVER, acest ceas [&hellip;]<\/p>\n","protected":false},"featured_media":58571,"comment_status":"closed","ping_status":"open","template":"","meta":{"_acf_changed":false},"product_brand":[],"product_cat":[20,204],"product_tag":[],"class_list":{"0":"post-58570","1":"product","2":"type-product","3":"status-publish","4":"has-post-thumbnail","6":"product_cat-ceasuri-barbati","7":"product_cat-cover","8":"pa_brand-cover","9":"pa_braslet-otel-inoxidabil","10":"pa_corpus-42-mm","11":"pa_forma-rotund","12":"pa_funcii-data","13":"pa_garatia-24-luni","14":"pa_korpus-argintiu","15":"pa_material-otel-inoxidabil","16":"pa_mehanizm-mecanic","17":"pa_mehanizm-mecanism-automatic","18":"pa_remeshok-argintiu","19":"pa_steklo-cristal-safir","20":"pa_strana-elvetia","21":"pa_voda-10-atm","23":"first","24":"instock","25":"purchasable","26":"product-type-simple"},"acf":[],"_links":{"self":[{"href":"https:\/\/ceasuri.md\/ru\/wp-json\/wp\/v2\/product\/58570","targetHints":{"allow":["GET"]}}],"collection":[{"href":"https:\/\/ceasuri.md\/ru\/wp-json\/wp\/v2\/product"}],"about":[{"href":"https:\/\/ceasuri.md\/ru\/wp-json\/wp\/v2\/types\/product"}],"replies":[{"embeddable":true,"href":"https:\/\/ceasuri.md\/ru\/wp-json\/wp\/v2\/comments?post=58570"}],"wp:featuredmedia":[{"embeddable":true,"href":"https:\/\/ceasuri.md\/ru\/wp-json\/wp\/v2\/media\/58571"}],"wp:attachment":[{"href":"https:\/\/ceasuri.md\/ru\/wp-json\/wp\/v2\/media?parent=58570"}],"wp:term":[{"taxonomy":"product_brand","embeddable":true,"href":"https:\/\/ceasuri.md\/ru\/wp-json\/wp\/v2\/product_brand?post=58570"},{"taxonomy":"product_cat","embeddable":true,"href":"https:\/\/ceasuri.md\/ru\/wp-json\/wp\/v2\/product_cat?post=58570"},{"taxonomy":"product_tag","embeddable":true,"href":"https:\/\/ceasuri.md\/ru\/wp-json\/wp\/v2\/product_tag?post=58570"}],"curies":[{"name":"wp","href":"https:\/\/api.w.org\/{rel}","templated":true}]}}