{"id":58566,"date":"2026-04-03T00:52:18","date_gmt":"2026-04-02T21:52:18","guid":{"rendered":"http:\/\/new.ceasuri.md\/shop\/uncategorized\/cover-arena-automatic-coa225-03\/"},"modified":"2026-04-15T21:08:21","modified_gmt":"2026-04-15T18:08:21","slug":"cover-arena-automatic-coa225-03","status":"publish","type":"product","link":"https:\/\/ceasuri.md\/ru\/shop\/branduri\/cover\/cover-arena-automatic-coa225-03\/","title":{"rendered":"Ceas COVER ARENA AUTOMATIC COA225.03"},"content":{"rendered":"<p>COVER Arena este un ceas elve\u021bian automat elegant \u0219i rafinat, care iese \u00een eviden\u021b\u0103 prin designul s\u0103u curat \u0219i minimalist.<\/p>\n<p>Carcasa din o\u021bel inoxidabil de 42 mm \u00eenglobeaz\u0103 un cadran de culoarea nisipului, \u00een timp ce sticla de safir rezistent\u0103 la zg\u00e2rieturi asigur\u0103 o protec\u021bie fiabil\u0103.<\/p>\n<p>M\u00e2inile \u0219i indicatoarele luminoase asigur\u0103 o vizibilitate optim\u0103.<\/p>\n<p>Acest ceas este asamblat manual \u00een Elve\u021bia, la atelierul propriu al COVER, garant\u00e2nd o calitate premium.<\/p>\n<p>Completat de o br\u0103\u021bar\u0103 din o\u021bel inoxidabil lustruit \u0219i mat, acest elegant ceas automat elve\u021bian are o mi\u0219care automat\u0103 elve\u021bian\u0103 precis\u0103.<\/p>\n<p>Rezistent la ap\u0103 p\u00e2n\u0103 la 10 ATM.<\/p>","protected":false},"excerpt":{"rendered":"<p>COVER Arena este un ceas elve\u021bian automat elegant \u0219i rafinat, care iese \u00een eviden\u021b\u0103 prin designul s\u0103u curat \u0219i minimalist. Carcasa din o\u021bel inoxidabil de 42 mm \u00eenglobeaz\u0103 un cadran de culoarea nisipului, \u00een timp ce sticla de safir rezistent\u0103 la zg\u00e2rieturi asigur\u0103 o protec\u021bie fiabil\u0103. M\u00e2inile \u0219i indicatoarele luminoase asigur\u0103 o vizibilitate optim\u0103. Acest [&hellip;]<\/p>\n","protected":false},"featured_media":58567,"comment_status":"closed","ping_status":"open","template":"","meta":{"_acf_changed":false},"product_brand":[],"product_cat":[20,204],"product_tag":[],"class_list":{"0":"post-58566","1":"product","2":"type-product","3":"status-publish","4":"has-post-thumbnail","6":"product_cat-ceasuri-barbati","7":"product_cat-cover","8":"pa_brand-cover","9":"pa_braslet-otel-inoxidabil","10":"pa_corpus-42-mm","11":"pa_forma-rotund","12":"pa_funcii-data","13":"pa_garatia-24-luni","14":"pa_korpus-argintiu","15":"pa_material-otel-inoxidabil","16":"pa_mehanizm-mecanic","17":"pa_mehanizm-mecanism-automatic","18":"pa_remeshok-argintiu","19":"pa_steklo-cristal-safir","20":"pa_strana-elvetia","21":"pa_voda-10-atm","23":"first","24":"instock","25":"purchasable","26":"product-type-simple"},"acf":[],"_links":{"self":[{"href":"https:\/\/ceasuri.md\/ru\/wp-json\/wp\/v2\/product\/58566","targetHints":{"allow":["GET"]}}],"collection":[{"href":"https:\/\/ceasuri.md\/ru\/wp-json\/wp\/v2\/product"}],"about":[{"href":"https:\/\/ceasuri.md\/ru\/wp-json\/wp\/v2\/types\/product"}],"replies":[{"embeddable":true,"href":"https:\/\/ceasuri.md\/ru\/wp-json\/wp\/v2\/comments?post=58566"}],"wp:featuredmedia":[{"embeddable":true,"href":"https:\/\/ceasuri.md\/ru\/wp-json\/wp\/v2\/media\/58567"}],"wp:attachment":[{"href":"https:\/\/ceasuri.md\/ru\/wp-json\/wp\/v2\/media?parent=58566"}],"wp:term":[{"taxonomy":"product_brand","embeddable":true,"href":"https:\/\/ceasuri.md\/ru\/wp-json\/wp\/v2\/product_brand?post=58566"},{"taxonomy":"product_cat","embeddable":true,"href":"https:\/\/ceasuri.md\/ru\/wp-json\/wp\/v2\/product_cat?post=58566"},{"taxonomy":"product_tag","embeddable":true,"href":"https:\/\/ceasuri.md\/ru\/wp-json\/wp\/v2\/product_tag?post=58566"}],"curies":[{"name":"wp","href":"https:\/\/api.w.org\/{rel}","templated":true}]}}