{"id":58564,"date":"2026-04-03T00:52:18","date_gmt":"2026-04-02T21:52:18","guid":{"rendered":"http:\/\/new.ceasuri.md\/shop\/uncategorized\/cover-arena-automatic-coa225-04\/"},"modified":"2026-04-20T01:49:38","modified_gmt":"2026-04-19T22:49:38","slug":"cover-arena-automatic-coa225-04","status":"publish","type":"product","link":"https:\/\/ceasuri.md\/ru\/shop\/branduri\/cover\/cover-arena-automatic-coa225-04\/","title":{"rendered":"Ceas COVER ARENA AUTOMATIC COA225.04"},"content":{"rendered":"<p>COVER Arena este ceas elve\u021bian automat elegant, care combin\u0103 designul \u00eendr\u0103zne\u021b cu m\u0103iestria excep\u021bional\u0103.<\/p>\n<p>Cadranul negru, cu m\u00e2ini \u0219i indicatoare orare luminoase \u00een nuan\u021b\u0103 aurie, este ad\u0103postit \u00eentr-o carcas\u0103 lustruit\u0103 de 42 mm din o\u021bel inoxidabil.<\/p>\n<p>Curea din piele neagr\u0103 spore\u0219te aspectul sofisticat, f\u0103c\u00e2ndu-l potrivit at\u00e2t pentru ocazii formale, c\u00e2t \u0219i pentru ocazii casual.<\/p>\n<p>Asamblat manual \u00een Elve\u021bia la atelierul propriu al COVER, este alimentat de o mi\u0219care automat\u0103 elve\u021bian\u0103 pentru o precizie maxim\u0103.<\/p>\n<p>Rezisten\u021b\u0103 la ap\u0103 p\u00e2n\u0103 la 10 ATM.<\/p>","protected":false},"excerpt":{"rendered":"<p>COVER Arena este ceas elve\u021bian automat elegant, care combin\u0103 designul \u00eendr\u0103zne\u021b cu m\u0103iestria excep\u021bional\u0103. Cadranul negru, cu m\u00e2ini \u0219i indicatoare orare luminoase \u00een nuan\u021b\u0103 aurie, este ad\u0103postit \u00eentr-o carcas\u0103 lustruit\u0103 de 42 mm din o\u021bel inoxidabil. Curea din piele neagr\u0103 spore\u0219te aspectul sofisticat, f\u0103c\u00e2ndu-l potrivit at\u00e2t pentru ocazii formale, c\u00e2t \u0219i pentru ocazii casual. Asamblat [&hellip;]<\/p>\n","protected":false},"featured_media":58565,"comment_status":"closed","ping_status":"open","template":"","meta":{"_acf_changed":false},"product_brand":[],"product_cat":[20,204],"product_tag":[],"class_list":{"0":"post-58564","1":"product","2":"type-product","3":"status-publish","4":"has-post-thumbnail","6":"product_cat-ceasuri-barbati","7":"product_cat-cover","8":"pa_brand-cover","9":"pa_braslet-piele","10":"pa_corpus-42-mm","11":"pa_forma-rotund","12":"pa_funcii-data","13":"pa_garatia-24-luni","14":"pa_korpus-argintiu","15":"pa_material-otel-inoxidabil","16":"pa_mehanizm-mecanic","17":"pa_mehanizm-mecanism-automatic","18":"pa_remeshok-negru","19":"pa_steklo-cristal-safir","20":"pa_strana-elvetia","21":"pa_voda-10-atm","23":"first","24":"instock","25":"purchasable","26":"product-type-simple"},"acf":[],"_links":{"self":[{"href":"https:\/\/ceasuri.md\/ru\/wp-json\/wp\/v2\/product\/58564","targetHints":{"allow":["GET"]}}],"collection":[{"href":"https:\/\/ceasuri.md\/ru\/wp-json\/wp\/v2\/product"}],"about":[{"href":"https:\/\/ceasuri.md\/ru\/wp-json\/wp\/v2\/types\/product"}],"replies":[{"embeddable":true,"href":"https:\/\/ceasuri.md\/ru\/wp-json\/wp\/v2\/comments?post=58564"}],"wp:featuredmedia":[{"embeddable":true,"href":"https:\/\/ceasuri.md\/ru\/wp-json\/wp\/v2\/media\/58565"}],"wp:attachment":[{"href":"https:\/\/ceasuri.md\/ru\/wp-json\/wp\/v2\/media?parent=58564"}],"wp:term":[{"taxonomy":"product_brand","embeddable":true,"href":"https:\/\/ceasuri.md\/ru\/wp-json\/wp\/v2\/product_brand?post=58564"},{"taxonomy":"product_cat","embeddable":true,"href":"https:\/\/ceasuri.md\/ru\/wp-json\/wp\/v2\/product_cat?post=58564"},{"taxonomy":"product_tag","embeddable":true,"href":"https:\/\/ceasuri.md\/ru\/wp-json\/wp\/v2\/product_tag?post=58564"}],"curies":[{"name":"wp","href":"https:\/\/api.w.org\/{rel}","templated":true}]}}