{"id":58560,"date":"2026-04-03T00:52:18","date_gmt":"2026-04-02T21:52:18","guid":{"rendered":"http:\/\/new.ceasuri.md\/shop\/uncategorized\/cover-arena-automatic-coa225-05\/"},"modified":"2026-04-20T01:49:39","modified_gmt":"2026-04-19T22:49:39","slug":"cover-arena-automatic-coa225-05","status":"publish","type":"product","link":"https:\/\/ceasuri.md\/ru\/shop\/branduri\/cover\/cover-arena-automatic-coa225-05\/","title":{"rendered":"Ceas COVER ARENA AUTOMATIC COA225.05"},"content":{"rendered":"<p>Modelul COVER Arena redefine\u0219te ceasul clasic Elegant Swiss Automatic cu designul s\u0103u \u00eendr\u0103zne\u021b.<\/p>\n<p>O carcas\u0103 din o\u021bel inoxidabil de 42 mm \u00eencadreaz\u0103 cadranul albastru intens, \u00een timp ce curea din piele maro bogat ofer\u0103 o not\u0103 sofisticat\u0103.<\/p>\n<p>Ceasul este protejat de sticl\u0103 safir rezistent\u0103 la zg\u00e2rieturi, iar m\u00e2inile \u0219i indicatoarele orare luminoase asigur\u0103 o lizibilitate f\u0103r\u0103 efort.<\/p>\n<p>Asamblat manual \u00een Elve\u021bia la atelierul propriu al COVER, este propulsat de o mi\u0219care automat\u0103 precis\u0103.<\/p>\n<p>Rezistent la ap\u0103 p\u00e2n\u0103 la 10 ATM.<\/p>","protected":false},"excerpt":{"rendered":"<p>Modelul COVER Arena redefine\u0219te ceasul clasic Elegant Swiss Automatic cu designul s\u0103u \u00eendr\u0103zne\u021b. O carcas\u0103 din o\u021bel inoxidabil de 42 mm \u00eencadreaz\u0103 cadranul albastru intens, \u00een timp ce curea din piele maro bogat ofer\u0103 o not\u0103 sofisticat\u0103. Ceasul este protejat de sticl\u0103 safir rezistent\u0103 la zg\u00e2rieturi, iar m\u00e2inile \u0219i indicatoarele orare luminoase asigur\u0103 o lizibilitate [&hellip;]<\/p>\n","protected":false},"featured_media":58561,"comment_status":"closed","ping_status":"open","template":"","meta":{"_acf_changed":false},"product_brand":[],"product_cat":[20,204],"product_tag":[],"class_list":{"0":"post-58560","1":"product","2":"type-product","3":"status-publish","4":"has-post-thumbnail","6":"product_cat-ceasuri-barbati","7":"product_cat-cover","8":"pa_brand-cover","9":"pa_braslet-piele","10":"pa_corpus-42-mm","11":"pa_forma-rotund","12":"pa_funcii-data","13":"pa_garatia-24-luni","14":"pa_korpus-argintiu","15":"pa_material-otel-inoxidabil","16":"pa_mehanizm-mecanic","17":"pa_mehanizm-mecanism-automatic","18":"pa_remeshok-maro","19":"pa_steklo-cristal-safir","20":"pa_strana-elvetia","21":"pa_voda-10-atm","23":"first","24":"instock","25":"purchasable","26":"product-type-simple"},"acf":[],"_links":{"self":[{"href":"https:\/\/ceasuri.md\/ru\/wp-json\/wp\/v2\/product\/58560","targetHints":{"allow":["GET"]}}],"collection":[{"href":"https:\/\/ceasuri.md\/ru\/wp-json\/wp\/v2\/product"}],"about":[{"href":"https:\/\/ceasuri.md\/ru\/wp-json\/wp\/v2\/types\/product"}],"replies":[{"embeddable":true,"href":"https:\/\/ceasuri.md\/ru\/wp-json\/wp\/v2\/comments?post=58560"}],"wp:featuredmedia":[{"embeddable":true,"href":"https:\/\/ceasuri.md\/ru\/wp-json\/wp\/v2\/media\/58561"}],"wp:attachment":[{"href":"https:\/\/ceasuri.md\/ru\/wp-json\/wp\/v2\/media?parent=58560"}],"wp:term":[{"taxonomy":"product_brand","embeddable":true,"href":"https:\/\/ceasuri.md\/ru\/wp-json\/wp\/v2\/product_brand?post=58560"},{"taxonomy":"product_cat","embeddable":true,"href":"https:\/\/ceasuri.md\/ru\/wp-json\/wp\/v2\/product_cat?post=58560"},{"taxonomy":"product_tag","embeddable":true,"href":"https:\/\/ceasuri.md\/ru\/wp-json\/wp\/v2\/product_tag?post=58560"}],"curies":[{"name":"wp","href":"https:\/\/api.w.org\/{rel}","templated":true}]}}