{"id":58558,"date":"2026-04-03T00:51:41","date_gmt":"2026-04-02T21:51:41","guid":{"rendered":"http:\/\/new.ceasuri.md\/shop\/uncategorized\/cover-arena-automatic-coa225-06\/"},"modified":"2026-04-07T05:01:38","modified_gmt":"2026-04-07T02:01:38","slug":"cover-arena-automatic-coa225-06","status":"publish","type":"product","link":"https:\/\/ceasuri.md\/ru\/shop\/branduri\/cover\/cover-arena-automatic-coa225-06\/","title":{"rendered":"Ceas COVER ARENA AUTOMATIC COA225.06"},"content":{"rendered":"<p>Experimenta\u021bi rafinamentul atemporal cu COVER Arena, un elegant ceas elve\u021bian automat conceput pentru gentlemanul modern.<\/p>\n<p>Cu o carcas\u0103 lustruit\u0103 de 42 mm din o\u021bel inoxidabil, un cadran sofisticat de culoarea nisipului \u0219i sticl\u0103 safir rezistent\u0103 la zg\u00e2rieturi, acest ceas este construit pentru a impresiona.<\/p>\n<p>Cureaua din piele neagr\u0103 adaug\u0103 o not\u0103 de farmec clasic, f\u0103c\u00e2ndu-l perfect pentru ocazii de afaceri sau casual.<\/p>\n<p>Ac\u021bionat de o mi\u0219care automat\u0103 fabricat\u0103 \u00een Elve\u021bia \u0219i ceasul este rezistent la ap\u0103 p\u00e2n\u0103 la 10 ATM, este asamblat manual \u00een atelierul elve\u021bian al COVER pentru a asigura o calitate excep\u021bional\u0103.<\/p>","protected":false},"excerpt":{"rendered":"<p>Experimenta\u021bi rafinamentul atemporal cu COVER Arena, un elegant ceas elve\u021bian automat conceput pentru gentlemanul modern. Cu o carcas\u0103 lustruit\u0103 de 42 mm din o\u021bel inoxidabil, un cadran sofisticat de culoarea nisipului \u0219i sticl\u0103 safir rezistent\u0103 la zg\u00e2rieturi, acest ceas este construit pentru a impresiona. Cureaua din piele neagr\u0103 adaug\u0103 o not\u0103 de farmec clasic, f\u0103c\u00e2ndu-l [&hellip;]<\/p>\n","protected":false},"featured_media":58559,"comment_status":"closed","ping_status":"open","template":"","meta":{"_acf_changed":false},"product_brand":[],"product_cat":[20,204],"product_tag":[],"class_list":{"0":"post-58558","1":"product","2":"type-product","3":"status-publish","4":"has-post-thumbnail","6":"product_cat-ceasuri-barbati","7":"product_cat-cover","8":"pa_brand-cover","9":"pa_braslet-piele","10":"pa_corpus-42-mm","11":"pa_forma-rotund","12":"pa_funcii-data","13":"pa_garatia-24-luni","14":"pa_korpus-argintiu","15":"pa_material-otel-inoxidabil","16":"pa_mehanizm-mecanic","17":"pa_mehanizm-mecanism-automatic","18":"pa_remeshok-negru","19":"pa_steklo-cristal-safir","20":"pa_strana-elvetia","21":"pa_voda-10-atm","23":"first","24":"instock","25":"purchasable","26":"product-type-simple"},"acf":[],"_links":{"self":[{"href":"https:\/\/ceasuri.md\/ru\/wp-json\/wp\/v2\/product\/58558","targetHints":{"allow":["GET"]}}],"collection":[{"href":"https:\/\/ceasuri.md\/ru\/wp-json\/wp\/v2\/product"}],"about":[{"href":"https:\/\/ceasuri.md\/ru\/wp-json\/wp\/v2\/types\/product"}],"replies":[{"embeddable":true,"href":"https:\/\/ceasuri.md\/ru\/wp-json\/wp\/v2\/comments?post=58558"}],"wp:featuredmedia":[{"embeddable":true,"href":"https:\/\/ceasuri.md\/ru\/wp-json\/wp\/v2\/media\/58559"}],"wp:attachment":[{"href":"https:\/\/ceasuri.md\/ru\/wp-json\/wp\/v2\/media?parent=58558"}],"wp:term":[{"taxonomy":"product_brand","embeddable":true,"href":"https:\/\/ceasuri.md\/ru\/wp-json\/wp\/v2\/product_brand?post=58558"},{"taxonomy":"product_cat","embeddable":true,"href":"https:\/\/ceasuri.md\/ru\/wp-json\/wp\/v2\/product_cat?post=58558"},{"taxonomy":"product_tag","embeddable":true,"href":"https:\/\/ceasuri.md\/ru\/wp-json\/wp\/v2\/product_tag?post=58558"}],"curies":[{"name":"wp","href":"https:\/\/api.w.org\/{rel}","templated":true}]}}