{"id":58515,"date":"2026-04-03T00:51:41","date_gmt":"2026-04-02T21:51:41","guid":{"rendered":"http:\/\/new.ceasuri.md\/shop\/uncategorized\/claude-bernard-dress-code-20232-37rcbr-brdpr\/"},"modified":"2026-04-15T21:07:54","modified_gmt":"2026-04-15T18:07:54","slug":"claude-bernard-dress-code-20232-37rcbr-brdpr","status":"publish","type":"product","link":"https:\/\/ceasuri.md\/ru\/shop\/branduri\/claude-bernard\/claude-bernard-dress-code-20232-37rcbr-brdpr\/","title":{"rendered":"Ceas CLAUDE BERNARD DRESS CODE 20232-37RCBR-BRDPR"},"content":{"rendered":"<p>Ceasul Claude Bernard Dress Code este un design exclusiv dezvoltat special pentru jum\u0103tatea frumoas\u0103 a umanit\u0103\u021bii. De aceea exist\u0103 at\u00e2t de multe detalii pe care doar fetele le pot \u00een\u021belege.<\/p>\n<p>Lejeritatea \u0219i feminitatea designului sunt perfect completate de calitatea elve\u021bian\u0103 a mi\u0219c\u0103rilor ceasurilor. Toate modelele, \u00een ciuda rafinamentului lor vizual, sunt caracterizate de o rezisten\u021b\u0103 ridicat\u0103 la zg\u00e2rieturi \u0219i coroziune, rezisten\u021b\u0103 la \u0219ocuri \u0219i protec\u021bie \u00eempotriva stropirii.<\/p>\n<p>Carcasa ceasului este fabricat\u0103 din o\u021bel. Geamurile sunt realizate din safir. Curelele sunt din piele natural\u0103 sau o\u021bel de \u00eenalt\u0103 calitate.<\/p>\n<p>Dress Code este un ceas elegant \u0219i feminin, potrivit at\u00e2t pentru dress code-ul corporatist, c\u00e2t \u0219i pentru ie\u0219irile de sear\u0103. Vor fi un decor adecvat pentru orice imagine.<\/p>","protected":false},"excerpt":{"rendered":"<p>Ceasul Claude Bernard Dress Code este un design exclusiv dezvoltat special pentru jum\u0103tatea frumoas\u0103 a umanit\u0103\u021bii. De aceea exist\u0103 at\u00e2t de multe detalii pe care doar fetele le pot \u00een\u021belege. Lejeritatea \u0219i feminitatea designului sunt perfect completate de calitatea elve\u021bian\u0103 a mi\u0219c\u0103rilor ceasurilor. Toate modelele, \u00een ciuda rafinamentului lor vizual, sunt caracterizate de o rezisten\u021b\u0103 [&hellip;]<\/p>\n","protected":false},"featured_media":58516,"comment_status":"closed","ping_status":"open","template":"","meta":{"_acf_changed":false},"product_brand":[],"product_cat":[25,19],"product_tag":[],"class_list":{"0":"post-58515","1":"product","2":"type-product","3":"status-publish","4":"has-post-thumbnail","6":"product_cat-ceasuri-dama","7":"product_cat-claude-bernard","8":"pa_brand-claude-bernard","9":"pa_braslet-piele","10":"pa_corpus-30-mm","11":"pa_forma-rotund","12":"pa_garatia-24-luni","13":"pa_korpus-roz-gold","14":"pa_kvarc-quartz","15":"pa_material-otel-inoxidabil","16":"pa_mehanizm-quartz","17":"pa_remeshok-maro","18":"pa_steklo-cristal-safir","19":"pa_strana-elvetia","20":"pa_voda-3-atm","22":"first","23":"instock","24":"purchasable","25":"product-type-simple"},"acf":[],"_links":{"self":[{"href":"https:\/\/ceasuri.md\/ru\/wp-json\/wp\/v2\/product\/58515","targetHints":{"allow":["GET"]}}],"collection":[{"href":"https:\/\/ceasuri.md\/ru\/wp-json\/wp\/v2\/product"}],"about":[{"href":"https:\/\/ceasuri.md\/ru\/wp-json\/wp\/v2\/types\/product"}],"replies":[{"embeddable":true,"href":"https:\/\/ceasuri.md\/ru\/wp-json\/wp\/v2\/comments?post=58515"}],"wp:featuredmedia":[{"embeddable":true,"href":"https:\/\/ceasuri.md\/ru\/wp-json\/wp\/v2\/media\/58516"}],"wp:attachment":[{"href":"https:\/\/ceasuri.md\/ru\/wp-json\/wp\/v2\/media?parent=58515"}],"wp:term":[{"taxonomy":"product_brand","embeddable":true,"href":"https:\/\/ceasuri.md\/ru\/wp-json\/wp\/v2\/product_brand?post=58515"},{"taxonomy":"product_cat","embeddable":true,"href":"https:\/\/ceasuri.md\/ru\/wp-json\/wp\/v2\/product_cat?post=58515"},{"taxonomy":"product_tag","embeddable":true,"href":"https:\/\/ceasuri.md\/ru\/wp-json\/wp\/v2\/product_tag?post=58515"}],"curies":[{"name":"wp","href":"https:\/\/api.w.org\/{rel}","templated":true}]}}