{"id":58502,"date":"2026-04-03T00:51:13","date_gmt":"2026-04-02T21:51:13","guid":{"rendered":"http:\/\/new.ceasuri.md\/shop\/uncategorized\/claude-bernard-slim-line-quartz-lady-20233-37jm-bdvid\/"},"modified":"2026-04-20T01:48:44","modified_gmt":"2026-04-19T22:48:44","slug":"claude-bernard-slim-line-quartz-lady-20233-37jm-bdvid","status":"publish","type":"product","link":"https:\/\/ceasuri.md\/ru\/shop\/branduri\/claude-bernard\/claude-bernard-slim-line-quartz-lady-20233-37jm-bdvid\/","title":{"rendered":"\u0427\u0430\u0441\u044b CLAUDE BERNARD SLIM LINE QUARTZ LADY 20233-37JM-BDVID"},"content":{"rendered":"<p>Acest ceas elegant combin\u0103 sofisticarea \u0219i stilul datorit\u0103 designului s\u0103u sub\u021bire \u0219i gra\u021bios.<\/p>\n<p>Aspectul s\u0103u elegant \u00eel face ideal pentru orice ocazie.<\/p>\n<p>Ceasul cu diametrul de 32 mm arat\u0103 gra\u021bios pe \u00eencheietura m\u00e2inii unei femei. Cadranul este protejat de un cristal de safir.<\/p>\n<p>Ad\u0103uga\u021bi o not\u0103 de lux garderobei dvs. cu acest ceas sub\u021bire \u0219i sofisticat.<\/p>","protected":false},"excerpt":{"rendered":"<p>Acest ceas elegant combin\u0103 sofisticarea \u0219i stilul datorit\u0103 designului s\u0103u sub\u021bire \u0219i gra\u021bios. Aspectul s\u0103u elegant \u00eel face ideal pentru orice ocazie. Ceasul cu diametrul de 32 mm arat\u0103 gra\u021bios pe \u00eencheietura m\u00e2inii unei femei. Cadranul este protejat de un cristal de safir. Ad\u0103uga\u021bi o not\u0103 de lux garderobei dvs. cu acest ceas sub\u021bire \u0219i [&hellip;]<\/p>\n","protected":false},"featured_media":58493,"comment_status":"closed","ping_status":"open","template":"","meta":{"_acf_changed":false},"product_brand":[],"product_cat":[25,19],"product_tag":[],"class_list":{"0":"post-58502","1":"product","2":"type-product","3":"status-publish","4":"has-post-thumbnail","6":"product_cat-ceasuri-dama","7":"product_cat-claude-bernard","8":"pa_brand-claude-bernard","9":"pa_braslet-otel-inoxidabil","10":"pa_corpus-32-mm","11":"pa_forma-rotund","12":"pa_garatia-24-luni","13":"pa_korpus-auriu","14":"pa_kvarc-quartz","15":"pa_material-otel-inoxidabil","16":"pa_mehanizm-quartz","17":"pa_remeshok-auriu","18":"pa_steklo-cristal-safir","19":"pa_strana-elvetia","20":"pa_voda-3-atm","22":"first","23":"instock","24":"purchasable","25":"product-type-simple"},"acf":[],"_links":{"self":[{"href":"https:\/\/ceasuri.md\/ru\/wp-json\/wp\/v2\/product\/58502","targetHints":{"allow":["GET"]}}],"collection":[{"href":"https:\/\/ceasuri.md\/ru\/wp-json\/wp\/v2\/product"}],"about":[{"href":"https:\/\/ceasuri.md\/ru\/wp-json\/wp\/v2\/types\/product"}],"replies":[{"embeddable":true,"href":"https:\/\/ceasuri.md\/ru\/wp-json\/wp\/v2\/comments?post=58502"}],"wp:featuredmedia":[{"embeddable":true,"href":"https:\/\/ceasuri.md\/ru\/wp-json\/wp\/v2\/media\/58493"}],"wp:attachment":[{"href":"https:\/\/ceasuri.md\/ru\/wp-json\/wp\/v2\/media?parent=58502"}],"wp:term":[{"taxonomy":"product_brand","embeddable":true,"href":"https:\/\/ceasuri.md\/ru\/wp-json\/wp\/v2\/product_brand?post=58502"},{"taxonomy":"product_cat","embeddable":true,"href":"https:\/\/ceasuri.md\/ru\/wp-json\/wp\/v2\/product_cat?post=58502"},{"taxonomy":"product_tag","embeddable":true,"href":"https:\/\/ceasuri.md\/ru\/wp-json\/wp\/v2\/product_tag?post=58502"}],"curies":[{"name":"wp","href":"https:\/\/api.w.org\/{rel}","templated":true}]}}