{"id":58490,"date":"2026-04-03T00:51:13","date_gmt":"2026-04-02T21:51:13","guid":{"rendered":"http:\/\/new.ceasuri.md\/shop\/uncategorized\/claude-bernard-slim-line-quartz-20234-37jm-di\/"},"modified":"2026-04-20T01:48:49","modified_gmt":"2026-04-19T22:48:49","slug":"claude-bernard-slim-line-quartz-20234-37jm-di","status":"publish","type":"product","link":"https:\/\/ceasuri.md\/ru\/shop\/branduri\/claude-bernard\/claude-bernard-slim-line-quartz-20234-37jm-di\/","title":{"rendered":"\u0427\u0430\u0441\u044b CLAUDE BERNARD SLIM LINE QUARTZ 20234-37JM-DI"},"content":{"rendered":"<p>Acest ceas elegant combin\u0103 sofisticarea \u0219i stilul datorit\u0103 designului s\u0103u sub\u021bire \u0219i gra\u021bios.<\/p>\n<p>Aspectul s\u0103u \u00eel face perfect pentru orice ocazie.<\/p>\n<p>Ceasul cu diametrul de 39 mm va ar\u0103ta la fel de bine at\u00e2t pe \u00eencheieturile b\u0103rba\u021bilor, c\u00e2t \u0219i pe cele ale femeilor. Cadranul este protejat de un cristal de safir.<\/p>\n<p>Ad\u0103uga\u021bi o not\u0103 de lux garderobei dvs. cu acest ceas sub\u021bire \u0219i sofisticat.<\/p>","protected":false},"excerpt":{"rendered":"<p>Acest ceas elegant combin\u0103 sofisticarea \u0219i stilul datorit\u0103 designului s\u0103u sub\u021bire \u0219i gra\u021bios. Aspectul s\u0103u \u00eel face perfect pentru orice ocazie. Ceasul cu diametrul de 39 mm va ar\u0103ta la fel de bine at\u00e2t pe \u00eencheieturile b\u0103rba\u021bilor, c\u00e2t \u0219i pe cele ale femeilor. Cadranul este protejat de un cristal de safir. Ad\u0103uga\u021bi o not\u0103 de [&hellip;]<\/p>\n","protected":false},"featured_media":58491,"comment_status":"closed","ping_status":"open","template":"","meta":{"_acf_changed":false},"product_brand":[],"product_cat":[20,25,19],"product_tag":[],"class_list":{"0":"post-58490","1":"product","2":"type-product","3":"status-publish","4":"has-post-thumbnail","6":"product_cat-ceasuri-barbati","7":"product_cat-ceasuri-dama","8":"product_cat-claude-bernard","9":"pa_brand-claude-bernard","10":"pa_braslet-otel-inoxidabil","11":"pa_corpus-39-mm","12":"pa_forma-rotund","13":"pa_garatia-24-luni","14":"pa_korpus-auriu","15":"pa_kvarc-quartz","16":"pa_material-otel-inoxidabil","17":"pa_mehanizm-quartz","18":"pa_remeshok-auriu","19":"pa_steklo-cristal-safir","20":"pa_strana-elvetia","21":"pa_voda-3-atm","23":"first","24":"instock","25":"purchasable","26":"product-type-simple"},"acf":[],"_links":{"self":[{"href":"https:\/\/ceasuri.md\/ru\/wp-json\/wp\/v2\/product\/58490","targetHints":{"allow":["GET"]}}],"collection":[{"href":"https:\/\/ceasuri.md\/ru\/wp-json\/wp\/v2\/product"}],"about":[{"href":"https:\/\/ceasuri.md\/ru\/wp-json\/wp\/v2\/types\/product"}],"replies":[{"embeddable":true,"href":"https:\/\/ceasuri.md\/ru\/wp-json\/wp\/v2\/comments?post=58490"}],"wp:featuredmedia":[{"embeddable":true,"href":"https:\/\/ceasuri.md\/ru\/wp-json\/wp\/v2\/media\/58491"}],"wp:attachment":[{"href":"https:\/\/ceasuri.md\/ru\/wp-json\/wp\/v2\/media?parent=58490"}],"wp:term":[{"taxonomy":"product_brand","embeddable":true,"href":"https:\/\/ceasuri.md\/ru\/wp-json\/wp\/v2\/product_brand?post=58490"},{"taxonomy":"product_cat","embeddable":true,"href":"https:\/\/ceasuri.md\/ru\/wp-json\/wp\/v2\/product_cat?post=58490"},{"taxonomy":"product_tag","embeddable":true,"href":"https:\/\/ceasuri.md\/ru\/wp-json\/wp\/v2\/product_tag?post=58490"}],"curies":[{"name":"wp","href":"https:\/\/api.w.org\/{rel}","templated":true}]}}