{"id":58468,"date":"2026-04-03T00:50:26","date_gmt":"2026-04-02T21:50:26","guid":{"rendered":"http:\/\/new.ceasuri.md\/shop\/uncategorized\/claude-bernard-slim-line-automatic-80139-37jm-ar\/"},"modified":"2026-04-20T01:48:55","modified_gmt":"2026-04-19T22:48:55","slug":"claude-bernard-slim-line-automatic-80139-37jm-ar","status":"publish","type":"product","link":"https:\/\/ceasuri.md\/ru\/shop\/branduri\/claude-bernard\/claude-bernard-slim-line-automatic-80139-37jm-ar\/","title":{"rendered":"Ceas CLAUDE BERNARD Slim Line Automatic 80139-37JM-AR"},"content":{"rendered":"<p>Experimenta\u021bi precizia \u0219i elegan\u021ba cu Claude Bernard Slim Line Automatic. Acest ceas are un design sub\u021bire \u0219i dispune de func\u021bia de dat\u0103, fiind o alegere perfect\u0103 pentru cei care apreciaz\u0103 stilul \u0219i confortul.<\/p>\n<p>Ceasul cu diametrul de 40 mm, cu mi\u0219carea sa automat\u0103 elve\u021bian\u0103 de precizie \u0219i cristal de safir, ofer\u0103 combina\u021bia premium de calitate \u0219i valoare care a fost marca fabricii de ceasuri Claude Bernard.<\/p>\n<p>Un ceas Claude Bernard nu este doar un ceas, ci o &#8222;ma\u0219in\u0103 a timpului&#8221; \u00een miniatur\u0103, care \u00eentruchipeaz\u0103 excelen\u021ba \u00een materie de inginerie \u0219i design, construit\u0103 pe baza a 500 de ani de tradi\u021bie orologier\u0103 elve\u021bian\u0103. De aproape 50 de ani, Claude Bernard, o companie de orologerie independent\u0103, de\u021binut\u0103 de o familie, produce ceasuri excep\u021bionale, frumoase \u0219i accesibile.<\/p>\n<p>Claude Bernard consider\u0103 c\u0103 este o onoare s\u0103 duc\u0103 mai departe tradi\u021bia marilor pionieri ai orologeriei. De asemenea, se m\u00e2ndre\u0219te cu utilizarea celor mai moderne materiale \u0219i tehnologii pentru a crea ceasuri din secolul XXI care ofer\u0103 calitate.<\/p>","protected":false},"excerpt":{"rendered":"<p>Experimenta\u021bi precizia \u0219i elegan\u021ba cu Claude Bernard Slim Line Automatic. Acest ceas are un design sub\u021bire \u0219i dispune de func\u021bia de dat\u0103, fiind o alegere perfect\u0103 pentru cei care apreciaz\u0103 stilul \u0219i confortul. Ceasul cu diametrul de 40 mm, cu mi\u0219carea sa automat\u0103 elve\u021bian\u0103 de precizie \u0219i cristal de safir, ofer\u0103 combina\u021bia premium de calitate [&hellip;]<\/p>\n","protected":false},"featured_media":58469,"comment_status":"closed","ping_status":"open","template":"","meta":{"_acf_changed":false},"product_brand":[],"product_cat":[20,19],"product_tag":[],"class_list":{"0":"post-58468","1":"product","2":"type-product","3":"status-publish","4":"has-post-thumbnail","6":"product_cat-ceasuri-barbati","7":"product_cat-claude-bernard","8":"pa_brand-claude-bernard","9":"pa_braslet-otel-inoxidabil","10":"pa_corpus-40-mm","11":"pa_forma-rotund","12":"pa_funcii-data","13":"pa_garatia-24-luni","14":"pa_korpus-auriu","15":"pa_material-otel-inoxidabil","16":"pa_mehanizm-mecanic","17":"pa_mehanizm-mecanism-automatic","18":"pa_remeshok-auriu","19":"pa_steklo-cristal-safir","20":"pa_strana-elvetia","21":"pa_voda-3-atm","23":"first","24":"instock","25":"purchasable","26":"product-type-simple"},"acf":[],"_links":{"self":[{"href":"https:\/\/ceasuri.md\/ru\/wp-json\/wp\/v2\/product\/58468","targetHints":{"allow":["GET"]}}],"collection":[{"href":"https:\/\/ceasuri.md\/ru\/wp-json\/wp\/v2\/product"}],"about":[{"href":"https:\/\/ceasuri.md\/ru\/wp-json\/wp\/v2\/types\/product"}],"replies":[{"embeddable":true,"href":"https:\/\/ceasuri.md\/ru\/wp-json\/wp\/v2\/comments?post=58468"}],"wp:featuredmedia":[{"embeddable":true,"href":"https:\/\/ceasuri.md\/ru\/wp-json\/wp\/v2\/media\/58469"}],"wp:attachment":[{"href":"https:\/\/ceasuri.md\/ru\/wp-json\/wp\/v2\/media?parent=58468"}],"wp:term":[{"taxonomy":"product_brand","embeddable":true,"href":"https:\/\/ceasuri.md\/ru\/wp-json\/wp\/v2\/product_brand?post=58468"},{"taxonomy":"product_cat","embeddable":true,"href":"https:\/\/ceasuri.md\/ru\/wp-json\/wp\/v2\/product_cat?post=58468"},{"taxonomy":"product_tag","embeddable":true,"href":"https:\/\/ceasuri.md\/ru\/wp-json\/wp\/v2\/product_tag?post=58468"}],"curies":[{"name":"wp","href":"https:\/\/api.w.org\/{rel}","templated":true}]}}