{"id":58448,"date":"2026-04-03T00:50:26","date_gmt":"2026-04-02T21:50:26","guid":{"rendered":"http:\/\/new.ceasuri.md\/shop\/uncategorized\/edox-grand-ocean-09800-357gnca-nibu\/"},"modified":"2026-04-20T01:48:21","modified_gmt":"2026-04-19T22:48:21","slug":"edox-grand-ocean-09800-357gnca-nibu","status":"publish","type":"product","link":"https:\/\/ceasuri.md\/ru\/shop\/branduri\/edox\/edox-grand-ocean-09800-357gnca-nibu\/","title":{"rendered":"\u0427\u0430\u0441\u044b EDOX GRAND OCEAN 09800-357GNCA-NIBU"},"content":{"rendered":"<p>Edox Grand Ocean \u00eentruchipeaz\u0103 simbioza perfect\u0103 dintre func\u021bionalitate \u0219i design elegant, inspirat de leg\u0103tura profund\u0103 a Edox cu lumea naviga\u021biei.<\/p>\n<p>Cu un diametru de 43 mm \u0219i o carcas\u0103 robust\u0103 din o\u021bel inoxidabil, acest ceas ofer\u0103 at\u00e2t rezisten\u021b\u0103, c\u00e2t \u0219i stil. Geamul de safir rezistent la zg\u00e2rieturi protejeaz\u0103 cadranul, \u00een timp ce spatele transparent al carcasei ofer\u0103 o vedere captivant\u0103 asupra precisului calibru automat 098, bazat pe SW500 b.<\/p>\n<p>Coroana \u00een\u0219urubat\u0103 asigur\u0103 faptul c\u0103 ceasul r\u0103m\u00e2ne fiabil chiar \u0219i \u00een condi\u021bii extreme.<\/p>\n<p>Colec\u021bia Grand Ocean se caracterizeaz\u0103 prin rezisten\u021ba impresionant\u0103 la ap\u0103 de p\u00e2n\u0103 la 300 de metri, sporit\u0103 de sistemul inovator \u201eDouble O Ring\u201d, care ofer\u0103 un plus de siguran\u021b\u0103.<\/p>\n<p>Cu caracteristici precum un cronograf \u0219i un afi\u0219aj al datei la ora 3, acest cronograf este partenerul ideal at\u00e2t pentru aventurieri, c\u00e2t \u0219i pentru persoanele preocupate de stil.<\/p>\n<p>Edox Grand Ocean nu este doar un ceas precis, ci \u0219i o declara\u021bie pentru cei care se bucur\u0103 de via\u021b\u0103 la maximum. Fie c\u0103 navigheaz\u0103 sau se afl\u0103 \u00een ora\u0219, acest cronograf este partenerul perfect pentru orice ocazie.<\/p>","protected":false},"excerpt":{"rendered":"<p>Edox Grand Ocean \u00eentruchipeaz\u0103 simbioza perfect\u0103 dintre func\u021bionalitate \u0219i design elegant, inspirat de leg\u0103tura profund\u0103 a Edox cu lumea naviga\u021biei. Cu un diametru de 43 mm \u0219i o carcas\u0103 robust\u0103 din o\u021bel inoxidabil, acest ceas ofer\u0103 at\u00e2t rezisten\u021b\u0103, c\u00e2t \u0219i stil. Geamul de safir rezistent la zg\u00e2rieturi protejeaz\u0103 cadranul, \u00een timp ce spatele transparent al [&hellip;]<\/p>\n","protected":false},"featured_media":58449,"comment_status":"closed","ping_status":"open","template":"","meta":{"_acf_changed":false},"product_brand":[],"product_cat":[20,106,107],"product_tag":[],"class_list":{"0":"post-58448","1":"product","2":"type-product","3":"status-publish","4":"has-post-thumbnail","6":"product_cat-ceasuri-barbati","7":"product_cat-ceasuri-premium","8":"product_cat-edox","9":"pa_brand-edox","10":"pa_braslet-cauciuc","11":"pa_corpus-43-mm","12":"pa_forma-rotund","13":"pa_funcii-cronograf","14":"pa_funcii-data","15":"pa_funcii-tahimetru","16":"pa_garatia-24-luni","17":"pa_korpus-negru","18":"pa_material-otel-inoxidabil","19":"pa_mehanizm-mecanic","20":"pa_mehanizm-mecanism-automatic","21":"pa_remeshok-negru","22":"pa_steklo-cristal-safir","23":"pa_strana-elvetia","24":"pa_voda-30-atm","26":"first","27":"instock","28":"purchasable","29":"product-type-simple"},"acf":[],"_links":{"self":[{"href":"https:\/\/ceasuri.md\/ru\/wp-json\/wp\/v2\/product\/58448","targetHints":{"allow":["GET"]}}],"collection":[{"href":"https:\/\/ceasuri.md\/ru\/wp-json\/wp\/v2\/product"}],"about":[{"href":"https:\/\/ceasuri.md\/ru\/wp-json\/wp\/v2\/types\/product"}],"replies":[{"embeddable":true,"href":"https:\/\/ceasuri.md\/ru\/wp-json\/wp\/v2\/comments?post=58448"}],"wp:featuredmedia":[{"embeddable":true,"href":"https:\/\/ceasuri.md\/ru\/wp-json\/wp\/v2\/media\/58449"}],"wp:attachment":[{"href":"https:\/\/ceasuri.md\/ru\/wp-json\/wp\/v2\/media?parent=58448"}],"wp:term":[{"taxonomy":"product_brand","embeddable":true,"href":"https:\/\/ceasuri.md\/ru\/wp-json\/wp\/v2\/product_brand?post=58448"},{"taxonomy":"product_cat","embeddable":true,"href":"https:\/\/ceasuri.md\/ru\/wp-json\/wp\/v2\/product_cat?post=58448"},{"taxonomy":"product_tag","embeddable":true,"href":"https:\/\/ceasuri.md\/ru\/wp-json\/wp\/v2\/product_tag?post=58448"}],"curies":[{"name":"wp","href":"https:\/\/api.w.org\/{rel}","templated":true}]}}