{"id":58423,"date":"2025-04-17T14:46:39","date_gmt":"2025-04-17T11:46:39","guid":{"rendered":"http:\/\/new.ceasuri.md\/shop\/uncategorized\/edox-chronorally-le-38003-tinr-canbr\/"},"modified":"2026-05-01T19:21:14","modified_gmt":"2026-05-01T16:21:14","slug":"edox-chronorally-le-38003-tinr-canbr","status":"publish","type":"product","link":"https:\/\/ceasuri.md\/ru\/shop\/branduri\/edox\/edox-chronorally-le-38003-tinr-canbr\/","title":{"rendered":"\u0427\u0430\u0441\u044b EDOX CHRONORALLY LE 38003-TINR-CANBR"},"content":{"rendered":"<p>Edox Chronorally 45 Limited Edition este un omagiu adus colabor\u0103rii dintre Edox, BMW Motorrad Motorsport \u0219i echipa ROKiT Superbike. Conceput pentru a onora cursele de superbike \u0219i pilotajul de mare vitez\u0103, acest ceas este o edi\u021bie limitat\u0103 de 600 de piese (disponibil N219, 230 din cele 600 de exemplare). Acest lucru \u00eel face un obiect de colec\u021bie at\u00e2t pentru fanii sporturilor cu motor, c\u00e2t \u0219i pentru pasiona\u021bii de orologerie.<\/p>\n<p>Aceast\u0103 colec\u021bie este bine cunoscut\u0103 ca o linie inspirat\u0103 din sporturile cu motor. Accentul se pune pe modele robuste \u0219i func\u021bii precise de cronometrare cu mi\u0219c\u0103ri cu cuar\u021b.<\/p>\n<p>Ceasul este ad\u0103postit \u00eentr-o carcas\u0103 din titan de 45 de milimetri, care are o grosime de 15 milimetri. Designul cadranului accentueaz\u0103 func\u021bionalitatea \u0219i leg\u0103tura cu sporturile cu motor, deoarece seam\u0103n\u0103 cu cockpit-ul unei motociclete. Dou\u0103 cadrane secundare, \u00eempreun\u0103 cu indicatorul zilei, formeaz\u0103 un tablou de bord alb \u00een stil motociclet\u0103 pe un fundal din fibr\u0103 de carbon.<\/p>\n<p>Butoanele supradimensionate recognoscibile permit ajustarea \u0219i controlul rapid \u0219i precis al ceasului. Func\u021biile cronografului includ un tahimetru pentru m\u0103surarea vitezei \u0219i un cronograf precis la 1\/10 de secund\u0103. Data mare este amplasat\u0103 \u00een pozi\u021bia orei 6.<\/p>\n<p>Ceasul vine cu patru curele de cauciuc op\u021bionale inspirate de estetica BMW Motorsport. Cureaua standard este neagr\u0103, \u00een timp ce curelele suplimentare vin \u00een culorile diviziei BMW Motorsport: ro\u0219u, alb \u0219i dou\u0103 nuan\u021be de albastru. O unealt\u0103 este inclus\u0103 \u00een kit pentru a facilita schimbarea curelelor.<\/p>","protected":false},"excerpt":{"rendered":"<p>Edox Chronorally 45 Limited Edition este un omagiu adus colabor\u0103rii dintre Edox, BMW Motorrad Motorsport \u0219i echipa ROKiT Superbike. Conceput pentru a onora cursele de superbike \u0219i pilotajul de mare vitez\u0103, acest ceas este o edi\u021bie limitat\u0103 de 600 de piese (disponibil N219, 230 din cele 600 de exemplare). Acest lucru \u00eel face un obiect [&hellip;]<\/p>\n","protected":false},"featured_media":58424,"comment_status":"closed","ping_status":"open","template":"","meta":{"_acf_changed":false},"product_brand":[],"product_cat":[20,106,107,205],"product_tag":[],"class_list":{"0":"post-58423","1":"product","2":"type-product","3":"status-publish","4":"has-post-thumbnail","6":"product_cat-ceasuri-barbati","7":"product_cat-ceasuri-premium","8":"product_cat-edox","9":"product_cat-limited-edition","10":"pa_brand-edox","11":"pa_braslet-cauciuc","12":"pa_corpus-45-mm","13":"pa_forma-rotund","14":"pa_funcii-cronograf","15":"pa_funcii-data","16":"pa_funcii-limited-edition","17":"pa_funcii-tahimetru","18":"pa_funcii-ziua-saptamanii","19":"pa_garatia-24-luni","20":"pa_korpus-argintiu","21":"pa_kvarc-quartz","22":"pa_material-titan","23":"pa_mehanizm-quartz","24":"pa_remeshok-negru","25":"pa_steklo-cristal-safir","26":"pa_strana-elvetia","27":"pa_voda-10-atm","29":"first","30":"instock","31":"purchasable","32":"product-type-simple"},"acf":[],"_links":{"self":[{"href":"https:\/\/ceasuri.md\/ru\/wp-json\/wp\/v2\/product\/58423","targetHints":{"allow":["GET"]}}],"collection":[{"href":"https:\/\/ceasuri.md\/ru\/wp-json\/wp\/v2\/product"}],"about":[{"href":"https:\/\/ceasuri.md\/ru\/wp-json\/wp\/v2\/types\/product"}],"replies":[{"embeddable":true,"href":"https:\/\/ceasuri.md\/ru\/wp-json\/wp\/v2\/comments?post=58423"}],"wp:featuredmedia":[{"embeddable":true,"href":"https:\/\/ceasuri.md\/ru\/wp-json\/wp\/v2\/media\/58424"}],"wp:attachment":[{"href":"https:\/\/ceasuri.md\/ru\/wp-json\/wp\/v2\/media?parent=58423"}],"wp:term":[{"taxonomy":"product_brand","embeddable":true,"href":"https:\/\/ceasuri.md\/ru\/wp-json\/wp\/v2\/product_brand?post=58423"},{"taxonomy":"product_cat","embeddable":true,"href":"https:\/\/ceasuri.md\/ru\/wp-json\/wp\/v2\/product_cat?post=58423"},{"taxonomy":"product_tag","embeddable":true,"href":"https:\/\/ceasuri.md\/ru\/wp-json\/wp\/v2\/product_tag?post=58423"}],"curies":[{"name":"wp","href":"https:\/\/api.w.org\/{rel}","templated":true}]}}