{"id":58409,"date":"2025-04-17T14:46:38","date_gmt":"2025-04-17T11:46:38","guid":{"rendered":"http:\/\/new.ceasuri.md\/shop\/uncategorized\/edox-grand-ocean-94500-3ca-bucr\/"},"modified":"2026-05-01T19:21:08","modified_gmt":"2026-05-01T16:21:08","slug":"edox-grand-ocean-94500-3ca-bucr","status":"publish","type":"product","link":"https:\/\/ceasuri.md\/ru\/shop\/branduri\/edox\/edox-grand-ocean-94500-3ca-bucr\/","title":{"rendered":"\u0427\u0430\u0441\u044b EDOX GRAND OCEAN 94500-3CA-BUCR"},"content":{"rendered":"<p>Grand Ocean este mult mai mult dec\u00e2t un simplu ceas &#8211; spune povestea naviga\u021biei, a explor\u0103rii \u0219i a \u00eentinderii nelimitate a oceanului. Cu estetica sa izbitoare \u0219i precizia unei mi\u0219c\u0103ri automate fin reglate, acesta stabile\u0219te noi repere pentru ceasurile moderne.<\/p>\n<p>Propulsat de calibrul automat de \u00eencredere 945, bazat pe SW279-1, ofer\u0103 o rezerv\u0103 de putere de 45 de ore &#8211; perfect pentru cei care pornesc \u00een aventuri lungi, ne\u00eentrerupte.<\/p>\n<p>Carcasa din o\u021bel inoxidabil de 40 mm protejeaz\u0103 mi\u0219carea, \u00een timp ce cristalul safir rezistent la zg\u00e2rieturi asigur\u0103 c\u0103 acest ceas r\u0103m\u00e2ne impecabil chiar \u0219i \u00een cele mai dificile condi\u021bii.<\/p>\n<p>Tehnologia \u201eDouble O Ring\u201d \u0219i rezisten\u021ba la ap\u0103 p\u00e2n\u0103 la 300 de metri fac din acest ceas un adev\u0103rat companion pentru ad\u00e2ncurile m\u0103rii. Coroana \u00een\u0219urubat\u0103 garanteaz\u0103 func\u021bionalitate la cel mai \u00eenalt nivel &#8211; un ceas preg\u0103tit pentru orice.<\/p>\n<p>Indicatorul rezervei de energie, secunda mic\u0103 \u0219i data de la ora 3 combin\u0103 func\u021bionalitatea practic\u0103 cu un design care \u00eentruchipeaz\u0103 elegan\u021ba nautic\u0103.<\/p>\n<p>Edox Grand Ocean este ca oceanul \u00eensu\u0219i &#8211; puternic, fiabil \u0219i atemporal de frumos.<\/p>","protected":false},"excerpt":{"rendered":"<p>Grand Ocean este mult mai mult dec\u00e2t un simplu ceas &#8211; spune povestea naviga\u021biei, a explor\u0103rii \u0219i a \u00eentinderii nelimitate a oceanului. Cu estetica sa izbitoare \u0219i precizia unei mi\u0219c\u0103ri automate fin reglate, acesta stabile\u0219te noi repere pentru ceasurile moderne. Propulsat de calibrul automat de \u00eencredere 945, bazat pe SW279-1, ofer\u0103 o rezerv\u0103 de putere [&hellip;]<\/p>\n","protected":false},"featured_media":58410,"comment_status":"closed","ping_status":"open","template":"","meta":{"_acf_changed":false},"product_brand":[],"product_cat":[20,106,107],"product_tag":[],"class_list":{"0":"post-58409","1":"product","2":"type-product","3":"status-publish","4":"has-post-thumbnail","6":"product_cat-ceasuri-barbati","7":"product_cat-ceasuri-premium","8":"product_cat-edox","9":"pa_brand-edox","10":"pa_braslet-cauciuc","11":"pa_corpus-40-mm","12":"pa_forma-rotund","13":"pa_funcii-data","14":"pa_funcii-offset-second-hand","15":"pa_funcii-rezerva-de-energie","16":"pa_garatia-24-luni","17":"pa_korpus-argintiu","18":"pa_material-otel-inoxidabil","19":"pa_mehanizm-mecanic","20":"pa_mehanizm-mecanism-automatic","21":"pa_remeshok-negru","22":"pa_steklo-cristal-safir","23":"pa_strana-elvetia","24":"pa_voda-30-atm","26":"first","27":"instock","28":"purchasable","29":"product-type-simple"},"acf":[],"_links":{"self":[{"href":"https:\/\/ceasuri.md\/ru\/wp-json\/wp\/v2\/product\/58409","targetHints":{"allow":["GET"]}}],"collection":[{"href":"https:\/\/ceasuri.md\/ru\/wp-json\/wp\/v2\/product"}],"about":[{"href":"https:\/\/ceasuri.md\/ru\/wp-json\/wp\/v2\/types\/product"}],"replies":[{"embeddable":true,"href":"https:\/\/ceasuri.md\/ru\/wp-json\/wp\/v2\/comments?post=58409"}],"wp:featuredmedia":[{"embeddable":true,"href":"https:\/\/ceasuri.md\/ru\/wp-json\/wp\/v2\/media\/58410"}],"wp:attachment":[{"href":"https:\/\/ceasuri.md\/ru\/wp-json\/wp\/v2\/media?parent=58409"}],"wp:term":[{"taxonomy":"product_brand","embeddable":true,"href":"https:\/\/ceasuri.md\/ru\/wp-json\/wp\/v2\/product_brand?post=58409"},{"taxonomy":"product_cat","embeddable":true,"href":"https:\/\/ceasuri.md\/ru\/wp-json\/wp\/v2\/product_cat?post=58409"},{"taxonomy":"product_tag","embeddable":true,"href":"https:\/\/ceasuri.md\/ru\/wp-json\/wp\/v2\/product_tag?post=58409"}],"curies":[{"name":"wp","href":"https:\/\/api.w.org\/{rel}","templated":true}]}}