{"id":58395,"date":"2026-04-03T00:49:40","date_gmt":"2026-04-02T21:49:40","guid":{"rendered":"http:\/\/new.ceasuri.md\/shop\/uncategorized\/mathey-tissot-urban-leather-d411nm\/"},"modified":"2026-04-20T01:48:06","modified_gmt":"2026-04-19T22:48:06","slug":"mathey-tissot-urban-leather-d411nm","status":"publish","type":"product","link":"https:\/\/ceasuri.md\/ru\/shop\/branduri\/mathey-tissot\/mathey-tissot-urban-leather-d411nm\/","title":{"rendered":"\u0427\u0430\u0441\u044b MATHEY-TISSOT Urban Leather D411NM"},"content":{"rendered":"<p>Uime\u0219te-i pe to\u021bi cei din jurul t\u0103u purt\u00e2nd acest ceas analogic din colec\u021bia Urban.<\/p>\n<p>\u00cenchis \u00eentr-o carcas\u0103 de 30 mm, cadranul rotund negru este protejat de o sticl\u0103 de safir. Acesta prezint\u0103 trei m\u00e2ini simple.<\/p>\n<p>Cureaua din piele vine \u00eentr-o nuan\u021b\u0103 neagr\u0103 care ridic\u0103 \u0219i mai mult aspectul ceasului. \u00cen plus, este completat cu o \u00eenchidere cu cataram\u0103 pentru a asigura o fixare sigur\u0103 pe \u00eencheietura m\u00e2inii.<\/p>","protected":false},"excerpt":{"rendered":"<p>Uime\u0219te-i pe to\u021bi cei din jurul t\u0103u purt\u00e2nd acest ceas analogic din colec\u021bia Urban. \u00cenchis \u00eentr-o carcas\u0103 de 30 mm, cadranul rotund negru este protejat de o sticl\u0103 de safir. Acesta prezint\u0103 trei m\u00e2ini simple. Cureaua din piele vine \u00eentr-o nuan\u021b\u0103 neagr\u0103 care ridic\u0103 \u0219i mai mult aspectul ceasului. \u00cen plus, este completat cu o [&hellip;]<\/p>\n","protected":false},"featured_media":58396,"comment_status":"closed","ping_status":"open","template":"","meta":{"_acf_changed":false},"product_brand":[],"product_cat":[25,634],"product_tag":[],"class_list":{"0":"post-58395","1":"product","2":"type-product","3":"status-publish","4":"has-post-thumbnail","6":"product_cat-ceasuri-dama","7":"product_cat-mathey-tissot","8":"pa_brand-mathey-tissot","9":"pa_braslet-piele","10":"pa_corpus-30-mm","11":"pa_forma-rotund","12":"pa_funcii-data","13":"pa_garatia-24-luni","14":"pa_korpus-argintiu","15":"pa_kvarc-quartz","16":"pa_material-otel-inoxidabil","17":"pa_mehanizm-quartz","18":"pa_remeshok-negru","19":"pa_steklo-cristal-safir","20":"pa_strana-elvetia","21":"pa_voda-5-atm","23":"first","24":"instock","25":"purchasable","26":"product-type-simple"},"acf":[],"_links":{"self":[{"href":"https:\/\/ceasuri.md\/ru\/wp-json\/wp\/v2\/product\/58395","targetHints":{"allow":["GET"]}}],"collection":[{"href":"https:\/\/ceasuri.md\/ru\/wp-json\/wp\/v2\/product"}],"about":[{"href":"https:\/\/ceasuri.md\/ru\/wp-json\/wp\/v2\/types\/product"}],"replies":[{"embeddable":true,"href":"https:\/\/ceasuri.md\/ru\/wp-json\/wp\/v2\/comments?post=58395"}],"wp:featuredmedia":[{"embeddable":true,"href":"https:\/\/ceasuri.md\/ru\/wp-json\/wp\/v2\/media\/58396"}],"wp:attachment":[{"href":"https:\/\/ceasuri.md\/ru\/wp-json\/wp\/v2\/media?parent=58395"}],"wp:term":[{"taxonomy":"product_brand","embeddable":true,"href":"https:\/\/ceasuri.md\/ru\/wp-json\/wp\/v2\/product_brand?post=58395"},{"taxonomy":"product_cat","embeddable":true,"href":"https:\/\/ceasuri.md\/ru\/wp-json\/wp\/v2\/product_cat?post=58395"},{"taxonomy":"product_tag","embeddable":true,"href":"https:\/\/ceasuri.md\/ru\/wp-json\/wp\/v2\/product_tag?post=58395"}],"curies":[{"name":"wp","href":"https:\/\/api.w.org\/{rel}","templated":true}]}}