{"id":58391,"date":"2026-04-03T00:49:40","date_gmt":"2026-04-02T21:49:40","guid":{"rendered":"http:\/\/new.ceasuri.md\/shop\/uncategorized\/mathey-tissot-mathy-ii-d710apu\/"},"modified":"2026-04-20T01:48:06","modified_gmt":"2026-04-19T22:48:06","slug":"mathey-tissot-mathy-ii-d710apu","status":"publish","type":"product","link":"https:\/\/ceasuri.md\/ru\/shop\/branduri\/mathey-tissot\/mathey-tissot-mathy-ii-d710apu\/","title":{"rendered":"\u0427\u0430\u0441\u044b MATHEY-TISSOT Mathy II D710APU"},"content":{"rendered":"<p>Experimenta\u021bi m\u0103iestria atemporal\u0103 cu un ceas care reflect\u0103 precizie \u0219i aten\u021bie la detalii.<\/p>\n<p>G\u0103zduit \u00eentr-o carcas\u0103 durabil\u0103 din o\u021bel inoxidabil, ceasul are un cadran analogic cu m\u00e2ini luminoase \u0219i indicatoare de minute.<\/p>\n<p>Cristal mineral protejeaz\u0103 cadranul, iar coroana ofer\u0103 o reglare u\u0219oar\u0103.<\/p>\n<p>O br\u0103\u021bar\u0103 cu \u00eenchidere deployant\u0103 asigur\u0103 o fixare sigur\u0103, \u00een timp ce rezisten\u021ba la ap\u0103 p\u00e2n\u0103 la 50 de metri adaug\u0103 durabilitate func\u021bional\u0103.<\/p>\n<p>Echipat cu o mi\u0219care de cuar\u021b fiabil\u0103, acest ceas este caracterizat de precizie \u0219i manoper\u0103 rafinat\u0103.<\/p>","protected":false},"excerpt":{"rendered":"<p>Experimenta\u021bi m\u0103iestria atemporal\u0103 cu un ceas care reflect\u0103 precizie \u0219i aten\u021bie la detalii. G\u0103zduit \u00eentr-o carcas\u0103 durabil\u0103 din o\u021bel inoxidabil, ceasul are un cadran analogic cu m\u00e2ini luminoase \u0219i indicatoare de minute. Cristal mineral protejeaz\u0103 cadranul, iar coroana ofer\u0103 o reglare u\u0219oar\u0103. O br\u0103\u021bar\u0103 cu \u00eenchidere deployant\u0103 asigur\u0103 o fixare sigur\u0103, \u00een timp ce rezisten\u021ba [&hellip;]<\/p>\n","protected":false},"featured_media":58392,"comment_status":"closed","ping_status":"open","template":"","meta":{"_acf_changed":false},"product_brand":[],"product_cat":[25,634],"product_tag":[],"class_list":{"0":"post-58391","1":"product","2":"type-product","3":"status-publish","4":"has-post-thumbnail","6":"product_cat-ceasuri-dama","7":"product_cat-mathey-tissot","8":"pa_brand-mathey-tissot","9":"pa_braslet-otel-inoxidabil","10":"pa_corpus-26-mm","11":"pa_decor-zirconiu","12":"pa_forma-rotund","13":"pa_funcii-data","14":"pa_garatia-24-luni","15":"pa_korpus-argintiu","16":"pa_kvarc-quartz","17":"pa_material-otel-inoxidabil","18":"pa_mehanizm-quartz","19":"pa_remeshok-argintiu","20":"pa_steklo-cristal-mineral","21":"pa_strana-elvetia","22":"pa_voda-5-atm","24":"first","25":"instock","26":"purchasable","27":"product-type-simple"},"acf":[],"_links":{"self":[{"href":"https:\/\/ceasuri.md\/ru\/wp-json\/wp\/v2\/product\/58391","targetHints":{"allow":["GET"]}}],"collection":[{"href":"https:\/\/ceasuri.md\/ru\/wp-json\/wp\/v2\/product"}],"about":[{"href":"https:\/\/ceasuri.md\/ru\/wp-json\/wp\/v2\/types\/product"}],"replies":[{"embeddable":true,"href":"https:\/\/ceasuri.md\/ru\/wp-json\/wp\/v2\/comments?post=58391"}],"wp:featuredmedia":[{"embeddable":true,"href":"https:\/\/ceasuri.md\/ru\/wp-json\/wp\/v2\/media\/58392"}],"wp:attachment":[{"href":"https:\/\/ceasuri.md\/ru\/wp-json\/wp\/v2\/media?parent=58391"}],"wp:term":[{"taxonomy":"product_brand","embeddable":true,"href":"https:\/\/ceasuri.md\/ru\/wp-json\/wp\/v2\/product_brand?post=58391"},{"taxonomy":"product_cat","embeddable":true,"href":"https:\/\/ceasuri.md\/ru\/wp-json\/wp\/v2\/product_cat?post=58391"},{"taxonomy":"product_tag","embeddable":true,"href":"https:\/\/ceasuri.md\/ru\/wp-json\/wp\/v2\/product_tag?post=58391"}],"curies":[{"name":"wp","href":"https:\/\/api.w.org\/{rel}","templated":true}]}}