{"id":58382,"date":"2025-04-16T06:26:38","date_gmt":"2025-04-16T03:26:38","guid":{"rendered":"http:\/\/new.ceasuri.md\/shop\/uncategorized\/mathey-tissot-monsoon-square-d7917as\/"},"modified":"2026-05-01T19:20:54","modified_gmt":"2026-05-01T16:20:54","slug":"mathey-tissot-monsoon-square-d7917as","status":"publish","type":"product","link":"https:\/\/ceasuri.md\/ru\/shop\/branduri\/mathey-tissot\/mathey-tissot-monsoon-square-d7917as\/","title":{"rendered":"\u0427\u0430\u0441\u044b MATHEY-TISSOT Monsoon Square D7917AS"},"content":{"rendered":"<p>Acest ceas clasic va ad\u0103uga o not\u0103 de sofisticare \u0219i farmec subtil look-ului unei femei, subliniind personalitatea \u0219i stilul posesoarei sale.<\/p>\n<p>Carcas\u0103 octogonal\u0103 din o\u021bel cu suprafa\u021b\u0103 lucioas\u0103.<\/p>\n<p>Cadranul argintiu este realizat prin tehnologia Sunray \u0219i protejat de sticl\u0103 mineral\u0103 acoperit\u0103 cu safir. Marcajele sunt sub form\u0103 de liniu\u021be. F\u0103r\u0103 m\u00e2n\u0103 de secunde.<\/p>\n<p>Coroan\u0103 canelat\u0103.<\/p>\n<p>Br\u0103\u021bar\u0103 din o\u021bel cu \u00eempletitur\u0103 milanez\u0103.<\/p>","protected":false},"excerpt":{"rendered":"<p>Acest ceas clasic va ad\u0103uga o not\u0103 de sofisticare \u0219i farmec subtil look-ului unei femei, subliniind personalitatea \u0219i stilul posesoarei sale. Carcas\u0103 octogonal\u0103 din o\u021bel cu suprafa\u021b\u0103 lucioas\u0103. Cadranul argintiu este realizat prin tehnologia Sunray \u0219i protejat de sticl\u0103 mineral\u0103 acoperit\u0103 cu safir. Marcajele sunt sub form\u0103 de liniu\u021be. F\u0103r\u0103 m\u00e2n\u0103 de secunde. Coroan\u0103 canelat\u0103. [&hellip;]<\/p>\n","protected":false},"featured_media":58383,"comment_status":"closed","ping_status":"open","template":"","meta":{"_acf_changed":false},"product_brand":[],"product_cat":[25,634],"product_tag":[],"class_list":{"0":"post-58382","1":"product","2":"type-product","3":"status-publish","4":"has-post-thumbnail","6":"product_cat-ceasuri-dama","7":"product_cat-mathey-tissot","8":"pa_brand-mathey-tissot","9":"pa_braslet-otel-inoxidabil","10":"pa_corpus-32-mm","11":"pa_forma-octogonala","12":"pa_garatia-24-luni","13":"pa_korpus-argintiu","14":"pa_kvarc-quartz","15":"pa_material-otel-inoxidabil","16":"pa_mehanizm-quartz","17":"pa_remeshok-argintiu","18":"pa_steklo-cristal-safir","19":"pa_strana-elvetia","20":"pa_voda-5-atm","22":"first","23":"instock","24":"purchasable","25":"product-type-simple"},"acf":[],"_links":{"self":[{"href":"https:\/\/ceasuri.md\/ru\/wp-json\/wp\/v2\/product\/58382","targetHints":{"allow":["GET"]}}],"collection":[{"href":"https:\/\/ceasuri.md\/ru\/wp-json\/wp\/v2\/product"}],"about":[{"href":"https:\/\/ceasuri.md\/ru\/wp-json\/wp\/v2\/types\/product"}],"replies":[{"embeddable":true,"href":"https:\/\/ceasuri.md\/ru\/wp-json\/wp\/v2\/comments?post=58382"}],"wp:featuredmedia":[{"embeddable":true,"href":"https:\/\/ceasuri.md\/ru\/wp-json\/wp\/v2\/media\/58383"}],"wp:attachment":[{"href":"https:\/\/ceasuri.md\/ru\/wp-json\/wp\/v2\/media?parent=58382"}],"wp:term":[{"taxonomy":"product_brand","embeddable":true,"href":"https:\/\/ceasuri.md\/ru\/wp-json\/wp\/v2\/product_brand?post=58382"},{"taxonomy":"product_cat","embeddable":true,"href":"https:\/\/ceasuri.md\/ru\/wp-json\/wp\/v2\/product_cat?post=58382"},{"taxonomy":"product_tag","embeddable":true,"href":"https:\/\/ceasuri.md\/ru\/wp-json\/wp\/v2\/product_tag?post=58382"}],"curies":[{"name":"wp","href":"https:\/\/api.w.org\/{rel}","templated":true}]}}