{"id":58373,"date":"2026-04-03T00:49:40","date_gmt":"2026-04-02T21:49:40","guid":{"rendered":"http:\/\/new.ceasuri.md\/shop\/uncategorized\/mathey-tissot-mathy-iii-d810apu\/"},"modified":"2026-04-15T21:06:51","modified_gmt":"2026-04-15T18:06:51","slug":"mathey-tissot-mathy-iii-d810apu","status":"publish","type":"product","link":"https:\/\/ceasuri.md\/ru\/shop\/branduri\/mathey-tissot\/mathey-tissot-mathy-iii-d810apu\/","title":{"rendered":"Ceas MATHEY-TISSOT Mathy III D810APU"},"content":{"rendered":"<p>Un ceas bine lucrat care combin\u0103 precizia cu designul atemporal.<\/p>\n<p>Carcasa \u0219i br\u0103\u021bara din o\u021bel inoxidabil de 30 mm \u00eei sporesc farmecul rafinat, \u00een timp ce luneta fix\u0103 adaug\u0103 un finisaj f\u0103r\u0103 cusur.<\/p>\n<p>Cu m\u00e2ini luminescente, un afi\u0219aj al datei u\u0219or de citit la ora 3 \u0219i o mi\u0219care fiabil\u0103 cu cuar\u021b, acesta ofer\u0103 func\u021bionalitate cu elegan\u021b\u0103.<\/p>\n<p>Cristal mineral \u0219i spatele robust al carcasei asigur\u0103 o durabilitate \u00eendelungat\u0103, completate de o coroan\u0103 de tip pull-push pentru un plus de confort.<\/p>\n<p>Rezisten\u021ba la ap\u0103 de p\u00e2n\u0103 la 50 m \u00eel face un ceas versatil \u0219i durabil.<\/p>","protected":false},"excerpt":{"rendered":"<p>Un ceas bine lucrat care combin\u0103 precizia cu designul atemporal. Carcasa \u0219i br\u0103\u021bara din o\u021bel inoxidabil de 30 mm \u00eei sporesc farmecul rafinat, \u00een timp ce luneta fix\u0103 adaug\u0103 un finisaj f\u0103r\u0103 cusur. Cu m\u00e2ini luminescente, un afi\u0219aj al datei u\u0219or de citit la ora 3 \u0219i o mi\u0219care fiabil\u0103 cu cuar\u021b, acesta ofer\u0103 func\u021bionalitate [&hellip;]<\/p>\n","protected":false},"featured_media":58374,"comment_status":"closed","ping_status":"open","template":"","meta":{"_acf_changed":false},"product_brand":[],"product_cat":[25,634],"product_tag":[],"class_list":{"0":"post-58373","1":"product","2":"type-product","3":"status-publish","4":"has-post-thumbnail","6":"product_cat-ceasuri-dama","7":"product_cat-mathey-tissot","8":"pa_brand-mathey-tissot","9":"pa_braslet-otel-inoxidabil","10":"pa_corpus-30-mm","11":"pa_decor-zirconiu","12":"pa_forma-rotund","13":"pa_funcii-data","14":"pa_garatia-24-luni","15":"pa_korpus-argintiu","16":"pa_kvarc-quartz","17":"pa_material-otel-inoxidabil","18":"pa_mehanizm-quartz","19":"pa_remeshok-argintiu","20":"pa_steklo-cristal-mineral","21":"pa_strana-elvetia","22":"pa_voda-5-atm","24":"first","25":"instock","26":"purchasable","27":"product-type-simple"},"acf":[],"_links":{"self":[{"href":"https:\/\/ceasuri.md\/ru\/wp-json\/wp\/v2\/product\/58373","targetHints":{"allow":["GET"]}}],"collection":[{"href":"https:\/\/ceasuri.md\/ru\/wp-json\/wp\/v2\/product"}],"about":[{"href":"https:\/\/ceasuri.md\/ru\/wp-json\/wp\/v2\/types\/product"}],"replies":[{"embeddable":true,"href":"https:\/\/ceasuri.md\/ru\/wp-json\/wp\/v2\/comments?post=58373"}],"wp:featuredmedia":[{"embeddable":true,"href":"https:\/\/ceasuri.md\/ru\/wp-json\/wp\/v2\/media\/58374"}],"wp:attachment":[{"href":"https:\/\/ceasuri.md\/ru\/wp-json\/wp\/v2\/media?parent=58373"}],"wp:term":[{"taxonomy":"product_brand","embeddable":true,"href":"https:\/\/ceasuri.md\/ru\/wp-json\/wp\/v2\/product_brand?post=58373"},{"taxonomy":"product_cat","embeddable":true,"href":"https:\/\/ceasuri.md\/ru\/wp-json\/wp\/v2\/product_cat?post=58373"},{"taxonomy":"product_tag","embeddable":true,"href":"https:\/\/ceasuri.md\/ru\/wp-json\/wp\/v2\/product_tag?post=58373"}],"curies":[{"name":"wp","href":"https:\/\/api.w.org\/{rel}","templated":true}]}}