{"id":58366,"date":"2026-04-03T00:49:40","date_gmt":"2026-04-02T21:49:40","guid":{"rendered":"http:\/\/new.ceasuri.md\/shop\/uncategorized\/mathey-tissot-urban-automatic-h411atabu\/"},"modified":"2026-04-20T01:48:09","modified_gmt":"2026-04-19T22:48:09","slug":"mathey-tissot-urban-automatic-h411atabu","status":"publish","type":"product","link":"https:\/\/ceasuri.md\/ru\/shop\/branduri\/mathey-tissot\/mathey-tissot-urban-automatic-h411atabu\/","title":{"rendered":"\u0427\u0430\u0441\u044b MATHEY-TISSOT Urban Automatic H411ATABU"},"content":{"rendered":"<p>Ridica\u021bi-v\u0103 stilul cu un ceas creat pentru precizie \u0219i durabilitate.<\/p>\n<p>Carcasa \u0219i br\u0103\u021bara din o\u021bel inoxidabil ofer\u0103 un farmec atemporal, asociat cu un luneta fix\u0103 pentru un plus de rafinament.<\/p>\n<p>M\u0103sur\u00e2nd 42 mm \u00een diametru, cadranul prezint\u0103 m\u00e2ini luminescente \u0219i un afi\u0219aj al datei pozi\u021bionat la ora 3 pentru o func\u021bionalitate sporit\u0103.<\/p>\n<p>Propulsat de o mi\u0219care automat\u0103 \u0219i protejat de un cristal de safir rezistent la zg\u00e2rieturi, acesta asigur\u0103 o performan\u021b\u0103 de durat\u0103.<\/p>\n<p>Coroana cu tragere \u0219i spatele transparent al carcasei eviden\u021biaz\u0103 designul s\u0103u atent, \u00een timp ce rezisten\u021ba la ap\u0103 de p\u00e2n\u0103 la 50 m adaug\u0103 un caracter practic pentru purtarea zilnic\u0103.<\/p>","protected":false},"excerpt":{"rendered":"<p>Ridica\u021bi-v\u0103 stilul cu un ceas creat pentru precizie \u0219i durabilitate. Carcasa \u0219i br\u0103\u021bara din o\u021bel inoxidabil ofer\u0103 un farmec atemporal, asociat cu un luneta fix\u0103 pentru un plus de rafinament. M\u0103sur\u00e2nd 42 mm \u00een diametru, cadranul prezint\u0103 m\u00e2ini luminescente \u0219i un afi\u0219aj al datei pozi\u021bionat la ora 3 pentru o func\u021bionalitate sporit\u0103. Propulsat de o [&hellip;]<\/p>\n","protected":false},"featured_media":58367,"comment_status":"closed","ping_status":"open","template":"","meta":{"_acf_changed":false},"product_brand":[],"product_cat":[20,634],"product_tag":[],"class_list":{"0":"post-58366","1":"product","2":"type-product","3":"status-publish","4":"has-post-thumbnail","6":"product_cat-ceasuri-barbati","7":"product_cat-mathey-tissot","8":"pa_brand-mathey-tissot","9":"pa_braslet-otel-inoxidabil","10":"pa_corpus-42-mm","11":"pa_forma-rotund","12":"pa_funcii-data","13":"pa_garatia-24-luni","14":"pa_korpus-argintiu","15":"pa_material-otel-inoxidabil","16":"pa_mehanizm-mecanic","17":"pa_mehanizm-mecanism-automatic","18":"pa_remeshok-argintiu","19":"pa_steklo-cristal-safir","20":"pa_strana-elvetia","21":"pa_voda-5-atm","23":"first","24":"instock","25":"purchasable","26":"product-type-simple"},"acf":[],"_links":{"self":[{"href":"https:\/\/ceasuri.md\/ru\/wp-json\/wp\/v2\/product\/58366","targetHints":{"allow":["GET"]}}],"collection":[{"href":"https:\/\/ceasuri.md\/ru\/wp-json\/wp\/v2\/product"}],"about":[{"href":"https:\/\/ceasuri.md\/ru\/wp-json\/wp\/v2\/types\/product"}],"replies":[{"embeddable":true,"href":"https:\/\/ceasuri.md\/ru\/wp-json\/wp\/v2\/comments?post=58366"}],"wp:featuredmedia":[{"embeddable":true,"href":"https:\/\/ceasuri.md\/ru\/wp-json\/wp\/v2\/media\/58367"}],"wp:attachment":[{"href":"https:\/\/ceasuri.md\/ru\/wp-json\/wp\/v2\/media?parent=58366"}],"wp:term":[{"taxonomy":"product_brand","embeddable":true,"href":"https:\/\/ceasuri.md\/ru\/wp-json\/wp\/v2\/product_brand?post=58366"},{"taxonomy":"product_cat","embeddable":true,"href":"https:\/\/ceasuri.md\/ru\/wp-json\/wp\/v2\/product_cat?post=58366"},{"taxonomy":"product_tag","embeddable":true,"href":"https:\/\/ceasuri.md\/ru\/wp-json\/wp\/v2\/product_tag?post=58366"}],"curies":[{"name":"wp","href":"https:\/\/api.w.org\/{rel}","templated":true}]}}