{"id":58352,"date":"2026-04-03T00:49:40","date_gmt":"2026-04-02T21:49:40","guid":{"rendered":"http:\/\/new.ceasuri.md\/shop\/uncategorized\/mathey-tissot-urban-automatic-h411atbi\/"},"modified":"2026-04-20T01:48:11","modified_gmt":"2026-04-19T22:48:11","slug":"mathey-tissot-urban-automatic-h411atbi","status":"publish","type":"product","link":"https:\/\/ceasuri.md\/ru\/shop\/branduri\/mathey-tissot\/mathey-tissot-urban-automatic-h411atbi\/","title":{"rendered":"\u0427\u0430\u0441\u044b MATHEY-TISSOT Urban Automatic H411ATBI"},"content":{"rendered":"<p>Ridica\u021bi-v\u0103 stilul cu un ceas care combin\u0103 precizia \u0219i m\u0103iestria atemporal\u0103.<\/p>\n<p>Carcasa din o\u021bel inoxidabil de 42 mm este completat\u0103 de o br\u0103\u021bar\u0103 bicolor\u0103, oferind durabilitate \u0219i un design rafinat.<\/p>\n<p>Cristalul safir rezistent la zg\u00e2rieturi protejeaz\u0103 cadranul analogic, care are m\u00e2ini luminescente pentru o vizibilitate sporit\u0103.<\/p>\n<p>Coroana de tip pull-push asigur\u0103 o reglare perfect\u0103 a orei, \u00een timp ce mi\u0219carea automat\u0103 garanteaz\u0103 o performan\u021b\u0103 precis\u0103.<\/p>\n<p>Partea din spate transparent\u0103 a carcasei.<\/p>\n<p>Rezisten\u021ba la ap\u0103 p\u00e2n\u0103 la 50 m asigur\u0103 fiabilitatea pentru purtarea zilnic\u0103.<\/p>","protected":false},"excerpt":{"rendered":"<p>Ridica\u021bi-v\u0103 stilul cu un ceas care combin\u0103 precizia \u0219i m\u0103iestria atemporal\u0103. Carcasa din o\u021bel inoxidabil de 42 mm este completat\u0103 de o br\u0103\u021bar\u0103 bicolor\u0103, oferind durabilitate \u0219i un design rafinat. Cristalul safir rezistent la zg\u00e2rieturi protejeaz\u0103 cadranul analogic, care are m\u00e2ini luminescente pentru o vizibilitate sporit\u0103. Coroana de tip pull-push asigur\u0103 o reglare perfect\u0103 a [&hellip;]<\/p>\n","protected":false},"featured_media":58353,"comment_status":"closed","ping_status":"open","template":"","meta":{"_acf_changed":false},"product_brand":[],"product_cat":[20,634],"product_tag":[],"class_list":{"0":"post-58352","1":"product","2":"type-product","3":"status-publish","4":"has-post-thumbnail","6":"product_cat-ceasuri-barbati","7":"product_cat-mathey-tissot","8":"pa_brand-mathey-tissot","9":"pa_braslet-otel-inoxidabil","10":"pa_corpus-42-mm","11":"pa_forma-rotund","12":"pa_funcii-data","13":"pa_garatia-24-luni","14":"pa_korpus-argintiu","15":"pa_material-otel-inoxidabil","16":"pa_mehanizm-mecanic","17":"pa_mehanizm-mecanism-automatic","18":"pa_remeshok-bicolor","19":"pa_steklo-cristal-safir","20":"pa_strana-elvetia","21":"pa_voda-5-atm","23":"first","24":"instock","25":"purchasable","26":"product-type-simple"},"acf":[],"_links":{"self":[{"href":"https:\/\/ceasuri.md\/ru\/wp-json\/wp\/v2\/product\/58352","targetHints":{"allow":["GET"]}}],"collection":[{"href":"https:\/\/ceasuri.md\/ru\/wp-json\/wp\/v2\/product"}],"about":[{"href":"https:\/\/ceasuri.md\/ru\/wp-json\/wp\/v2\/types\/product"}],"replies":[{"embeddable":true,"href":"https:\/\/ceasuri.md\/ru\/wp-json\/wp\/v2\/comments?post=58352"}],"wp:featuredmedia":[{"embeddable":true,"href":"https:\/\/ceasuri.md\/ru\/wp-json\/wp\/v2\/media\/58353"}],"wp:attachment":[{"href":"https:\/\/ceasuri.md\/ru\/wp-json\/wp\/v2\/media?parent=58352"}],"wp:term":[{"taxonomy":"product_brand","embeddable":true,"href":"https:\/\/ceasuri.md\/ru\/wp-json\/wp\/v2\/product_brand?post=58352"},{"taxonomy":"product_cat","embeddable":true,"href":"https:\/\/ceasuri.md\/ru\/wp-json\/wp\/v2\/product_cat?post=58352"},{"taxonomy":"product_tag","embeddable":true,"href":"https:\/\/ceasuri.md\/ru\/wp-json\/wp\/v2\/product_tag?post=58352"}],"curies":[{"name":"wp","href":"https:\/\/api.w.org\/{rel}","templated":true}]}}