{"id":58344,"date":"2026-04-03T00:49:40","date_gmt":"2026-04-02T21:49:40","guid":{"rendered":"http:\/\/new.ceasuri.md\/shop\/uncategorized\/mathey-tissot-urban-moon-h411lan\/"},"modified":"2026-04-20T01:48:12","modified_gmt":"2026-04-19T22:48:12","slug":"mathey-tissot-urban-moon-h411lan","status":"publish","type":"product","link":"https:\/\/ceasuri.md\/ru\/shop\/branduri\/mathey-tissot\/mathey-tissot-urban-moon-h411lan\/","title":{"rendered":"\u0427\u0430\u0441\u044b MATHEY-TISSOT Urban Moon H411LAN"},"content":{"rendered":"<p>Ceasul original va deveni punctul culminant al imaginii unui b\u0103rbat, atr\u0103g\u00e2nd aten\u021bia asupra detaliilor \u0219i subliniind individualitatea proprietarului s\u0103u.<\/p>\n<p>Carcas\u0103 rotund\u0103 din o\u021bel cu suprafa\u021b\u0103 lucioas\u0103.<\/p>\n<p>Cadranul este realizat prin tehnologia Sunray. Indicatoare de bord \u0219i cifra arab\u0103 12. Fereastra datei este la ora 6.<\/p>\n<p>M\u00e2ini \u00een form\u0103 de sabie cu strat luminescent care str\u0103luce\u0219te \u00een \u00eentuneric dup\u0103 o scurt\u0103 \u00eenc\u0103rcare \u00een lumin\u0103. A doua m\u00e2n\u0103 decorat\u0103 cu logo-ul m\u0103rcii.<\/p>\n<p>Indicator suplimentar cu afi\u0219area fazelor lunii.<\/p>\n<p>Curea confortabil\u0103 din piele cataram\u0103 clasic\u0103.<\/p>","protected":false},"excerpt":{"rendered":"<p>Ceasul original va deveni punctul culminant al imaginii unui b\u0103rbat, atr\u0103g\u00e2nd aten\u021bia asupra detaliilor \u0219i subliniind individualitatea proprietarului s\u0103u. Carcas\u0103 rotund\u0103 din o\u021bel cu suprafa\u021b\u0103 lucioas\u0103. Cadranul este realizat prin tehnologia Sunray. Indicatoare de bord \u0219i cifra arab\u0103 12. Fereastra datei este la ora 6. M\u00e2ini \u00een form\u0103 de sabie cu strat luminescent care str\u0103luce\u0219te [&hellip;]<\/p>\n","protected":false},"featured_media":58345,"comment_status":"closed","ping_status":"open","template":"","meta":{"_acf_changed":false},"product_brand":[],"product_cat":[20,634],"product_tag":[],"class_list":{"0":"post-58344","1":"product","2":"type-product","3":"status-publish","4":"has-post-thumbnail","6":"product_cat-ceasuri-barbati","7":"product_cat-mathey-tissot","8":"pa_brand-mathey-tissot","9":"pa_braslet-piele","10":"pa_corpus-42-mm","11":"pa_forma-rotund","12":"pa_funcii-data","13":"pa_funcii-fazele-lunii","14":"pa_garatia-24-luni","15":"pa_korpus-argintiu","16":"pa_kvarc-quartz","17":"pa_material-otel-inoxidabil","18":"pa_mehanizm-quartz","19":"pa_remeshok-negru","20":"pa_steklo-cristal-safir","21":"pa_strana-elvetia","22":"pa_voda-5-atm","24":"first","25":"instock","26":"purchasable","27":"product-type-simple"},"acf":[],"_links":{"self":[{"href":"https:\/\/ceasuri.md\/ru\/wp-json\/wp\/v2\/product\/58344","targetHints":{"allow":["GET"]}}],"collection":[{"href":"https:\/\/ceasuri.md\/ru\/wp-json\/wp\/v2\/product"}],"about":[{"href":"https:\/\/ceasuri.md\/ru\/wp-json\/wp\/v2\/types\/product"}],"replies":[{"embeddable":true,"href":"https:\/\/ceasuri.md\/ru\/wp-json\/wp\/v2\/comments?post=58344"}],"wp:featuredmedia":[{"embeddable":true,"href":"https:\/\/ceasuri.md\/ru\/wp-json\/wp\/v2\/media\/58345"}],"wp:attachment":[{"href":"https:\/\/ceasuri.md\/ru\/wp-json\/wp\/v2\/media?parent=58344"}],"wp:term":[{"taxonomy":"product_brand","embeddable":true,"href":"https:\/\/ceasuri.md\/ru\/wp-json\/wp\/v2\/product_brand?post=58344"},{"taxonomy":"product_cat","embeddable":true,"href":"https:\/\/ceasuri.md\/ru\/wp-json\/wp\/v2\/product_cat?post=58344"},{"taxonomy":"product_tag","embeddable":true,"href":"https:\/\/ceasuri.md\/ru\/wp-json\/wp\/v2\/product_tag?post=58344"}],"curies":[{"name":"wp","href":"https:\/\/api.w.org\/{rel}","templated":true}]}}