{"id":58339,"date":"2025-04-16T06:26:35","date_gmt":"2025-04-16T03:26:35","guid":{"rendered":"http:\/\/new.ceasuri.md\/shop\/uncategorized\/mathey-tissot-urban-metal-h411mnn\/"},"modified":"2026-05-01T19:20:33","modified_gmt":"2026-05-01T16:20:33","slug":"mathey-tissot-urban-metal-h411mnn","status":"publish","type":"product","link":"https:\/\/ceasuri.md\/ru\/shop\/branduri\/mathey-tissot\/mathey-tissot-urban-metal-h411mnn\/","title":{"rendered":"\u0427\u0430\u0441\u044b MATHEY-TISSOT Urban Metal H411MNN"},"content":{"rendered":"<p>Un amestec elegant de design \u0219i func\u021bionalitate, acest ceas este protejat de un cristal de safir pentru durabilitate \u0219i claritate.<\/p>\n<p>Carcasa cu diametrul de 42 mm este echipat\u0103 cu o mi\u0219care de precizie cu cuar\u021b \u0219i trei m\u00e2ini pentru o m\u0103surare u\u0219oar\u0103 a timpului.<\/p>\n<p>Detaliile atent lucrate confer\u0103 ceasului un aspect distinctiv, \u00een timp ce br\u0103\u021bara din o\u021bel inoxidabil asigur\u0103 o fixare sigur\u0103 cu o \u00eencuietoare cu buton.<\/p>\n<p>Construit pentru fiabilitate, fiecare element al ceasului a fost atent analizat pentru a oferi echilibrul perfect \u00eentre stil \u0219i performan\u021b\u0103.<\/p>","protected":false},"excerpt":{"rendered":"<p>Un amestec elegant de design \u0219i func\u021bionalitate, acest ceas este protejat de un cristal de safir pentru durabilitate \u0219i claritate. Carcasa cu diametrul de 42 mm este echipat\u0103 cu o mi\u0219care de precizie cu cuar\u021b \u0219i trei m\u00e2ini pentru o m\u0103surare u\u0219oar\u0103 a timpului. Detaliile atent lucrate confer\u0103 ceasului un aspect distinctiv, \u00een timp ce [&hellip;]<\/p>\n","protected":false},"featured_media":58340,"comment_status":"closed","ping_status":"open","template":"","meta":{"_acf_changed":false},"product_brand":[],"product_cat":[20,634],"product_tag":[],"class_list":{"0":"post-58339","1":"product","2":"type-product","3":"status-publish","4":"has-post-thumbnail","6":"product_cat-ceasuri-barbati","7":"product_cat-mathey-tissot","8":"pa_brand-mathey-tissot","9":"pa_braslet-otel-inoxidabil","10":"pa_corpus-42-mm","11":"pa_forma-rotund","12":"pa_funcii-data","13":"pa_garatia-24-luni","14":"pa_korpus-negru","15":"pa_kvarc-quartz","16":"pa_material-otel-inoxidabil","17":"pa_mehanizm-quartz","18":"pa_remeshok-negru","19":"pa_steklo-cristal-safir","20":"pa_strana-elvetia","21":"pa_voda-5-atm","23":"first","24":"instock","25":"purchasable","26":"product-type-simple"},"acf":[],"_links":{"self":[{"href":"https:\/\/ceasuri.md\/ru\/wp-json\/wp\/v2\/product\/58339","targetHints":{"allow":["GET"]}}],"collection":[{"href":"https:\/\/ceasuri.md\/ru\/wp-json\/wp\/v2\/product"}],"about":[{"href":"https:\/\/ceasuri.md\/ru\/wp-json\/wp\/v2\/types\/product"}],"replies":[{"embeddable":true,"href":"https:\/\/ceasuri.md\/ru\/wp-json\/wp\/v2\/comments?post=58339"}],"wp:featuredmedia":[{"embeddable":true,"href":"https:\/\/ceasuri.md\/ru\/wp-json\/wp\/v2\/media\/58340"}],"wp:attachment":[{"href":"https:\/\/ceasuri.md\/ru\/wp-json\/wp\/v2\/media?parent=58339"}],"wp:term":[{"taxonomy":"product_brand","embeddable":true,"href":"https:\/\/ceasuri.md\/ru\/wp-json\/wp\/v2\/product_brand?post=58339"},{"taxonomy":"product_cat","embeddable":true,"href":"https:\/\/ceasuri.md\/ru\/wp-json\/wp\/v2\/product_cat?post=58339"},{"taxonomy":"product_tag","embeddable":true,"href":"https:\/\/ceasuri.md\/ru\/wp-json\/wp\/v2\/product_tag?post=58339"}],"curies":[{"name":"wp","href":"https:\/\/api.w.org\/{rel}","templated":true}]}}