{"id":58332,"date":"2026-04-03T00:48:49","date_gmt":"2026-04-02T21:48:49","guid":{"rendered":"http:\/\/new.ceasuri.md\/shop\/uncategorized\/mathey-tissot-urban-leather-h411nn\/"},"modified":"2026-04-20T01:48:13","modified_gmt":"2026-04-19T22:48:13","slug":"mathey-tissot-urban-leather-h411nn","status":"publish","type":"product","link":"https:\/\/ceasuri.md\/ru\/shop\/branduri\/mathey-tissot\/mathey-tissot-urban-leather-h411nn\/","title":{"rendered":"\u0427\u0430\u0441\u044b MATHEY-TISSOT Urban Leather H411NN"},"content":{"rendered":"<p>Impresiona\u021bi-i pe ceilal\u021bi cu acest ceas analogic din colec\u021bia Urban Leather de la Mathey Tissot.<\/p>\n<p>Cadranul rotund negru este protejat de un cristal de safir. Acesta prezint\u0103 trei m\u00e2ini \u0219i data la ora 6.<\/p>\n<p>Cureaua din piele neagr\u0103 subliniaz\u0103 \u0219i mai mult stilul ceasului. De asemenea, are o \u00eenchidere cu cataram\u0103 pentru o fixare sigur\u0103 pe \u00eencheietura m\u00e2inii.<\/p>","protected":false},"excerpt":{"rendered":"<p>Impresiona\u021bi-i pe ceilal\u021bi cu acest ceas analogic din colec\u021bia Urban Leather de la Mathey Tissot. Cadranul rotund negru este protejat de un cristal de safir. Acesta prezint\u0103 trei m\u00e2ini \u0219i data la ora 6. Cureaua din piele neagr\u0103 subliniaz\u0103 \u0219i mai mult stilul ceasului. De asemenea, are o \u00eenchidere cu cataram\u0103 pentru o fixare sigur\u0103 [&hellip;]<\/p>\n","protected":false},"featured_media":58333,"comment_status":"closed","ping_status":"open","template":"","meta":{"_acf_changed":false},"product_brand":[],"product_cat":[20,25,634],"product_tag":[],"class_list":{"0":"post-58332","1":"product","2":"type-product","3":"status-publish","4":"has-post-thumbnail","6":"product_cat-ceasuri-barbati","7":"product_cat-ceasuri-dama","8":"product_cat-mathey-tissot","9":"pa_brand-mathey-tissot","10":"pa_braslet-piele","11":"pa_corpus-42-mm","12":"pa_forma-rotund","13":"pa_funcii-data","14":"pa_garatia-24-luni","15":"pa_korpus-negru","16":"pa_kvarc-quartz","17":"pa_material-otel-inoxidabil","18":"pa_mehanizm-quartz","19":"pa_remeshok-negru","20":"pa_steklo-cristal-safir","21":"pa_strana-elvetia","22":"pa_voda-5-atm","24":"first","25":"instock","26":"purchasable","27":"product-type-simple"},"acf":[],"_links":{"self":[{"href":"https:\/\/ceasuri.md\/ru\/wp-json\/wp\/v2\/product\/58332","targetHints":{"allow":["GET"]}}],"collection":[{"href":"https:\/\/ceasuri.md\/ru\/wp-json\/wp\/v2\/product"}],"about":[{"href":"https:\/\/ceasuri.md\/ru\/wp-json\/wp\/v2\/types\/product"}],"replies":[{"embeddable":true,"href":"https:\/\/ceasuri.md\/ru\/wp-json\/wp\/v2\/comments?post=58332"}],"wp:featuredmedia":[{"embeddable":true,"href":"https:\/\/ceasuri.md\/ru\/wp-json\/wp\/v2\/media\/58333"}],"wp:attachment":[{"href":"https:\/\/ceasuri.md\/ru\/wp-json\/wp\/v2\/media?parent=58332"}],"wp:term":[{"taxonomy":"product_brand","embeddable":true,"href":"https:\/\/ceasuri.md\/ru\/wp-json\/wp\/v2\/product_brand?post=58332"},{"taxonomy":"product_cat","embeddable":true,"href":"https:\/\/ceasuri.md\/ru\/wp-json\/wp\/v2\/product_cat?post=58332"},{"taxonomy":"product_tag","embeddable":true,"href":"https:\/\/ceasuri.md\/ru\/wp-json\/wp\/v2\/product_tag?post=58332"}],"curies":[{"name":"wp","href":"https:\/\/api.w.org\/{rel}","templated":true}]}}