{"id":58329,"date":"2025-04-16T06:26:34","date_gmt":"2025-04-16T03:26:34","guid":{"rendered":"http:\/\/new.ceasuri.md\/shop\/uncategorized\/mathey-tissot-mathy-ii-h710apu\/"},"modified":"2026-05-01T19:20:28","modified_gmt":"2026-05-01T16:20:28","slug":"mathey-tissot-mathy-ii-h710apu","status":"publish","type":"product","link":"https:\/\/ceasuri.md\/ru\/shop\/branduri\/mathey-tissot\/mathey-tissot-mathy-ii-h710apu\/","title":{"rendered":"\u0427\u0430\u0441\u044b MATHEY-TISSOT Mathy II H710APU"},"content":{"rendered":"<p>Impresioneaz\u0103-i pe to\u021bi cei din jurul t\u0103u cu acest ceas analogic pentru b\u0103rba\u021bi de la Mathey Tissot.<\/p>\n<p>Cadranul rotund violet \u00eencastrat \u00eentr-o carcas\u0103 de 40 mm este protejat de un cristal mineral.<\/p>\n<p>Br\u0103\u021bara din o\u021bel inoxidabil argintiu accentueaz\u0103 \u0219i mai mult stilul ceasului. Ceasul are, de asemenea, o \u00eencuietoare pliabil\u0103 pentru o fixare sigur\u0103 pe \u00eencheietura m\u00e2inii.<\/p>","protected":false},"excerpt":{"rendered":"<p>Impresioneaz\u0103-i pe to\u021bi cei din jurul t\u0103u cu acest ceas analogic pentru b\u0103rba\u021bi de la Mathey Tissot. Cadranul rotund violet \u00eencastrat \u00eentr-o carcas\u0103 de 40 mm este protejat de un cristal mineral. Br\u0103\u021bara din o\u021bel inoxidabil argintiu accentueaz\u0103 \u0219i mai mult stilul ceasului. Ceasul are, de asemenea, o \u00eencuietoare pliabil\u0103 pentru o fixare sigur\u0103 pe [&hellip;]<\/p>\n","protected":false},"featured_media":58330,"comment_status":"closed","ping_status":"open","template":"","meta":{"_acf_changed":false},"product_brand":[],"product_cat":[20,25,634],"product_tag":[],"class_list":{"0":"post-58329","1":"product","2":"type-product","3":"status-publish","4":"has-post-thumbnail","6":"product_cat-ceasuri-barbati","7":"product_cat-ceasuri-dama","8":"product_cat-mathey-tissot","9":"pa_brand-mathey-tissot","10":"pa_braslet-otel-inoxidabil","11":"pa_corpus-40mm","12":"pa_decor-zirconiu","13":"pa_forma-rotund","14":"pa_funcii-data","15":"pa_garatia-24-luni","16":"pa_korpus-argintiu","17":"pa_kvarc-quartz","18":"pa_material-otel-inoxidabil","19":"pa_mehanizm-quartz","20":"pa_remeshok-argintiu","21":"pa_steklo-cristal-mineral","22":"pa_strana-elvetia","23":"pa_voda-5-atm","25":"first","26":"instock","27":"purchasable","28":"product-type-simple"},"acf":[],"_links":{"self":[{"href":"https:\/\/ceasuri.md\/ru\/wp-json\/wp\/v2\/product\/58329","targetHints":{"allow":["GET"]}}],"collection":[{"href":"https:\/\/ceasuri.md\/ru\/wp-json\/wp\/v2\/product"}],"about":[{"href":"https:\/\/ceasuri.md\/ru\/wp-json\/wp\/v2\/types\/product"}],"replies":[{"embeddable":true,"href":"https:\/\/ceasuri.md\/ru\/wp-json\/wp\/v2\/comments?post=58329"}],"wp:featuredmedia":[{"embeddable":true,"href":"https:\/\/ceasuri.md\/ru\/wp-json\/wp\/v2\/media\/58330"}],"wp:attachment":[{"href":"https:\/\/ceasuri.md\/ru\/wp-json\/wp\/v2\/media?parent=58329"}],"wp:term":[{"taxonomy":"product_brand","embeddable":true,"href":"https:\/\/ceasuri.md\/ru\/wp-json\/wp\/v2\/product_brand?post=58329"},{"taxonomy":"product_cat","embeddable":true,"href":"https:\/\/ceasuri.md\/ru\/wp-json\/wp\/v2\/product_cat?post=58329"},{"taxonomy":"product_tag","embeddable":true,"href":"https:\/\/ceasuri.md\/ru\/wp-json\/wp\/v2\/product_tag?post=58329"}],"curies":[{"name":"wp","href":"https:\/\/api.w.org\/{rel}","templated":true}]}}