{"id":58321,"date":"2026-04-03T00:48:49","date_gmt":"2026-04-02T21:48:49","guid":{"rendered":"http:\/\/new.ceasuri.md\/shop\/uncategorized\/mathey-tissot-mathy-ii-h710bn\/"},"modified":"2026-04-20T01:48:15","modified_gmt":"2026-04-19T22:48:15","slug":"mathey-tissot-mathy-ii-h710bn","status":"publish","type":"product","link":"https:\/\/ceasuri.md\/ru\/shop\/branduri\/mathey-tissot\/mathey-tissot-mathy-ii-h710bn\/","title":{"rendered":"\u0427\u0430\u0441\u044b MATHEY-TISSOT Mathy II H710BN"},"content":{"rendered":"<p>Cadranul rotund negru este atr\u0103g\u0103tor \u0219i face din acest ceas analogic o achizi\u021bie excelent\u0103 pentru colec\u021bia dvs.<\/p>\n<p>Protejat de sticl\u0103 mineral\u0103, cadranul este ad\u0103postit \u00eentr-o carcas\u0103 cu diametrul de 40 mm.<\/p>\n<p>Br\u0103\u021bara bicolor\u0103 din o\u021bel inoxidabil accentueaz\u0103 stilul ceasului. De asemenea, are o \u00eencuietoare pliabil\u0103 pentru o fixare sigur\u0103 pe \u00eencheietura m\u00e2inii.<\/p>","protected":false},"excerpt":{"rendered":"<p>Cadranul rotund negru este atr\u0103g\u0103tor \u0219i face din acest ceas analogic o achizi\u021bie excelent\u0103 pentru colec\u021bia dvs. Protejat de sticl\u0103 mineral\u0103, cadranul este ad\u0103postit \u00eentr-o carcas\u0103 cu diametrul de 40 mm. Br\u0103\u021bara bicolor\u0103 din o\u021bel inoxidabil accentueaz\u0103 stilul ceasului. De asemenea, are o \u00eencuietoare pliabil\u0103 pentru o fixare sigur\u0103 pe \u00eencheietura m\u00e2inii.<\/p>","protected":false},"featured_media":58322,"comment_status":"closed","ping_status":"open","template":"","meta":{"_acf_changed":false},"product_brand":[],"product_cat":[20,25,634],"product_tag":[],"class_list":{"0":"post-58321","1":"product","2":"type-product","3":"status-publish","4":"has-post-thumbnail","6":"product_cat-ceasuri-barbati","7":"product_cat-ceasuri-dama","8":"product_cat-mathey-tissot","9":"pa_brand-mathey-tissot","10":"pa_braslet-otel-inoxidabil","11":"pa_corpus-40mm","12":"pa_decor-zirconiu","13":"pa_forma-rotund","14":"pa_funcii-data","15":"pa_garatia-24-luni","16":"pa_korpus-bicolor","17":"pa_kvarc-quartz","18":"pa_material-otel-inoxidabil","19":"pa_mehanizm-quartz","20":"pa_remeshok-bicolor","21":"pa_steklo-cristal-mineral","22":"pa_strana-elvetia","23":"pa_voda-5-atm","25":"first","26":"instock","27":"purchasable","28":"product-type-simple"},"acf":[],"_links":{"self":[{"href":"https:\/\/ceasuri.md\/ru\/wp-json\/wp\/v2\/product\/58321","targetHints":{"allow":["GET"]}}],"collection":[{"href":"https:\/\/ceasuri.md\/ru\/wp-json\/wp\/v2\/product"}],"about":[{"href":"https:\/\/ceasuri.md\/ru\/wp-json\/wp\/v2\/types\/product"}],"replies":[{"embeddable":true,"href":"https:\/\/ceasuri.md\/ru\/wp-json\/wp\/v2\/comments?post=58321"}],"wp:featuredmedia":[{"embeddable":true,"href":"https:\/\/ceasuri.md\/ru\/wp-json\/wp\/v2\/media\/58322"}],"wp:attachment":[{"href":"https:\/\/ceasuri.md\/ru\/wp-json\/wp\/v2\/media?parent=58321"}],"wp:term":[{"taxonomy":"product_brand","embeddable":true,"href":"https:\/\/ceasuri.md\/ru\/wp-json\/wp\/v2\/product_brand?post=58321"},{"taxonomy":"product_cat","embeddable":true,"href":"https:\/\/ceasuri.md\/ru\/wp-json\/wp\/v2\/product_cat?post=58321"},{"taxonomy":"product_tag","embeddable":true,"href":"https:\/\/ceasuri.md\/ru\/wp-json\/wp\/v2\/product_tag?post=58321"}],"curies":[{"name":"wp","href":"https:\/\/api.w.org\/{rel}","templated":true}]}}