{"id":58303,"date":"2026-04-03T00:48:49","date_gmt":"2026-04-02T21:48:49","guid":{"rendered":"http:\/\/new.ceasuri.md\/shop\/uncategorized\/mathey-tissot-monsoon-h7916av\/"},"modified":"2026-04-20T01:48:16","modified_gmt":"2026-04-19T22:48:16","slug":"mathey-tissot-monsoon-h7916av","status":"publish","type":"product","link":"https:\/\/ceasuri.md\/ru\/shop\/branduri\/mathey-tissot\/mathey-tissot-monsoon-h7916av\/","title":{"rendered":"\u0427\u0430\u0441\u044b MATHEY-TISSOT Monsoon H7916AV"},"content":{"rendered":"<p>Acest ceas clasic se va armoniza cu look-ul unui b\u0103rbat, ad\u0103ug\u00e2nd statut \u0219i stil sofisticat.<\/p>\n<p>Carcas\u0103 rotund\u0103 din o\u021bel cu suprafa\u021b\u0103 lucioas\u0103.<\/p>\n<p>Cadranul verde este realizat prin tehnologia Sunray \u0219i protejat de sticl\u0103 mineral\u0103 acoperit\u0103 cu safir. Marcajele sunt sub form\u0103 de liniu\u021be. F\u0103r\u0103 m\u00e2n\u0103 de secunde.<\/p>\n<p>Coroan\u0103 canelat\u0103.<\/p>\n<p>Br\u0103\u021bar\u0103 din o\u021bel cu \u00eempletitur\u0103 milanez\u0103.<\/p>","protected":false},"excerpt":{"rendered":"<p>Acest ceas clasic se va armoniza cu look-ul unui b\u0103rbat, ad\u0103ug\u00e2nd statut \u0219i stil sofisticat. Carcas\u0103 rotund\u0103 din o\u021bel cu suprafa\u021b\u0103 lucioas\u0103. Cadranul verde este realizat prin tehnologia Sunray \u0219i protejat de sticl\u0103 mineral\u0103 acoperit\u0103 cu safir. Marcajele sunt sub form\u0103 de liniu\u021be. F\u0103r\u0103 m\u00e2n\u0103 de secunde. Coroan\u0103 canelat\u0103. Br\u0103\u021bar\u0103 din o\u021bel cu \u00eempletitur\u0103 milanez\u0103.<\/p>","protected":false},"featured_media":58304,"comment_status":"closed","ping_status":"open","template":"","meta":{"_acf_changed":false},"product_brand":[],"product_cat":[20,634],"product_tag":[],"class_list":{"0":"post-58303","1":"product","2":"type-product","3":"status-publish","4":"has-post-thumbnail","6":"product_cat-ceasuri-barbati","7":"product_cat-mathey-tissot","8":"pa_brand-mathey-tissot","9":"pa_braslet-otel-inoxidabil","10":"pa_corpus-40mm","11":"pa_forma-rotund","12":"pa_garatia-24-luni","13":"pa_korpus-argintiu","14":"pa_kvarc-quartz","15":"pa_material-otel-inoxidabil","16":"pa_mehanizm-quartz","17":"pa_remeshok-argintiu","18":"pa_steklo-cristal-safir","19":"pa_strana-elvetia","20":"pa_voda-5-atm","22":"first","23":"instock","24":"purchasable","25":"product-type-simple"},"acf":[],"_links":{"self":[{"href":"https:\/\/ceasuri.md\/ru\/wp-json\/wp\/v2\/product\/58303","targetHints":{"allow":["GET"]}}],"collection":[{"href":"https:\/\/ceasuri.md\/ru\/wp-json\/wp\/v2\/product"}],"about":[{"href":"https:\/\/ceasuri.md\/ru\/wp-json\/wp\/v2\/types\/product"}],"replies":[{"embeddable":true,"href":"https:\/\/ceasuri.md\/ru\/wp-json\/wp\/v2\/comments?post=58303"}],"wp:featuredmedia":[{"embeddable":true,"href":"https:\/\/ceasuri.md\/ru\/wp-json\/wp\/v2\/media\/58304"}],"wp:attachment":[{"href":"https:\/\/ceasuri.md\/ru\/wp-json\/wp\/v2\/media?parent=58303"}],"wp:term":[{"taxonomy":"product_brand","embeddable":true,"href":"https:\/\/ceasuri.md\/ru\/wp-json\/wp\/v2\/product_brand?post=58303"},{"taxonomy":"product_cat","embeddable":true,"href":"https:\/\/ceasuri.md\/ru\/wp-json\/wp\/v2\/product_cat?post=58303"},{"taxonomy":"product_tag","embeddable":true,"href":"https:\/\/ceasuri.md\/ru\/wp-json\/wp\/v2\/product_tag?post=58303"}],"curies":[{"name":"wp","href":"https:\/\/api.w.org\/{rel}","templated":true}]}}