{"id":58279,"date":"2026-04-03T00:48:49","date_gmt":"2026-04-02T21:48:49","guid":{"rendered":"http:\/\/new.ceasuri.md\/shop\/uncategorized\/mathey-tissot-mathy-square-h902qan\/"},"modified":"2026-04-20T01:48:19","modified_gmt":"2026-04-19T22:48:19","slug":"mathey-tissot-mathy-square-h902qan","status":"publish","type":"product","link":"https:\/\/ceasuri.md\/ru\/shop\/branduri\/mathey-tissot\/mathey-tissot-mathy-square-h902qan\/","title":{"rendered":"\u0427\u0430\u0441\u044b MATHEY-TISSOT Mathy Square H902QAN"},"content":{"rendered":"<p>Realizat cu precizie \u0219i aten\u021bie la detalii, acest ceas combin\u0103 stilul cu func\u021bionalitatea.<\/p>\n<p>Carcasa \u0219i br\u0103\u021bara uimitoare din o\u021bel inoxidabil sunt asociate cu un luneta fix\u0103 din o\u021bel inoxidabil negru, cre\u00e2nd un aspect \u00eendr\u0103zne\u021b, dar rafinat.<\/p>\n<p>Cu o dimensiune a carcasei de 42 mm, are m\u00e2ini \u0219i indicatoare luminescente pentru o citire u\u0219oar\u0103, \u00eempreun\u0103 cu un afi\u0219aj al datei \u00een pozi\u021bia orei 3.<\/p>\n<p>Cadranul este de culoare negru.<\/p>\n<p>Ac\u021bionat de o mi\u0219care cu cuar\u021b, ceasul este rezistent la ap\u0103 p\u00e2n\u0103 la 50 m, asigur\u00e2nd durabilitatea \u00een diverse condi\u021bii.<\/p>\n<p>Cristal safir rezistent la zg\u00e2rieturi \u0219i spatele solid al carcasei \u00eei sporesc calitatea durabil\u0103.<\/p>","protected":false},"excerpt":{"rendered":"<p>Realizat cu precizie \u0219i aten\u021bie la detalii, acest ceas combin\u0103 stilul cu func\u021bionalitatea. Carcasa \u0219i br\u0103\u021bara uimitoare din o\u021bel inoxidabil sunt asociate cu un luneta fix\u0103 din o\u021bel inoxidabil negru, cre\u00e2nd un aspect \u00eendr\u0103zne\u021b, dar rafinat. Cu o dimensiune a carcasei de 42 mm, are m\u00e2ini \u0219i indicatoare luminescente pentru o citire u\u0219oar\u0103, \u00eempreun\u0103 cu [&hellip;]<\/p>\n","protected":false},"featured_media":58280,"comment_status":"closed","ping_status":"open","template":"","meta":{"_acf_changed":false},"product_brand":[],"product_cat":[20,634],"product_tag":[],"class_list":{"0":"post-58279","1":"product","2":"type-product","3":"status-publish","4":"has-post-thumbnail","6":"product_cat-ceasuri-barbati","7":"product_cat-mathey-tissot","8":"pa_brand-mathey-tissot","9":"pa_braslet-otel-inoxidabil","10":"pa_corpus-42-mm","11":"pa_forma-patrat","12":"pa_funcii-data","13":"pa_garatia-24-luni","14":"pa_korpus-argintiu","15":"pa_korpus-negru","16":"pa_kvarc-quartz","17":"pa_material-otel-inoxidabil","18":"pa_mehanizm-quartz","19":"pa_remeshok-argintiu","20":"pa_steklo-cristal-safir","21":"pa_strana-elvetia","22":"pa_voda-5-atm","24":"first","25":"instock","26":"purchasable","27":"product-type-simple"},"acf":[],"_links":{"self":[{"href":"https:\/\/ceasuri.md\/ru\/wp-json\/wp\/v2\/product\/58279","targetHints":{"allow":["GET"]}}],"collection":[{"href":"https:\/\/ceasuri.md\/ru\/wp-json\/wp\/v2\/product"}],"about":[{"href":"https:\/\/ceasuri.md\/ru\/wp-json\/wp\/v2\/types\/product"}],"replies":[{"embeddable":true,"href":"https:\/\/ceasuri.md\/ru\/wp-json\/wp\/v2\/comments?post=58279"}],"wp:featuredmedia":[{"embeddable":true,"href":"https:\/\/ceasuri.md\/ru\/wp-json\/wp\/v2\/media\/58280"}],"wp:attachment":[{"href":"https:\/\/ceasuri.md\/ru\/wp-json\/wp\/v2\/media?parent=58279"}],"wp:term":[{"taxonomy":"product_brand","embeddable":true,"href":"https:\/\/ceasuri.md\/ru\/wp-json\/wp\/v2\/product_brand?post=58279"},{"taxonomy":"product_cat","embeddable":true,"href":"https:\/\/ceasuri.md\/ru\/wp-json\/wp\/v2\/product_cat?post=58279"},{"taxonomy":"product_tag","embeddable":true,"href":"https:\/\/ceasuri.md\/ru\/wp-json\/wp\/v2\/product_tag?post=58279"}],"curies":[{"name":"wp","href":"https:\/\/api.w.org\/{rel}","templated":true}]}}