{"id":58277,"date":"2026-04-03T00:48:49","date_gmt":"2026-04-02T21:48:49","guid":{"rendered":"http:\/\/new.ceasuri.md\/shop\/uncategorized\/mathey-tissot-pocket-watches-p1pdi\/"},"modified":"2026-04-20T01:48:20","modified_gmt":"2026-04-19T22:48:20","slug":"mathey-tissot-pocket-watches-p1pdi","status":"publish","type":"product","link":"https:\/\/ceasuri.md\/ru\/shop\/branduri\/mathey-tissot\/mathey-tissot-pocket-watches-p1pdi\/","title":{"rendered":"\u0427\u0430\u0441\u044b MATHEY-TISSOT Pocket Watches P1PDI"},"content":{"rendered":"<p>Ceasul de buzunar Mathey-Tissot combin\u0103 istoria \u0219i tradi\u021bia cu expertiza modern\u0103.<\/p>\n<p>Aceast\u0103 colec\u021bie ofer\u0103 un aspect clasic de ceas de buzunar rotund, cu diferite modele de cadran, \u00een func\u021bie de preferin\u021bele dumneavoastr\u0103, fie c\u0103 dori\u021bi un stil vintage sau un ceas mai modern, prin varia\u021bii ale indicilor \u0219i ale m\u00e2inilor.<\/p>\n<p>Descoperi\u021bi ceasul de buzunar Mathey-Tissot cu cuar\u021b, un ceas unisex sofisticat care combin\u0103 perfect elegan\u021ba \u0219i func\u021bionalitatea.<\/p>\n<p>Cu o carcas\u0103, de 40 mm, \u0219i un lan\u021b din o\u021bel inoxidabil auriu, acest ceas are un cadran auriu cu m\u00e2ini auriu \u0219i indicatoare orare sub form\u0103 de liniu\u021be.<\/p>\n<p>Ac\u021bionat de o mi\u0219care de precizie Ronda cu cuar\u021b, ceasul este protejat de un cristal de safir rezistent la zg\u00e2rieturi pentru durabilitate \u00eendelungat\u0103.<\/p>","protected":false},"excerpt":{"rendered":"<p>Ceasul de buzunar Mathey-Tissot combin\u0103 istoria \u0219i tradi\u021bia cu expertiza modern\u0103. Aceast\u0103 colec\u021bie ofer\u0103 un aspect clasic de ceas de buzunar rotund, cu diferite modele de cadran, \u00een func\u021bie de preferin\u021bele dumneavoastr\u0103, fie c\u0103 dori\u021bi un stil vintage sau un ceas mai modern, prin varia\u021bii ale indicilor \u0219i ale m\u00e2inilor. Descoperi\u021bi ceasul de buzunar Mathey-Tissot [&hellip;]<\/p>\n","protected":false},"featured_media":58278,"comment_status":"closed","ping_status":"open","template":"","meta":{"_acf_changed":false},"product_brand":[],"product_cat":[20,25,634],"product_tag":[],"class_list":{"0":"post-58277","1":"product","2":"type-product","3":"status-publish","4":"has-post-thumbnail","6":"product_cat-ceasuri-barbati","7":"product_cat-ceasuri-dama","8":"product_cat-mathey-tissot","9":"pa_brand-mathey-tissot","10":"pa_braslet-otel-inoxidabil","11":"pa_corpus-40mm","12":"pa_forma-rotund","13":"pa_garatia-24-luni","14":"pa_korpus-auriu","15":"pa_kvarc-quartz","16":"pa_material-otel-inoxidabil","17":"pa_mehanizm-quartz","18":"pa_remeshok-auriu","19":"pa_steklo-cristal-safir","20":"pa_strana-elvetia","21":"pa_voda-5-atm","23":"first","24":"instock","25":"purchasable","26":"product-type-simple"},"acf":[],"_links":{"self":[{"href":"https:\/\/ceasuri.md\/ru\/wp-json\/wp\/v2\/product\/58277","targetHints":{"allow":["GET"]}}],"collection":[{"href":"https:\/\/ceasuri.md\/ru\/wp-json\/wp\/v2\/product"}],"about":[{"href":"https:\/\/ceasuri.md\/ru\/wp-json\/wp\/v2\/types\/product"}],"replies":[{"embeddable":true,"href":"https:\/\/ceasuri.md\/ru\/wp-json\/wp\/v2\/comments?post=58277"}],"wp:featuredmedia":[{"embeddable":true,"href":"https:\/\/ceasuri.md\/ru\/wp-json\/wp\/v2\/media\/58278"}],"wp:attachment":[{"href":"https:\/\/ceasuri.md\/ru\/wp-json\/wp\/v2\/media?parent=58277"}],"wp:term":[{"taxonomy":"product_brand","embeddable":true,"href":"https:\/\/ceasuri.md\/ru\/wp-json\/wp\/v2\/product_brand?post=58277"},{"taxonomy":"product_cat","embeddable":true,"href":"https:\/\/ceasuri.md\/ru\/wp-json\/wp\/v2\/product_cat?post=58277"},{"taxonomy":"product_tag","embeddable":true,"href":"https:\/\/ceasuri.md\/ru\/wp-json\/wp\/v2\/product_tag?post=58277"}],"curies":[{"name":"wp","href":"https:\/\/api.w.org\/{rel}","templated":true}]}}