{"id":58245,"date":"2026-04-03T00:47:56","date_gmt":"2026-04-02T21:47:56","guid":{"rendered":"http:\/\/new.ceasuri.md\/shop\/uncategorized\/casio-edifice-ecb-s10d-8aef\/"},"modified":"2026-04-07T05:00:17","modified_gmt":"2026-04-07T02:00:17","slug":"casio-edifice-ecb-s10d-8aef","status":"publish","type":"product","link":"https:\/\/ceasuri.md\/ru\/shop\/branduri\/casio\/casio-edifice-ecb-s10d-8aef\/","title":{"rendered":"Ceas CASIO EDIFICE ECB-S10D-8AEF"},"content":{"rendered":"<p>Lucra\u021bi din greu \u0219i juca\u021bi-v\u0103 din greu cu o combina\u021bie analog-digital\u0103 sub\u021bire \u0219i sportiv\u0103 EDIFICE, care este serioas\u0103 at\u00e2t \u00een ceea ce prive\u0219te afacerile, c\u00e2t \u0219i distrac\u021bia.<\/p>\n<p>Aceste ceasuri ofer\u0103 purtabilitate u\u0219oar\u0103 \u0219i conectivitate la smartphone, toate \u00eentr-o carcas\u0103 sub\u021bire, de mai pu\u021bin de 10 mm, care nu se va prinde \u00een man\u0219eta c\u0103m\u0103\u0219ii.<\/p>\n<p>Sincroniza\u021bi-v\u0103 cu smartphone-ul prin Bluetooth\u00ae pentru o cronometrare precis\u0103 oriunde v-a\u021bi afla. Intra\u021bi \u00een aplica\u021bie pentru a gestiona f\u0103r\u0103 efort ora mondial\u0103, indiferent unde v\u0103 poart\u0103 c\u0103l\u0103toriile. Fie c\u0103 este vorba de afaceri sau de pl\u0103cere, c\u0103l\u0103toriile interna\u021bionale sunt perfecte, cu actualiz\u0103ri automate pentru ora local\u0103 \u0219i pentru ora de var\u0103. Aplica\u021bia face, de asemenea, gestionarea alarmelor, a orelor \u0219i a altor caracteristici u\u0219oar\u0103 \u0219i intuitiv\u0103.<\/p>\n<p>Super Illuminator lumineaz\u0103 m\u00e2inile ceasului \u0219i afi\u0219ajul digital cu LED-uri de \u00eenalt\u0103 luminozitate, iar cristalul de safir protejeaz\u0103 \u00eempotriva zg\u00e2rieturilor pentru o citire clar\u0103 \u0219i u\u0219oar\u0103.<\/p>\n<p>Un cronograf sub\u021bire, cu adev\u0103rat confortabil, care \u00eendepline\u0219te specifica\u021biile exigente pe care le cer echipele de curse partenere Casio.<\/p>","protected":false},"excerpt":{"rendered":"<p>Lucra\u021bi din greu \u0219i juca\u021bi-v\u0103 din greu cu o combina\u021bie analog-digital\u0103 sub\u021bire \u0219i sportiv\u0103 EDIFICE, care este serioas\u0103 at\u00e2t \u00een ceea ce prive\u0219te afacerile, c\u00e2t \u0219i distrac\u021bia. Aceste ceasuri ofer\u0103 purtabilitate u\u0219oar\u0103 \u0219i conectivitate la smartphone, toate \u00eentr-o carcas\u0103 sub\u021bire, de mai pu\u021bin de 10 mm, care nu se va prinde \u00een man\u0219eta c\u0103m\u0103\u0219ii. Sincroniza\u021bi-v\u0103 [&hellip;]<\/p>\n","protected":false},"featured_media":58246,"comment_status":"closed","ping_status":"open","template":"","meta":{"_acf_changed":false},"product_brand":[],"product_cat":[27,20,536],"product_tag":[],"class_list":{"0":"post-58245","1":"product","2":"type-product","3":"status-publish","4":"has-post-thumbnail","6":"product_cat-casio","7":"product_cat-ceasuri-barbati","8":"product_cat-edifice","9":"pa_brand-casio","10":"pa_brand-edifice","11":"pa_braslet-otel-inoxidabil","12":"pa_corpus-43-mm","13":"pa_forma-octogonala","14":"pa_funcii-alarma","15":"pa_funcii-bluetooth-smart","16":"pa_funcii-calendar","17":"pa_funcii-cronometru","18":"pa_funcii-iluminare","19":"pa_funcii-timp-mondial","20":"pa_garatia-24-luni","21":"pa_korpus-argintiu","22":"pa_material-otel-inoxidabil","23":"pa_mehanizm-electronic","24":"pa_mehanizm-quartz","25":"pa_remeshok-argintiu","26":"pa_steklo-cristal-safir","27":"pa_strana-japonia","28":"pa_voda-10-atm","30":"first","31":"instock","32":"purchasable","33":"product-type-simple"},"acf":[],"_links":{"self":[{"href":"https:\/\/ceasuri.md\/ru\/wp-json\/wp\/v2\/product\/58245","targetHints":{"allow":["GET"]}}],"collection":[{"href":"https:\/\/ceasuri.md\/ru\/wp-json\/wp\/v2\/product"}],"about":[{"href":"https:\/\/ceasuri.md\/ru\/wp-json\/wp\/v2\/types\/product"}],"replies":[{"embeddable":true,"href":"https:\/\/ceasuri.md\/ru\/wp-json\/wp\/v2\/comments?post=58245"}],"wp:featuredmedia":[{"embeddable":true,"href":"https:\/\/ceasuri.md\/ru\/wp-json\/wp\/v2\/media\/58246"}],"wp:attachment":[{"href":"https:\/\/ceasuri.md\/ru\/wp-json\/wp\/v2\/media?parent=58245"}],"wp:term":[{"taxonomy":"product_brand","embeddable":true,"href":"https:\/\/ceasuri.md\/ru\/wp-json\/wp\/v2\/product_brand?post=58245"},{"taxonomy":"product_cat","embeddable":true,"href":"https:\/\/ceasuri.md\/ru\/wp-json\/wp\/v2\/product_cat?post=58245"},{"taxonomy":"product_tag","embeddable":true,"href":"https:\/\/ceasuri.md\/ru\/wp-json\/wp\/v2\/product_tag?post=58245"}],"curies":[{"name":"wp","href":"https:\/\/api.w.org\/{rel}","templated":true}]}}