{"id":58241,"date":"2026-04-03T00:47:56","date_gmt":"2026-04-02T21:47:56","guid":{"rendered":"http:\/\/new.ceasuri.md\/shop\/uncategorized\/casio-edifice-efb-109d-2avef\/"},"modified":"2026-04-07T05:00:16","modified_gmt":"2026-04-07T02:00:16","slug":"casio-edifice-efb-109d-2avef","status":"publish","type":"product","link":"https:\/\/ceasuri.md\/ru\/shop\/branduri\/casio\/casio-edifice-efb-109d-2avef\/","title":{"rendered":"Ceas CASIO EDIFICE EFB-109D-2AVEF"},"content":{"rendered":"<p>Ceasul pentru b\u0103rba\u021bi, care face parte din seria de modele Edifice, ofer\u0103 un design clasic, u\u0219or sportiv, care \u00eel face un accesoriu potrivit pentru fiecare zi.<\/p>\n<p>Cadranul albastru, cu aspect metalic \u0219i efect periat, atrage aten\u021bia la prima vedere. Acesta este protejat de un cristal de safir rezistent la zg\u00e2rieturi \u00eenalte.Carcasa ceasului este fabricat\u0103 din o\u021bel inoxidabil. Acesta este completat de o br\u0103\u021bar\u0103 din o\u021bel finisat\u0103 cu o \u00eenchidere pliabil\u0103.<\/p>\n<p>Ceasul este echipat cu un afi\u0219aj al datei \u00een pozi\u021bia orei 3. Avantajul ceasului este claritatea sa excelent\u0103 datorit\u0103 utiliz\u0103rii unor indici \u0219i m\u00e2ini distinctive. M\u00e2inile \u0219i indicii orelor sunt acoperite cu un strat luminescent, asigur\u00e2nd o mai bun\u0103 lizibilitate \u00een condi\u021bii de lumin\u0103 sc\u0103zut\u0103.<\/p>\n<p>Rezisten\u021ba la ap\u0103 a ceasului este de 100 m.<\/p>","protected":false},"excerpt":{"rendered":"<p>Ceasul pentru b\u0103rba\u021bi, care face parte din seria de modele Edifice, ofer\u0103 un design clasic, u\u0219or sportiv, care \u00eel face un accesoriu potrivit pentru fiecare zi. Cadranul albastru, cu aspect metalic \u0219i efect periat, atrage aten\u021bia la prima vedere. Acesta este protejat de un cristal de safir rezistent la zg\u00e2rieturi \u00eenalte.Carcasa ceasului este fabricat\u0103 din [&hellip;]<\/p>\n","protected":false},"featured_media":58242,"comment_status":"closed","ping_status":"open","template":"","meta":{"_acf_changed":false},"product_brand":[],"product_cat":[27,20,536],"product_tag":[],"class_list":{"0":"post-58241","1":"product","2":"type-product","3":"status-publish","4":"has-post-thumbnail","6":"product_cat-casio","7":"product_cat-ceasuri-barbati","8":"product_cat-edifice","9":"pa_brand-casio","10":"pa_brand-edifice","11":"pa_braslet-otel-inoxidabil","12":"pa_corpus-39-mm","13":"pa_forma-rotund","14":"pa_funcii-data","15":"pa_garatia-24-luni","16":"pa_korpus-argintiu","17":"pa_material-otel-inoxidabil","18":"pa_mehanizm-quartz","19":"pa_remeshok-argintiu","20":"pa_steklo-cristal-safir","21":"pa_strana-japonia","22":"pa_voda-10-atm","24":"first","25":"instock","26":"purchasable","27":"product-type-simple"},"acf":[],"_links":{"self":[{"href":"https:\/\/ceasuri.md\/ru\/wp-json\/wp\/v2\/product\/58241","targetHints":{"allow":["GET"]}}],"collection":[{"href":"https:\/\/ceasuri.md\/ru\/wp-json\/wp\/v2\/product"}],"about":[{"href":"https:\/\/ceasuri.md\/ru\/wp-json\/wp\/v2\/types\/product"}],"replies":[{"embeddable":true,"href":"https:\/\/ceasuri.md\/ru\/wp-json\/wp\/v2\/comments?post=58241"}],"wp:featuredmedia":[{"embeddable":true,"href":"https:\/\/ceasuri.md\/ru\/wp-json\/wp\/v2\/media\/58242"}],"wp:attachment":[{"href":"https:\/\/ceasuri.md\/ru\/wp-json\/wp\/v2\/media?parent=58241"}],"wp:term":[{"taxonomy":"product_brand","embeddable":true,"href":"https:\/\/ceasuri.md\/ru\/wp-json\/wp\/v2\/product_brand?post=58241"},{"taxonomy":"product_cat","embeddable":true,"href":"https:\/\/ceasuri.md\/ru\/wp-json\/wp\/v2\/product_cat?post=58241"},{"taxonomy":"product_tag","embeddable":true,"href":"https:\/\/ceasuri.md\/ru\/wp-json\/wp\/v2\/product_tag?post=58241"}],"curies":[{"name":"wp","href":"https:\/\/api.w.org\/{rel}","templated":true}]}}