{"id":58231,"date":"2025-03-24T11:56:27","date_gmt":"2025-03-24T09:56:27","guid":{"rendered":"http:\/\/new.ceasuri.md\/shop\/uncategorized\/casio-edifice-efr-575cl-3aef\/"},"modified":"2026-05-01T19:19:42","modified_gmt":"2026-05-01T16:19:42","slug":"casio-edifice-efr-575cl-3aef","status":"publish","type":"product","link":"https:\/\/ceasuri.md\/ru\/shop\/branduri\/casio\/casio-edifice-efr-575cl-3aef\/","title":{"rendered":"\u0427\u0430\u0441\u044b CASIO EDIFICE EFR-575CL-3AEF"},"content":{"rendered":"<p>Cronograful EDIFICE inspirat de indicatoarele din sticl\u0103 convex\u0103 ale automobilelor sport clasice.<\/p>\n<p>Cadranul bicolor prezint\u0103 culori contrastante pentru cadranul principal \u0219i cadranul \u00eencastrat, evoc\u00e2nd aspectul panoului de instrumente al unui automobil sport clasic.<\/p>\n<p>Detalii precum sticla bombat\u0103 convex\u0103 a ceasului, carcasa din o\u021bel inoxidabil cu luneta \u00eengust\u0103 \u0219i butoanele de ap\u0103sare completeaz\u0103 designul cu un stil onorat de timp.<\/p>\n<p>Cronometru cu precizie de 1 s \u0219i timp de m\u0103surare de 1h. Format de timp de 12 \u0219i 24 de ore.<\/p>\n<p>Cadranul cu semne de liniu\u021b\u0103 este realizat cu tehnologia Sunray. Fereastra datei este situat\u0103 \u00eentre reperele orei 4 \u0219i 5.<\/p>\n<p>Curea din piele cu perfora\u021bii \u0219i cus\u0103turi albe. \u00cencuietoare clasic\u0103.<\/p>","protected":false},"excerpt":{"rendered":"<p>Cronograful EDIFICE inspirat de indicatoarele din sticl\u0103 convex\u0103 ale automobilelor sport clasice. Cadranul bicolor prezint\u0103 culori contrastante pentru cadranul principal \u0219i cadranul \u00eencastrat, evoc\u00e2nd aspectul panoului de instrumente al unui automobil sport clasic. Detalii precum sticla bombat\u0103 convex\u0103 a ceasului, carcasa din o\u021bel inoxidabil cu luneta \u00eengust\u0103 \u0219i butoanele de ap\u0103sare completeaz\u0103 designul cu un [&hellip;]<\/p>\n","protected":false},"featured_media":58232,"comment_status":"closed","ping_status":"open","template":"","meta":{"_acf_changed":false},"product_brand":[],"product_cat":[27,20,536],"product_tag":[],"class_list":{"0":"post-58231","1":"product","2":"type-product","3":"status-publish","4":"has-post-thumbnail","6":"product_cat-casio","7":"product_cat-ceasuri-barbati","8":"product_cat-edifice","9":"pa_brand-casio","10":"pa_brand-edifice","11":"pa_braslet-piele","12":"pa_corpus-41-mm","13":"pa_forma-rotund","14":"pa_funcii-cronograf","15":"pa_funcii-data","16":"pa_garatia-24-luni","17":"pa_korpus-auriu","18":"pa_kvarc-quartz","19":"pa_material-otel-inoxidabil","20":"pa_mehanizm-quartz","21":"pa_remeshok-negru","22":"pa_steklo-cristal-mineral","23":"pa_strana-japonia","24":"pa_voda-10-atm","26":"first","27":"instock","28":"purchasable","29":"product-type-simple"},"acf":[],"_links":{"self":[{"href":"https:\/\/ceasuri.md\/ru\/wp-json\/wp\/v2\/product\/58231","targetHints":{"allow":["GET"]}}],"collection":[{"href":"https:\/\/ceasuri.md\/ru\/wp-json\/wp\/v2\/product"}],"about":[{"href":"https:\/\/ceasuri.md\/ru\/wp-json\/wp\/v2\/types\/product"}],"replies":[{"embeddable":true,"href":"https:\/\/ceasuri.md\/ru\/wp-json\/wp\/v2\/comments?post=58231"}],"wp:featuredmedia":[{"embeddable":true,"href":"https:\/\/ceasuri.md\/ru\/wp-json\/wp\/v2\/media\/58232"}],"wp:attachment":[{"href":"https:\/\/ceasuri.md\/ru\/wp-json\/wp\/v2\/media?parent=58231"}],"wp:term":[{"taxonomy":"product_brand","embeddable":true,"href":"https:\/\/ceasuri.md\/ru\/wp-json\/wp\/v2\/product_brand?post=58231"},{"taxonomy":"product_cat","embeddable":true,"href":"https:\/\/ceasuri.md\/ru\/wp-json\/wp\/v2\/product_cat?post=58231"},{"taxonomy":"product_tag","embeddable":true,"href":"https:\/\/ceasuri.md\/ru\/wp-json\/wp\/v2\/product_tag?post=58231"}],"curies":[{"name":"wp","href":"https:\/\/api.w.org\/{rel}","templated":true}]}}