{"id":58227,"date":"2026-04-03T00:47:56","date_gmt":"2026-04-02T21:47:56","guid":{"rendered":"http:\/\/new.ceasuri.md\/shop\/uncategorized\/casio-edifice-efr-575d-1aef\/"},"modified":"2026-04-20T01:47:56","modified_gmt":"2026-04-19T22:47:56","slug":"casio-edifice-efr-575d-1aef","status":"publish","type":"product","link":"https:\/\/ceasuri.md\/ru\/shop\/branduri\/casio\/casio-edifice-efr-575d-1aef\/","title":{"rendered":"\u0427\u0430\u0441\u044b CASIO EDIFICE EFR-575D-1AEF"},"content":{"rendered":"<p>Cronograful EDIFICE inspirat de indicatoarele din sticl\u0103 convex\u0103 ale automobilelor sport clasice.<\/p>\n<p>Cadranul bicolor prezint\u0103 culori contrastante pentru cadranul principal \u0219i cadranul \u00eencastrat, evoc\u00e2nd aspectul panoului de instrumente al unui automobil sport clasic.<\/p>\n<p>Detalii precum sticla bombat\u0103 convex\u0103 a ceasului, carcasa din o\u021bel inoxidabil cu luneta \u00eengust\u0103 \u0219i butoanele de ap\u0103sare completeaz\u0103 designul cu un stil onorat de timp.<\/p>\n<p>Cadranul cu un design contrastant prezint\u0103 func\u021bii de dat\u0103, cronometru \u0219i or\u0103 de 24 de ore. Ceasul poate fi folosit pentru a m\u0103sura intervale de p\u00e2n\u0103 la 60 de minute &#8211; num\u0103r\u0103torul de minute este situat la ora 9. Un cadran suplimentar cu indicarea orei pe 24 de ore este amplasat la ora 3.<\/p>\n<p>Cadranul este protejat de o sticl\u0103 mineral\u0103 convex\u0103. Diametrul carcasei este perfect de 40,5 mm.<\/p>\n<p>Rezisten\u021ba la ap\u0103 a acestui model este de 100 de metri.<\/p>","protected":false},"excerpt":{"rendered":"<p>Cronograful EDIFICE inspirat de indicatoarele din sticl\u0103 convex\u0103 ale automobilelor sport clasice. Cadranul bicolor prezint\u0103 culori contrastante pentru cadranul principal \u0219i cadranul \u00eencastrat, evoc\u00e2nd aspectul panoului de instrumente al unui automobil sport clasic. Detalii precum sticla bombat\u0103 convex\u0103 a ceasului, carcasa din o\u021bel inoxidabil cu luneta \u00eengust\u0103 \u0219i butoanele de ap\u0103sare completeaz\u0103 designul cu un [&hellip;]<\/p>\n","protected":false},"featured_media":58228,"comment_status":"closed","ping_status":"open","template":"","meta":{"_acf_changed":false},"product_brand":[],"product_cat":[27,20,536],"product_tag":[],"class_list":{"0":"post-58227","1":"product","2":"type-product","3":"status-publish","4":"has-post-thumbnail","6":"product_cat-casio","7":"product_cat-ceasuri-barbati","8":"product_cat-edifice","9":"pa_brand-casio","10":"pa_brand-edifice","11":"pa_braslet-otel-inoxidabil","12":"pa_corpus-41-mm","13":"pa_forma-rotund","14":"pa_funcii-cronograf","15":"pa_funcii-data","16":"pa_garatia-24-luni","17":"pa_korpus-argintiu","18":"pa_kvarc-quartz","19":"pa_material-otel-inoxidabil","20":"pa_mehanizm-quartz","21":"pa_remeshok-argintiu","22":"pa_steklo-cristal-mineral","23":"pa_strana-japonia","24":"pa_voda-10-atm","26":"first","27":"instock","28":"purchasable","29":"product-type-simple"},"acf":[],"_links":{"self":[{"href":"https:\/\/ceasuri.md\/ru\/wp-json\/wp\/v2\/product\/58227","targetHints":{"allow":["GET"]}}],"collection":[{"href":"https:\/\/ceasuri.md\/ru\/wp-json\/wp\/v2\/product"}],"about":[{"href":"https:\/\/ceasuri.md\/ru\/wp-json\/wp\/v2\/types\/product"}],"replies":[{"embeddable":true,"href":"https:\/\/ceasuri.md\/ru\/wp-json\/wp\/v2\/comments?post=58227"}],"wp:featuredmedia":[{"embeddable":true,"href":"https:\/\/ceasuri.md\/ru\/wp-json\/wp\/v2\/media\/58228"}],"wp:attachment":[{"href":"https:\/\/ceasuri.md\/ru\/wp-json\/wp\/v2\/media?parent=58227"}],"wp:term":[{"taxonomy":"product_brand","embeddable":true,"href":"https:\/\/ceasuri.md\/ru\/wp-json\/wp\/v2\/product_brand?post=58227"},{"taxonomy":"product_cat","embeddable":true,"href":"https:\/\/ceasuri.md\/ru\/wp-json\/wp\/v2\/product_cat?post=58227"},{"taxonomy":"product_tag","embeddable":true,"href":"https:\/\/ceasuri.md\/ru\/wp-json\/wp\/v2\/product_tag?post=58227"}],"curies":[{"name":"wp","href":"https:\/\/api.w.org\/{rel}","templated":true}]}}