{"id":58223,"date":"2026-04-03T00:47:56","date_gmt":"2026-04-02T21:47:56","guid":{"rendered":"http:\/\/new.ceasuri.md\/shop\/uncategorized\/casio-edifice-efr-575d-2aef\/"},"modified":"2026-04-15T21:05:35","modified_gmt":"2026-04-15T18:05:35","slug":"casio-edifice-efr-575d-2aef","status":"publish","type":"product","link":"https:\/\/ceasuri.md\/ru\/shop\/branduri\/casio\/casio-edifice-efr-575d-2aef\/","title":{"rendered":"Ceas CASIO EDIFICE EFR-575D-2AEF"},"content":{"rendered":"<p>Cronograful EDIFICE inspirat de indicatoarele din sticl\u0103 convex\u0103 ale automobilelor sport clasice.<\/p>\n<p>Cadranul bicolor prezint\u0103 culori contrastante pentru cadranul principal \u0219i cadranul \u00eencastrat, evoc\u00e2nd aspectul panoului de instrumente al unui automobil sport clasic.<\/p>\n<p>Detalii precum sticla bombat\u0103 convex\u0103 a ceasului, carcasa din o\u021bel inoxidabil cu luneta \u00eengust\u0103 \u0219i butoanele de ap\u0103sare completeaz\u0103 designul cu un stil onorat de timp.<\/p>\n<p>Carcasa, luneta \u0219i br\u0103\u021bara sunt realizate din o\u021bel inoxidabil argintiu. Diametrul carcasei este de 41 mm.<\/p>\n<p>Cadran analogic, albastru \u00eenchis, cronograf, indica\u021bie de 24 de ore la ora 3, dat\u0103 \u00eentre orele 4 \u0219i 5, indici \u0219i m\u00e2ini argintii cu strat luminescent.<\/p>\n<p>Mi\u0219care cu cuar\u021b. Cristal sferic mineral. Rezistent la ap\u0103 p\u00e2n\u0103 la 10 bar.<\/p>","protected":false},"excerpt":{"rendered":"<p>Cronograful EDIFICE inspirat de indicatoarele din sticl\u0103 convex\u0103 ale automobilelor sport clasice. Cadranul bicolor prezint\u0103 culori contrastante pentru cadranul principal \u0219i cadranul \u00eencastrat, evoc\u00e2nd aspectul panoului de instrumente al unui automobil sport clasic. Detalii precum sticla bombat\u0103 convex\u0103 a ceasului, carcasa din o\u021bel inoxidabil cu luneta \u00eengust\u0103 \u0219i butoanele de ap\u0103sare completeaz\u0103 designul cu un [&hellip;]<\/p>\n","protected":false},"featured_media":58224,"comment_status":"closed","ping_status":"open","template":"","meta":{"_acf_changed":false},"product_brand":[],"product_cat":[27,20,536],"product_tag":[],"class_list":{"0":"post-58223","1":"product","2":"type-product","3":"status-publish","4":"has-post-thumbnail","6":"product_cat-casio","7":"product_cat-ceasuri-barbati","8":"product_cat-edifice","9":"pa_brand-casio","10":"pa_brand-edifice","11":"pa_braslet-otel-inoxidabil","12":"pa_corpus-41-mm","13":"pa_forma-rotund","14":"pa_funcii-cronograf","15":"pa_funcii-data","16":"pa_garatia-24-luni","17":"pa_korpus-argintiu","18":"pa_kvarc-quartz","19":"pa_material-otel-inoxidabil","20":"pa_mehanizm-quartz","21":"pa_remeshok-argintiu","22":"pa_steklo-cristal-mineral","23":"pa_strana-japonia","24":"pa_voda-10-atm","26":"first","27":"instock","28":"purchasable","29":"product-type-simple"},"acf":[],"_links":{"self":[{"href":"https:\/\/ceasuri.md\/ru\/wp-json\/wp\/v2\/product\/58223","targetHints":{"allow":["GET"]}}],"collection":[{"href":"https:\/\/ceasuri.md\/ru\/wp-json\/wp\/v2\/product"}],"about":[{"href":"https:\/\/ceasuri.md\/ru\/wp-json\/wp\/v2\/types\/product"}],"replies":[{"embeddable":true,"href":"https:\/\/ceasuri.md\/ru\/wp-json\/wp\/v2\/comments?post=58223"}],"wp:featuredmedia":[{"embeddable":true,"href":"https:\/\/ceasuri.md\/ru\/wp-json\/wp\/v2\/media\/58224"}],"wp:attachment":[{"href":"https:\/\/ceasuri.md\/ru\/wp-json\/wp\/v2\/media?parent=58223"}],"wp:term":[{"taxonomy":"product_brand","embeddable":true,"href":"https:\/\/ceasuri.md\/ru\/wp-json\/wp\/v2\/product_brand?post=58223"},{"taxonomy":"product_cat","embeddable":true,"href":"https:\/\/ceasuri.md\/ru\/wp-json\/wp\/v2\/product_cat?post=58223"},{"taxonomy":"product_tag","embeddable":true,"href":"https:\/\/ceasuri.md\/ru\/wp-json\/wp\/v2\/product_tag?post=58223"}],"curies":[{"name":"wp","href":"https:\/\/api.w.org\/{rel}","templated":true}]}}