{"id":58218,"date":"2026-04-03T00:47:56","date_gmt":"2026-04-02T21:47:56","guid":{"rendered":"http:\/\/new.ceasuri.md\/shop\/uncategorized\/casio-edifice-efr-575l-7aef\/"},"modified":"2026-04-07T05:00:12","modified_gmt":"2026-04-07T02:00:12","slug":"casio-edifice-efr-575l-7aef","status":"publish","type":"product","link":"https:\/\/ceasuri.md\/ru\/shop\/branduri\/casio\/casio-edifice-efr-575l-7aef\/","title":{"rendered":"Ceas CASIO EDIFICE EFR-575L-7AEF"},"content":{"rendered":"<p>Cronograf EDIFICE inspirat de indicatoarele convexe din sticl\u0103 ale unei ma\u0219ini sport clasice.<\/p>\n<p>Cadranul bicolor prezint\u0103 culori contrastante pentru cadranul principal \u0219i cele secundare, evoc\u00e2nd aspectul tabloului de bord al unei ma\u0219ini sport clasice.<\/p>\n<p>Detalii precum cristalul bombat al ceasului, carcasa din o\u021bel inoxidabil cu luneta \u00eengust\u0103 \u0219i butoanele completeaz\u0103 designul consacrat.<\/p>\n<p>Cadran cu indicatoare \u00een form\u0103 de bar\u0103. Fereastra datei este situat\u0103 \u00eentre reperele orei 4 \u0219i 5. Cronometru cu precizie de 1 s \u0219i timp de m\u0103surare de 1 h. Format de timp de 12 \u0219i 24 de ore.<\/p>\n<p>Curea din piele perforat\u0103 cu cus\u0103turi albe. \u00cencuietoare clasic\u0103.<\/p>","protected":false},"excerpt":{"rendered":"<p>Cronograf EDIFICE inspirat de indicatoarele convexe din sticl\u0103 ale unei ma\u0219ini sport clasice. Cadranul bicolor prezint\u0103 culori contrastante pentru cadranul principal \u0219i cele secundare, evoc\u00e2nd aspectul tabloului de bord al unei ma\u0219ini sport clasice. Detalii precum cristalul bombat al ceasului, carcasa din o\u021bel inoxidabil cu luneta \u00eengust\u0103 \u0219i butoanele completeaz\u0103 designul consacrat. Cadran cu indicatoare [&hellip;]<\/p>\n","protected":false},"featured_media":58219,"comment_status":"closed","ping_status":"open","template":"","meta":{"_acf_changed":false},"product_brand":[],"product_cat":[27,20,536],"product_tag":[],"class_list":{"0":"post-58218","1":"product","2":"type-product","3":"status-publish","4":"has-post-thumbnail","6":"product_cat-casio","7":"product_cat-ceasuri-barbati","8":"product_cat-edifice","9":"pa_brand-casio","10":"pa_brand-edifice","11":"pa_braslet-piele","12":"pa_corpus-41-mm","13":"pa_forma-rotund","14":"pa_funcii-cronograf","15":"pa_funcii-data","16":"pa_garatia-24-luni","17":"pa_korpus-argintiu","18":"pa_material-otel-inoxidabil","19":"pa_mehanizm-quartz","20":"pa_remeshok-maro","21":"pa_steklo-cristal-mineral","22":"pa_strana-japonia","23":"pa_voda-10-atm","25":"first","26":"instock","27":"purchasable","28":"product-type-simple"},"acf":[],"_links":{"self":[{"href":"https:\/\/ceasuri.md\/ru\/wp-json\/wp\/v2\/product\/58218","targetHints":{"allow":["GET"]}}],"collection":[{"href":"https:\/\/ceasuri.md\/ru\/wp-json\/wp\/v2\/product"}],"about":[{"href":"https:\/\/ceasuri.md\/ru\/wp-json\/wp\/v2\/types\/product"}],"replies":[{"embeddable":true,"href":"https:\/\/ceasuri.md\/ru\/wp-json\/wp\/v2\/comments?post=58218"}],"wp:featuredmedia":[{"embeddable":true,"href":"https:\/\/ceasuri.md\/ru\/wp-json\/wp\/v2\/media\/58219"}],"wp:attachment":[{"href":"https:\/\/ceasuri.md\/ru\/wp-json\/wp\/v2\/media?parent=58218"}],"wp:term":[{"taxonomy":"product_brand","embeddable":true,"href":"https:\/\/ceasuri.md\/ru\/wp-json\/wp\/v2\/product_brand?post=58218"},{"taxonomy":"product_cat","embeddable":true,"href":"https:\/\/ceasuri.md\/ru\/wp-json\/wp\/v2\/product_cat?post=58218"},{"taxonomy":"product_tag","embeddable":true,"href":"https:\/\/ceasuri.md\/ru\/wp-json\/wp\/v2\/product_tag?post=58218"}],"curies":[{"name":"wp","href":"https:\/\/api.w.org\/{rel}","templated":true}]}}