{"id":58203,"date":"2026-04-03T00:47:56","date_gmt":"2026-04-02T21:47:56","guid":{"rendered":"http:\/\/new.ceasuri.md\/shop\/uncategorized\/casio-g-shock-ga-2100bm-7a5er\/"},"modified":"2026-04-07T05:00:09","modified_gmt":"2026-04-07T02:00:09","slug":"casio-g-shock-ga-2100bm-7a5er","status":"publish","type":"product","link":"https:\/\/ceasuri.md\/ru\/shop\/branduri\/casio\/casio-g-shock-ga-2100bm-7a5er\/","title":{"rendered":"Ceas CASIO G-SHOCK GA-2100BM-7A5ER"},"content":{"rendered":"<p>Acest ceas G-Shock combin\u0103 durabilitatea \u0219i func\u021bionalitatea.<\/p>\n<p>Echipat cu o mi\u0219care precis\u0103 cu cuar\u021b \u0219i un cristal mineral robust, ceasul asigur\u0103 o cronometrare fiabil\u0103.<\/p>\n<p>Cureaua din plastic transparent alb cu cataram\u0103 este foarte confortabil de purtat.<\/p>\n<p>Cu un diametru al carcasei de 45 mm \u0219i o form\u0103 octogonal\u0103, ceasul arat\u0103 spectaculos la \u00eencheietura m\u00e2inii. Cadranul de culoare aur roz cu indicatoare orare este u\u0219or de citit, iar rezisten\u021ba la ap\u0103 de 200 de metri permite scufund\u0103rile.<\/p>\n<p>Func\u021biile suplimentare precum cronograf, alarm\u0103 \u0219i afi\u0219aj zi\/data fac din Casio G-Shock partenerul ideal pentru persoanele active care apreciaz\u0103 stilul \u0219i func\u021bionalitatea.<\/p>","protected":false},"excerpt":{"rendered":"<p>Acest ceas G-Shock combin\u0103 durabilitatea \u0219i func\u021bionalitatea. Echipat cu o mi\u0219care precis\u0103 cu cuar\u021b \u0219i un cristal mineral robust, ceasul asigur\u0103 o cronometrare fiabil\u0103. Cureaua din plastic transparent alb cu cataram\u0103 este foarte confortabil de purtat. Cu un diametru al carcasei de 45 mm \u0219i o form\u0103 octogonal\u0103, ceasul arat\u0103 spectaculos la \u00eencheietura m\u00e2inii. Cadranul [&hellip;]<\/p>\n","protected":false},"featured_media":58204,"comment_status":"closed","ping_status":"open","template":"","meta":{"_acf_changed":false},"product_brand":[],"product_cat":[27,20,25,419],"product_tag":[],"class_list":{"0":"post-58203","1":"product","2":"type-product","3":"status-publish","4":"has-post-thumbnail","6":"product_cat-casio","7":"product_cat-ceasuri-barbati","8":"product_cat-ceasuri-dama","9":"product_cat-g-shock","10":"pa_brand-casio","11":"pa_brand-g-shock","12":"pa_braslet-plastic","13":"pa_corpus-45-mm","14":"pa_forma-octogonala","15":"pa_funcii-alarma","16":"pa_funcii-calendar","17":"pa_funcii-cronometru","18":"pa_funcii-iluminare","19":"pa_funcii-timp-mondial","20":"pa_funcii-ziua-saptamanii","21":"pa_garatia-24-luni","22":"pa_korpus-alb","23":"pa_korpus-transparent","24":"pa_material-carbon","25":"pa_material-plastic","26":"pa_mehanizm-electronic","27":"pa_mehanizm-quartz","28":"pa_remeshok-alb","29":"pa_remeshok-transparent","30":"pa_steklo-cristal-mineral","31":"pa_strana-japonia","32":"pa_voda-20-atm","34":"first","35":"instock","36":"purchasable","37":"product-type-simple"},"acf":[],"_links":{"self":[{"href":"https:\/\/ceasuri.md\/ru\/wp-json\/wp\/v2\/product\/58203","targetHints":{"allow":["GET"]}}],"collection":[{"href":"https:\/\/ceasuri.md\/ru\/wp-json\/wp\/v2\/product"}],"about":[{"href":"https:\/\/ceasuri.md\/ru\/wp-json\/wp\/v2\/types\/product"}],"replies":[{"embeddable":true,"href":"https:\/\/ceasuri.md\/ru\/wp-json\/wp\/v2\/comments?post=58203"}],"wp:featuredmedia":[{"embeddable":true,"href":"https:\/\/ceasuri.md\/ru\/wp-json\/wp\/v2\/media\/58204"}],"wp:attachment":[{"href":"https:\/\/ceasuri.md\/ru\/wp-json\/wp\/v2\/media?parent=58203"}],"wp:term":[{"taxonomy":"product_brand","embeddable":true,"href":"https:\/\/ceasuri.md\/ru\/wp-json\/wp\/v2\/product_brand?post=58203"},{"taxonomy":"product_cat","embeddable":true,"href":"https:\/\/ceasuri.md\/ru\/wp-json\/wp\/v2\/product_cat?post=58203"},{"taxonomy":"product_tag","embeddable":true,"href":"https:\/\/ceasuri.md\/ru\/wp-json\/wp\/v2\/product_tag?post=58203"}],"curies":[{"name":"wp","href":"https:\/\/api.w.org\/{rel}","templated":true}]}}