{"id":58190,"date":"2026-04-03T00:47:56","date_gmt":"2026-04-02T21:47:56","guid":{"rendered":"http:\/\/new.ceasuri.md\/shop\/uncategorized\/casio-g-shock-gm-2100cb-1aer\/"},"modified":"2026-04-20T01:47:59","modified_gmt":"2026-04-19T22:47:59","slug":"casio-g-shock-gm-2100cb-1aer","status":"publish","type":"product","link":"https:\/\/ceasuri.md\/ru\/shop\/branduri\/casio\/casio-g-shock-gm-2100cb-1aer\/","title":{"rendered":"\u0427\u0430\u0441\u044b CASIO G-SHOCK GM-2100CB-1AER"},"content":{"rendered":"<p>Completeaz\u0103-\u021bi stilul cu versatilul G-SHOCK din colec\u021bia Utility Metal.<\/p>\n<p>Acest ceas modern cu forma sa octogonal\u0103 iconic\u0103, cu carcas\u0103 metalic\u0103 \u0219i curea textil\u0103 \u00eentr-o culoare versatil\u0103 se va potrivi cu orice \u021binut\u0103. Contrastul izbitor dintre metal \u0219i \u021bes\u0103tur\u0103 creeaz\u0103 un stil care combin\u0103 robuste\u021bea cu sofisticarea casual.<\/p>\n<p>Carcasa rezistent\u0103 la \u0219ocuri protejeaz\u0103 mi\u0219carea de \u0219ocuri \u0219i vibra\u021bii. Iluminare dubl\u0103: cadranul \u0219i afi\u0219ajul LCD sunt iluminate de un LED, iar datorit\u0103 func\u021biei de \u00eent\u00e2rziere, lumina de fundal r\u0103m\u00e2ne aprins\u0103 timp de c\u00e2teva secunde dup\u0103 ce butonul este eliberat.<\/p>\n<p>Format de timp de 12 \u0219i 24 de ore. Cronometru cu dou\u0103 citiri precise: 1\/100 s (\u00eenainte de 1 h) \u0219i 1 s (dup\u0103 1 h) \u0219i un timp de m\u0103surare de 24 h. Cronometru cu num\u0103r\u0103toare invers\u0103 de la 1 s la 24h. Ora mondial\u0103 &#8211; 48 de ora\u0219e (31 de fusuri orare), timp universal coordonat (UTC). Indicator retrograd al zilei s\u0103pt\u0103m\u00e2nii.<\/p>\n<p>Func\u021bie de activare\/dezactivare a orei de var\u0103. Func\u021bii Mute\/unmute \u0219i de mi\u0219care a m\u00e2inii pentru vizionarea neobstruc\u021bionat\u0103 a informa\u021biilor de pe afi\u0219ajele digitale.<\/p>\n<p>Curea confortabil\u0103 cu sistem de schimbare rapid\u0103 \u0219i cataram\u0103 clasic\u0103.<\/p>","protected":false},"excerpt":{"rendered":"<p>Completeaz\u0103-\u021bi stilul cu versatilul G-SHOCK din colec\u021bia Utility Metal. Acest ceas modern cu forma sa octogonal\u0103 iconic\u0103, cu carcas\u0103 metalic\u0103 \u0219i curea textil\u0103 \u00eentr-o culoare versatil\u0103 se va potrivi cu orice \u021binut\u0103. Contrastul izbitor dintre metal \u0219i \u021bes\u0103tur\u0103 creeaz\u0103 un stil care combin\u0103 robuste\u021bea cu sofisticarea casual. Carcasa rezistent\u0103 la \u0219ocuri protejeaz\u0103 mi\u0219carea de \u0219ocuri [&hellip;]<\/p>\n","protected":false},"featured_media":58191,"comment_status":"closed","ping_status":"open","template":"","meta":{"_acf_changed":false},"product_brand":[],"product_cat":[27,20,419],"product_tag":[],"class_list":{"0":"post-58190","1":"product","2":"type-product","3":"status-publish","4":"has-post-thumbnail","6":"product_cat-casio","7":"product_cat-ceasuri-barbati","8":"product_cat-g-shock","9":"pa_brand-casio","10":"pa_brand-g-shock","11":"pa_braslet-textile","12":"pa_corpus-44-mm","13":"pa_forma-octogonala","14":"pa_funcii-alarma","15":"pa_funcii-calendar","16":"pa_funcii-cronometru","17":"pa_funcii-iluminare","18":"pa_funcii-timp-mondial","19":"pa_funcii-ziua-saptamanii","20":"pa_garatia-24-luni","21":"pa_korpus-negru","22":"pa_kvarc-quartz","23":"pa_material-otel-inoxidabil","24":"pa_material-plastic","25":"pa_mehanizm-electronic","26":"pa_mehanizm-quartz","27":"pa_remeshok-negru","28":"pa_steklo-cristal-mineral","29":"pa_strana-japonia","30":"pa_voda-20-atm","32":"first","33":"instock","34":"purchasable","35":"product-type-simple"},"acf":[],"_links":{"self":[{"href":"https:\/\/ceasuri.md\/ru\/wp-json\/wp\/v2\/product\/58190","targetHints":{"allow":["GET"]}}],"collection":[{"href":"https:\/\/ceasuri.md\/ru\/wp-json\/wp\/v2\/product"}],"about":[{"href":"https:\/\/ceasuri.md\/ru\/wp-json\/wp\/v2\/types\/product"}],"replies":[{"embeddable":true,"href":"https:\/\/ceasuri.md\/ru\/wp-json\/wp\/v2\/comments?post=58190"}],"wp:featuredmedia":[{"embeddable":true,"href":"https:\/\/ceasuri.md\/ru\/wp-json\/wp\/v2\/media\/58191"}],"wp:attachment":[{"href":"https:\/\/ceasuri.md\/ru\/wp-json\/wp\/v2\/media?parent=58190"}],"wp:term":[{"taxonomy":"product_brand","embeddable":true,"href":"https:\/\/ceasuri.md\/ru\/wp-json\/wp\/v2\/product_brand?post=58190"},{"taxonomy":"product_cat","embeddable":true,"href":"https:\/\/ceasuri.md\/ru\/wp-json\/wp\/v2\/product_cat?post=58190"},{"taxonomy":"product_tag","embeddable":true,"href":"https:\/\/ceasuri.md\/ru\/wp-json\/wp\/v2\/product_tag?post=58190"}],"curies":[{"name":"wp","href":"https:\/\/api.w.org\/{rel}","templated":true}]}}