{"id":58185,"date":"2026-04-03T00:47:56","date_gmt":"2026-04-02T21:47:56","guid":{"rendered":"http:\/\/new.ceasuri.md\/shop\/uncategorized\/casio-g-shock-gma-p2100pp-4aer\/"},"modified":"2026-04-20T01:48:00","modified_gmt":"2026-04-19T22:48:00","slug":"casio-g-shock-gma-p2100pp-4aer","status":"publish","type":"product","link":"https:\/\/ceasuri.md\/ru\/shop\/branduri\/casio\/casio-g-shock-gma-p2100pp-4aer\/","title":{"rendered":"\u0427\u0430\u0441\u044b CASIO G-SHOCK GMA-P2100PP-4AER"},"content":{"rendered":"<p>Ceas de dam\u0103 elegant \u0219i colorat din colec\u021bia fresh, cu o carcas\u0103 octogonal\u0103 roz \u0219i curea din polimer.<\/p>\n<p>Modelul este o versiune mai mic\u0103 a ceasului din seria G-SHOCK pentru b\u0103rba\u021bi, ceea ce \u00eei permite s\u0103 arate optim chiar \u0219i pe cele mai mici \u0219i gra\u021bioase \u00eencheieturi ale femeilor.<\/p>\n<p>Modulul ceasului este protejat de o carcas\u0103 din polimer rezistent, iar cadranul este acoperit cu sticl\u0103 mineral\u0103 c\u0103lit\u0103.<\/p>\n<p>Desigur, nu trebuie s\u0103 uit\u0103m de standardul pentru rezisten\u021ba la \u0219ocuri G-SHOCK \u0219i rezisten\u021ba la ap\u0103 de 200 de metri, func\u021bii de cronometru, cronometru, ora mondial\u0103, func\u021bia convenabil\u0103 de m\u00e2ini pliabile pentru citirea informa\u021biilor de pe afi\u0219aje, precum \u0219i iluminarea dubl\u0103 luminoas\u0103 a cadranului \u0219i a afi\u0219ajului.<\/p>\n<p>Reamintim c\u0103 G-SHOCK SMALL SERIES, din care face parte acest model, este o serie de unisex \u0219i pentru femei cu o dimensiune mai mic\u0103 a carcasei, spre deosebire de alte ceasuri G-SHOCK, ceea ce le permite s\u0103 arate optim chiar \u0219i pe \u00eencheieturile femeilor.<\/p>","protected":false},"excerpt":{"rendered":"<p>Ceas de dam\u0103 elegant \u0219i colorat din colec\u021bia fresh, cu o carcas\u0103 octogonal\u0103 roz \u0219i curea din polimer. Modelul este o versiune mai mic\u0103 a ceasului din seria G-SHOCK pentru b\u0103rba\u021bi, ceea ce \u00eei permite s\u0103 arate optim chiar \u0219i pe cele mai mici \u0219i gra\u021bioase \u00eencheieturi ale femeilor. Modulul ceasului este protejat de o [&hellip;]<\/p>\n","protected":false},"featured_media":58186,"comment_status":"closed","ping_status":"open","template":"","meta":{"_acf_changed":false},"product_brand":[],"product_cat":[27,25,419],"product_tag":[],"class_list":{"0":"post-58185","1":"product","2":"type-product","3":"status-publish","4":"has-post-thumbnail","6":"product_cat-casio","7":"product_cat-ceasuri-dama","8":"product_cat-g-shock","9":"pa_brand-casio","10":"pa_brand-g-shock","11":"pa_braslet-plastic","12":"pa_corpus-40x46mm","13":"pa_forma-octogonala","14":"pa_funcii-alarma","15":"pa_funcii-calendar","16":"pa_funcii-cronometru","17":"pa_funcii-iluminare","18":"pa_funcii-timp-mondial","19":"pa_garatia-24-luni","20":"pa_korpus-roz","21":"pa_kvarc-quartz","22":"pa_material-plastic","23":"pa_mehanizm-electronic","24":"pa_mehanizm-quartz","25":"pa_remeshok-roz","26":"pa_steklo-cristal-mineral","27":"pa_strana-japonia","28":"pa_voda-20-atm","30":"first","31":"instock","32":"purchasable","33":"product-type-simple"},"acf":[],"_links":{"self":[{"href":"https:\/\/ceasuri.md\/ru\/wp-json\/wp\/v2\/product\/58185","targetHints":{"allow":["GET"]}}],"collection":[{"href":"https:\/\/ceasuri.md\/ru\/wp-json\/wp\/v2\/product"}],"about":[{"href":"https:\/\/ceasuri.md\/ru\/wp-json\/wp\/v2\/types\/product"}],"replies":[{"embeddable":true,"href":"https:\/\/ceasuri.md\/ru\/wp-json\/wp\/v2\/comments?post=58185"}],"wp:featuredmedia":[{"embeddable":true,"href":"https:\/\/ceasuri.md\/ru\/wp-json\/wp\/v2\/media\/58186"}],"wp:attachment":[{"href":"https:\/\/ceasuri.md\/ru\/wp-json\/wp\/v2\/media?parent=58185"}],"wp:term":[{"taxonomy":"product_brand","embeddable":true,"href":"https:\/\/ceasuri.md\/ru\/wp-json\/wp\/v2\/product_brand?post=58185"},{"taxonomy":"product_cat","embeddable":true,"href":"https:\/\/ceasuri.md\/ru\/wp-json\/wp\/v2\/product_cat?post=58185"},{"taxonomy":"product_tag","embeddable":true,"href":"https:\/\/ceasuri.md\/ru\/wp-json\/wp\/v2\/product_tag?post=58185"}],"curies":[{"name":"wp","href":"https:\/\/api.w.org\/{rel}","templated":true}]}}