{"id":58181,"date":"2026-04-03T00:47:56","date_gmt":"2026-04-02T21:47:56","guid":{"rendered":"http:\/\/new.ceasuri.md\/shop\/uncategorized\/casio-g-shock-gm-s2110-7a6er\/"},"modified":"2026-04-16T21:32:30","modified_gmt":"2026-04-16T18:32:30","slug":"casio-g-shock-gm-s2110-7a6er","status":"publish","type":"product","link":"https:\/\/ceasuri.md\/ru\/shop\/branduri\/casio\/casio-g-shock-gm-s2110-7a6er\/","title":{"rendered":"Ceas CASIO GM-S2110-7A6ER G-Shock"},"content":{"rendered":"<p>Elegan\u021b\u0103 \u0219i confort combinate cu str\u0103lucire \u0219i frumuse\u021be &#8211; bucura\u021bi-v\u0103 de str\u0103lucirea lustruit\u0103 a metalului \u0219i de individualitatea elegant\u0103.<\/p>\n<p>Cadranul trendy de culoare violet va ad\u0103uga sofisticare \u0219i str\u0103lucire \u00eencheieturii dvs.<\/p>\n<p>Finisajul subtil al lunetei metalice octogonale \u00eei confer\u0103 o textur\u0103 frumoas\u0103, \u00een timp ce cadranul metalic adaug\u0103 un stil luxos designului plat cu indicatoare orare clar delimitate \u0219i afi\u0219aj LCD.<\/p>\n<p>Lungimea curelei a fost modificat\u0103 pentru a se potrivi \u00eencheieturilor mai sub\u021biri cu un confort complet. Componentele principale ale curelei sunt realizate din biorezin\u0103. Acest material, produs folosind resurse organice regenerabile, contribuie la reducerea impactului asupra mediului.<\/p>\n<p>Acest ceas digital analogic are func\u021bie de calendar, cronometru, ora mondial\u0103, alarm\u0103 \u0219i iluminare de fundal.<\/p>\n<p>Rezistent la ap\u0103 p\u00e2n\u0103 la 200m.<\/p>","protected":false},"excerpt":{"rendered":"<p>Elegan\u021b\u0103 \u0219i confort combinate cu str\u0103lucire \u0219i frumuse\u021be &#8211; bucura\u021bi-v\u0103 de str\u0103lucirea lustruit\u0103 a metalului \u0219i de individualitatea elegant\u0103. Cadranul trendy de culoare violet va ad\u0103uga sofisticare \u0219i str\u0103lucire \u00eencheieturii dvs. Finisajul subtil al lunetei metalice octogonale \u00eei confer\u0103 o textur\u0103 frumoas\u0103, \u00een timp ce cadranul metalic adaug\u0103 un stil luxos designului plat cu indicatoare [&hellip;]<\/p>\n","protected":false},"featured_media":58182,"comment_status":"closed","ping_status":"open","template":"","meta":{"_acf_changed":false},"product_brand":[],"product_cat":[27,25,419],"product_tag":[],"class_list":{"0":"post-58181","1":"product","2":"type-product","3":"status-publish","4":"has-post-thumbnail","6":"product_cat-casio","7":"product_cat-ceasuri-dama","8":"product_cat-g-shock","9":"pa_brand-casio","10":"pa_brand-g-shock","11":"pa_braslet-plastic","12":"pa_corpus-41-mm","13":"pa_forma-octogonala","14":"pa_funcii-alarma","15":"pa_funcii-calendar","16":"pa_funcii-cronometru","17":"pa_funcii-iluminare","18":"pa_funcii-timp-mondial","19":"pa_garatia-24-luni","20":"pa_korpus-argintiu","21":"pa_kvarc-quartz","22":"pa_material-otel-inoxidabil","23":"pa_material-plastic","24":"pa_mehanizm-electronic","25":"pa_mehanizm-quartz","26":"pa_remeshok-alb","27":"pa_steklo-cristal-mineral","28":"pa_strana-japonia","29":"pa_voda-20-atm","31":"first","32":"instock","33":"purchasable","34":"product-type-simple"},"acf":[],"_links":{"self":[{"href":"https:\/\/ceasuri.md\/ru\/wp-json\/wp\/v2\/product\/58181","targetHints":{"allow":["GET"]}}],"collection":[{"href":"https:\/\/ceasuri.md\/ru\/wp-json\/wp\/v2\/product"}],"about":[{"href":"https:\/\/ceasuri.md\/ru\/wp-json\/wp\/v2\/types\/product"}],"replies":[{"embeddable":true,"href":"https:\/\/ceasuri.md\/ru\/wp-json\/wp\/v2\/comments?post=58181"}],"wp:featuredmedia":[{"embeddable":true,"href":"https:\/\/ceasuri.md\/ru\/wp-json\/wp\/v2\/media\/58182"}],"wp:attachment":[{"href":"https:\/\/ceasuri.md\/ru\/wp-json\/wp\/v2\/media?parent=58181"}],"wp:term":[{"taxonomy":"product_brand","embeddable":true,"href":"https:\/\/ceasuri.md\/ru\/wp-json\/wp\/v2\/product_brand?post=58181"},{"taxonomy":"product_cat","embeddable":true,"href":"https:\/\/ceasuri.md\/ru\/wp-json\/wp\/v2\/product_cat?post=58181"},{"taxonomy":"product_tag","embeddable":true,"href":"https:\/\/ceasuri.md\/ru\/wp-json\/wp\/v2\/product_tag?post=58181"}],"curies":[{"name":"wp","href":"https:\/\/api.w.org\/{rel}","templated":true}]}}