{"id":58169,"date":"2026-04-03T00:47:56","date_gmt":"2026-04-02T21:47:56","guid":{"rendered":"http:\/\/new.ceasuri.md\/shop\/uncategorized\/casio-g-shock-gm-s2110pg-4aer\/"},"modified":"2026-04-20T01:48:02","modified_gmt":"2026-04-19T22:48:02","slug":"casio-g-shock-gm-s2110pg-4aer","status":"publish","type":"product","link":"https:\/\/ceasuri.md\/ru\/shop\/branduri\/casio\/casio-g-shock-gm-s2110pg-4aer\/","title":{"rendered":"\u0427\u0430\u0441\u044b CASIO G-SHOCK GM-S2110PG-4AER"},"content":{"rendered":"<p>Durabil, din o\u021bel, elegant &#8211; acum \u00een nuan\u021be radiante de culoare elegant\u0103.<\/p>\n<p>Modelul octogonal este disponibil \u00een trei culori noi &#8211; aur roz \u0219i negru, aur roz \u0219i bej roz \u0219i gri \u00eenchis.<\/p>\n<p>Elementele metalice de pe cadran adaug\u0103 str\u0103lucire \u0219i textur\u0103, \u00een timp ce dimensiunea compact\u0103 asigur\u0103 o potrivire confortabil\u0103 pe \u00eencheieturile sub\u021biri. Designul sofisticat \u0219i minimalist completeaz\u0103 perfect orice look, de la elegant la casual.<\/p>\n<p>Componentele principale ale curelei sunt realizate din biorezin\u0103 produs\u0103 din resurse organice regenerabile, un material care se a\u0219teapt\u0103 s\u0103 contribuie la minimizarea impactului asupra mediului.<\/p>\n<p>Modelul este rezistent la ap\u0103 p\u00e2n\u0103 la 200 de metri, ceea ce \u00eel face potrivit pentru sporturile acvatice, adic\u0103 \u00eenot sau scufund\u0103ri. \u00cen plus, ceasul este echipat cu func\u021bii precum un cronometru \u0219i o lumin\u0103 de fundal pentru a-i spori utilitatea.<\/p>","protected":false},"excerpt":{"rendered":"<p>Durabil, din o\u021bel, elegant &#8211; acum \u00een nuan\u021be radiante de culoare elegant\u0103. Modelul octogonal este disponibil \u00een trei culori noi &#8211; aur roz \u0219i negru, aur roz \u0219i bej roz \u0219i gri \u00eenchis. Elementele metalice de pe cadran adaug\u0103 str\u0103lucire \u0219i textur\u0103, \u00een timp ce dimensiunea compact\u0103 asigur\u0103 o potrivire confortabil\u0103 pe \u00eencheieturile sub\u021biri. Designul [&hellip;]<\/p>\n","protected":false},"featured_media":58170,"comment_status":"closed","ping_status":"open","template":"","meta":{"_acf_changed":false},"product_brand":[],"product_cat":[27,25,419],"product_tag":[],"class_list":{"0":"post-58169","1":"product","2":"type-product","3":"status-publish","4":"has-post-thumbnail","6":"product_cat-casio","7":"product_cat-ceasuri-dama","8":"product_cat-g-shock","9":"pa_brand-casio","10":"pa_brand-g-shock","11":"pa_braslet-plastic","12":"pa_corpus-41-mm","13":"pa_forma-octogonala","14":"pa_funcii-alarma","15":"pa_funcii-calendar","16":"pa_funcii-cronometru","17":"pa_funcii-iluminare","18":"pa_funcii-timp-mondial","19":"pa_garatia-24-luni","20":"pa_korpus-roz-gold","21":"pa_kvarc-quartz","22":"pa_material-otel-inoxidabil","23":"pa_material-plastic","24":"pa_mehanizm-electronic","25":"pa_mehanizm-quartz","26":"pa_remeshok-roz","27":"pa_steklo-cristal-mineral","28":"pa_strana-japonia","29":"pa_voda-20-atm","31":"first","32":"instock","33":"purchasable","34":"product-type-simple"},"acf":[],"_links":{"self":[{"href":"https:\/\/ceasuri.md\/ru\/wp-json\/wp\/v2\/product\/58169","targetHints":{"allow":["GET"]}}],"collection":[{"href":"https:\/\/ceasuri.md\/ru\/wp-json\/wp\/v2\/product"}],"about":[{"href":"https:\/\/ceasuri.md\/ru\/wp-json\/wp\/v2\/types\/product"}],"replies":[{"embeddable":true,"href":"https:\/\/ceasuri.md\/ru\/wp-json\/wp\/v2\/comments?post=58169"}],"wp:featuredmedia":[{"embeddable":true,"href":"https:\/\/ceasuri.md\/ru\/wp-json\/wp\/v2\/media\/58170"}],"wp:attachment":[{"href":"https:\/\/ceasuri.md\/ru\/wp-json\/wp\/v2\/media?parent=58169"}],"wp:term":[{"taxonomy":"product_brand","embeddable":true,"href":"https:\/\/ceasuri.md\/ru\/wp-json\/wp\/v2\/product_brand?post=58169"},{"taxonomy":"product_cat","embeddable":true,"href":"https:\/\/ceasuri.md\/ru\/wp-json\/wp\/v2\/product_cat?post=58169"},{"taxonomy":"product_tag","embeddable":true,"href":"https:\/\/ceasuri.md\/ru\/wp-json\/wp\/v2\/product_tag?post=58169"}],"curies":[{"name":"wp","href":"https:\/\/api.w.org\/{rel}","templated":true}]}}