{"id":58163,"date":"2026-04-03T00:46:50","date_gmt":"2026-04-02T21:46:50","guid":{"rendered":"http:\/\/new.ceasuri.md\/shop\/uncategorized\/casio-g-shock-gr-b300ry-1a9er\/"},"modified":"2026-04-20T01:48:03","modified_gmt":"2026-04-19T22:48:03","slug":"casio-g-shock-gr-b300ry-1a9er","status":"publish","type":"product","link":"https:\/\/ceasuri.md\/ru\/shop\/branduri\/casio\/casio-g-shock-gr-b300ry-1a9er\/","title":{"rendered":"\u0427\u0430\u0441\u044b CASIO G-SHOCK GR-B300RY-1A9ER"},"content":{"rendered":"<p>Orice a\u021bi face, oriunde v-a\u021bi afla, ceasul G-SHOCK Master of G v\u0103 sus\u021bine.<\/p>\n<p>Acest ceas ofer\u0103 performan\u021be maxime \u00een cele mai dure condi\u021bii. Ceasul este finisat \u00eentr-o culoare neagr\u0103 \u00eendr\u0103znea\u021b\u0103 \u0219i are o curea galben str\u0103lucitor, care este utilizat\u0103 pentru salvarea de urgen\u021b\u0103 \u0219i semnele de siguran\u021b\u0103. Acest design inovator este cu siguran\u021b\u0103 \u00een concordan\u021b\u0103 cu lumea profesioni\u0219tilor implica\u021bi \u00een opera\u021biuni de salvare \u0219i alte misiuni importante.<\/p>\n<p>Forma organic\u0103 este inspirat\u0103 de aeronavele de ultim\u0103 genera\u021bie \u0219i prezint\u0103 un design exterior impecabil.<\/p>\n<p>Structura Carbon Core Guard \u0219i fa\u021ba larg\u0103 3D ofer\u0103 durabilitate, lizibilitate \u0219i o potrivire confortabil\u0103.<\/p>\n<p>Bucura\u021bi-v\u0103 de toate func\u021biile practice, inclusiv ora dubl\u0103 care arat\u0103 ora \u00een dou\u0103 ora\u0219e \u00een acela\u0219i timp, func\u021bia de memorare a jurnalului de zbor pentru a \u00eenregistra rutele parcurse, ajustarea automat\u0103 a orei, localizarea telefonului \u0219i multe altele.<\/p>\n<p>Acest ceas robust v\u0103 va ajuta s\u0103 lua\u021bi decizii rapide \u0219i s\u0103 ac\u021biona\u021bi decisiv \u00een cele mai dificile condi\u021bii.<\/p>","protected":false},"excerpt":{"rendered":"<p>Orice a\u021bi face, oriunde v-a\u021bi afla, ceasul G-SHOCK Master of G v\u0103 sus\u021bine. Acest ceas ofer\u0103 performan\u021be maxime \u00een cele mai dure condi\u021bii. Ceasul este finisat \u00eentr-o culoare neagr\u0103 \u00eendr\u0103znea\u021b\u0103 \u0219i are o curea galben str\u0103lucitor, care este utilizat\u0103 pentru salvarea de urgen\u021b\u0103 \u0219i semnele de siguran\u021b\u0103. Acest design inovator este cu siguran\u021b\u0103 \u00een concordan\u021b\u0103 [&hellip;]<\/p>\n","protected":false},"featured_media":58164,"comment_status":"closed","ping_status":"open","template":"","meta":{"_acf_changed":false},"product_brand":[],"product_cat":[27,20,419],"product_tag":[],"class_list":{"0":"post-58163","1":"product","2":"type-product","3":"status-publish","4":"has-post-thumbnail","6":"product_cat-casio","7":"product_cat-ceasuri-barbati","8":"product_cat-g-shock","9":"pa_brand-casio","10":"pa_brand-g-shock","11":"pa_braslet-plastic","12":"pa_corpus-55-mm","13":"pa_forma-rotund","14":"pa_funcii-alarma","15":"pa_funcii-bluetooth-smart","16":"pa_funcii-calendar","17":"pa_funcii-cronograf","18":"pa_funcii-data","19":"pa_funcii-iluminare","20":"pa_funcii-rezerva-de-energie","21":"pa_garatia-24-luni","22":"pa_korpus-negru","23":"pa_kvarc-quartz","24":"pa_material-carbon","25":"pa_material-otel-inoxidabil","26":"pa_material-plastic","27":"pa_mehanizm-baterie-solara","28":"pa_remeshok-galben","29":"pa_steklo-cristal-mineral","30":"pa_strana-japonia","31":"pa_voda-20-atm","33":"first","34":"instock","35":"purchasable","36":"product-type-simple"},"acf":[],"_links":{"self":[{"href":"https:\/\/ceasuri.md\/ru\/wp-json\/wp\/v2\/product\/58163","targetHints":{"allow":["GET"]}}],"collection":[{"href":"https:\/\/ceasuri.md\/ru\/wp-json\/wp\/v2\/product"}],"about":[{"href":"https:\/\/ceasuri.md\/ru\/wp-json\/wp\/v2\/types\/product"}],"replies":[{"embeddable":true,"href":"https:\/\/ceasuri.md\/ru\/wp-json\/wp\/v2\/comments?post=58163"}],"wp:featuredmedia":[{"embeddable":true,"href":"https:\/\/ceasuri.md\/ru\/wp-json\/wp\/v2\/media\/58164"}],"wp:attachment":[{"href":"https:\/\/ceasuri.md\/ru\/wp-json\/wp\/v2\/media?parent=58163"}],"wp:term":[{"taxonomy":"product_brand","embeddable":true,"href":"https:\/\/ceasuri.md\/ru\/wp-json\/wp\/v2\/product_brand?post=58163"},{"taxonomy":"product_cat","embeddable":true,"href":"https:\/\/ceasuri.md\/ru\/wp-json\/wp\/v2\/product_cat?post=58163"},{"taxonomy":"product_tag","embeddable":true,"href":"https:\/\/ceasuri.md\/ru\/wp-json\/wp\/v2\/product_tag?post=58163"}],"curies":[{"name":"wp","href":"https:\/\/api.w.org\/{rel}","templated":true}]}}