{"id":58159,"date":"2026-04-03T00:46:50","date_gmt":"2026-04-02T21:46:50","guid":{"rendered":"http:\/\/new.ceasuri.md\/shop\/uncategorized\/casio-collection-mrw-230h-1e2vef\/"},"modified":"2026-04-20T01:48:03","modified_gmt":"2026-04-19T22:48:03","slug":"casio-collection-mrw-230h-1e2vef","status":"publish","type":"product","link":"https:\/\/ceasuri.md\/ru\/shop\/branduri\/casio\/casio-collection-mrw-230h-1e2vef\/","title":{"rendered":"\u0427\u0430\u0441\u044b CASIO COLLECTION MRW-230H-1E2VEF"},"content":{"rendered":"<p>Un ceas analogic de inspira\u021bie marin\u0103 cu un luneta rotativ.<\/p>\n<p>Inelul din aluminiu de pe suprafa\u021ba superioar\u0103 a lunetei reflect\u0103 lumina pentru o not\u0103 \u00eendr\u0103znea\u021b\u0103 care atrage cu siguran\u021b\u0103 privirile.<\/p>\n<p>Cu func\u021bii practice precum rezisten\u021ba la ap\u0103 p\u00e2n\u0103 la 100 de metri \u0219i afi\u0219ajul datei \u0219i zilei, acesta este un ceas care ofer\u0103 stil \u0219i utilitate practic\u0103.<\/p>","protected":false},"excerpt":{"rendered":"<p>Un ceas analogic de inspira\u021bie marin\u0103 cu un luneta rotativ. Inelul din aluminiu de pe suprafa\u021ba superioar\u0103 a lunetei reflect\u0103 lumina pentru o not\u0103 \u00eendr\u0103znea\u021b\u0103 care atrage cu siguran\u021b\u0103 privirile. Cu func\u021bii practice precum rezisten\u021ba la ap\u0103 p\u00e2n\u0103 la 100 de metri \u0219i afi\u0219ajul datei \u0219i zilei, acesta este un ceas care ofer\u0103 stil \u0219i [&hellip;]<\/p>\n","protected":false},"featured_media":58160,"comment_status":"closed","ping_status":"open","template":"","meta":{"_acf_changed":false},"product_brand":[],"product_cat":[27,20],"product_tag":[],"class_list":{"0":"post-58159","1":"product","2":"type-product","3":"status-publish","4":"has-post-thumbnail","6":"product_cat-casio","7":"product_cat-ceasuri-barbati","8":"pa_brand-casio","9":"pa_braslet-plastic","10":"pa_corpus-45-mm","11":"pa_forma-rotund","12":"pa_funcii-data","13":"pa_funcii-ziua-saptamanii","14":"pa_garatia-24-luni","15":"pa_korpus-negru","16":"pa_kvarc-quartz","17":"pa_material-aluminiu","18":"pa_material-plastic","19":"pa_mehanizm-quartz","20":"pa_remeshok-negru","21":"pa_steklo-plastic","22":"pa_strana-japonia","23":"pa_voda-10-atm","25":"first","26":"instock","27":"purchasable","28":"product-type-simple"},"acf":[],"_links":{"self":[{"href":"https:\/\/ceasuri.md\/ru\/wp-json\/wp\/v2\/product\/58159","targetHints":{"allow":["GET"]}}],"collection":[{"href":"https:\/\/ceasuri.md\/ru\/wp-json\/wp\/v2\/product"}],"about":[{"href":"https:\/\/ceasuri.md\/ru\/wp-json\/wp\/v2\/types\/product"}],"replies":[{"embeddable":true,"href":"https:\/\/ceasuri.md\/ru\/wp-json\/wp\/v2\/comments?post=58159"}],"wp:featuredmedia":[{"embeddable":true,"href":"https:\/\/ceasuri.md\/ru\/wp-json\/wp\/v2\/media\/58160"}],"wp:attachment":[{"href":"https:\/\/ceasuri.md\/ru\/wp-json\/wp\/v2\/media?parent=58159"}],"wp:term":[{"taxonomy":"product_brand","embeddable":true,"href":"https:\/\/ceasuri.md\/ru\/wp-json\/wp\/v2\/product_brand?post=58159"},{"taxonomy":"product_cat","embeddable":true,"href":"https:\/\/ceasuri.md\/ru\/wp-json\/wp\/v2\/product_cat?post=58159"},{"taxonomy":"product_tag","embeddable":true,"href":"https:\/\/ceasuri.md\/ru\/wp-json\/wp\/v2\/product_tag?post=58159"}],"curies":[{"name":"wp","href":"https:\/\/api.w.org\/{rel}","templated":true}]}}