{"id":58149,"date":"2026-04-03T00:46:50","date_gmt":"2026-04-02T21:46:50","guid":{"rendered":"http:\/\/new.ceasuri.md\/shop\/uncategorized\/seiko-presage-spb480j1\/"},"modified":"2026-04-17T15:13:59","modified_gmt":"2026-04-17T12:13:59","slug":"seiko-presage-spb480j1","status":"publish","type":"product","link":"https:\/\/ceasuri.md\/ru\/shop\/branduri\/seiko\/seiko-presage-spb480j1\/","title":{"rendered":"Ceas SEIKO PRESAGE SPB480J1"},"content":{"rendered":"<p>Seria Presage Classic este o colec\u021bie de ceasuri concepute cu tema \u201epurtarea cu gra\u021bie a frumuse\u021bii japoneze\u201d prin elegan\u021b\u0103 tradi\u021bional\u0103, sofisticat\u0103.<\/p>\n<p>Textura cadranului este inspirat\u0103 de m\u0103tasea natural\u0103 japonez\u0103 nealbit\u0103, un material care a fost mult timp prezent \u00een decorul casei \u0219i \u00een \u00eembr\u0103c\u0103mintea japonez\u0103, \u00eenc\u0103 din cele mai vechi timpuri. Cu un cadran de culoarea \u201eShiro-Iro\u201d, acest ceas are accente de culoare aurie, simboliz\u00e2nd noble\u021bea, concepute pentru a spori elegan\u021ba ceasului.<\/p>\n<p>Sub sticl\u0103 de safir cu dou\u0103 curbe, cadranul curbat cu m\u00e2ini \u0219i indici curba\u021bi evoc\u0103 stilul vintage \u0219i sunt special concepute pentru a maximiza reflexiile luminii. Caracteristica \u00eencastrat\u0103 \u201eopen-heart\u201d de la ora 9 arat\u0103 frumuse\u021bea interioar\u0103 a mi\u0219c\u0103rii 6R5J care echipeaz\u0103 ceasul. Acesta prezint\u0103, de asemenea, un subcadran de 24 de ore \u00eencastrat la ora 6.<\/p>\n<p>Br\u0103\u021bara din \u0219apte piese cu mai multe r\u00e2nduri a fost dezvoltat\u0103 \u0219i inspirat\u0103 de br\u0103\u021b\u0103rile metalice retro ale ceasurilor din anii 1970. Nu numai c\u0103 acestea sunt concepute pentru stil \u0219i pentru a reflecta lumina, dar fiecare pies\u0103 este scurt\u0103, av\u00e2nd doar 6 mm lungime, permi\u021b\u00e2nd o mi\u0219care \u0219i un confort maxim.<\/p>\n<p>Acest ceas este propulsat de un calibru 6R5J construit in-house, precis la -15\/+25 secunde pe zi, cu o rezerv\u0103 de putere de trei zile.<\/p>\n<p>Seiko Presage: Aspect atemporal, cronometrare mecanic\u0103 precis\u0103. Ceasuri cu design minimalist, cu o estetic\u0103 specific japonez\u0103.<\/p>","protected":false},"excerpt":{"rendered":"<p>Seria Presage Classic este o colec\u021bie de ceasuri concepute cu tema \u201epurtarea cu gra\u021bie a frumuse\u021bii japoneze\u201d prin elegan\u021b\u0103 tradi\u021bional\u0103, sofisticat\u0103. Textura cadranului este inspirat\u0103 de m\u0103tasea natural\u0103 japonez\u0103 nealbit\u0103, un material care a fost mult timp prezent \u00een decorul casei \u0219i \u00een \u00eembr\u0103c\u0103mintea japonez\u0103, \u00eenc\u0103 din cele mai vechi timpuri. Cu un cadran de [&hellip;]<\/p>\n","protected":false},"featured_media":58150,"comment_status":"closed","ping_status":"open","template":"","meta":{"_acf_changed":false},"product_brand":[],"product_cat":[20,588],"product_tag":[],"class_list":{"0":"post-58149","1":"product","2":"type-product","3":"status-publish","4":"has-post-thumbnail","6":"product_cat-ceasuri-barbati","7":"product_cat-seiko","8":"pa_brand-seiko","9":"pa_braslet-otel-inoxidabil","10":"pa_corpus-40-mm","11":"pa_forma-rotund","12":"pa_funcii-semischelet","13":"pa_garatia-24-luni","14":"pa_korpus-argintiu","15":"pa_material-otel-inoxidabil","16":"pa_mehanizm-mecanic","17":"pa_mehanizm-mecanism-automatic","18":"pa_remeshok-argintiu","19":"pa_steklo-cristal-safir","20":"pa_strana-japonia","21":"pa_voda-10-atm","23":"first","24":"instock","25":"purchasable","26":"product-type-simple"},"acf":[],"_links":{"self":[{"href":"https:\/\/ceasuri.md\/ru\/wp-json\/wp\/v2\/product\/58149","targetHints":{"allow":["GET"]}}],"collection":[{"href":"https:\/\/ceasuri.md\/ru\/wp-json\/wp\/v2\/product"}],"about":[{"href":"https:\/\/ceasuri.md\/ru\/wp-json\/wp\/v2\/types\/product"}],"replies":[{"embeddable":true,"href":"https:\/\/ceasuri.md\/ru\/wp-json\/wp\/v2\/comments?post=58149"}],"wp:featuredmedia":[{"embeddable":true,"href":"https:\/\/ceasuri.md\/ru\/wp-json\/wp\/v2\/media\/58150"}],"wp:attachment":[{"href":"https:\/\/ceasuri.md\/ru\/wp-json\/wp\/v2\/media?parent=58149"}],"wp:term":[{"taxonomy":"product_brand","embeddable":true,"href":"https:\/\/ceasuri.md\/ru\/wp-json\/wp\/v2\/product_brand?post=58149"},{"taxonomy":"product_cat","embeddable":true,"href":"https:\/\/ceasuri.md\/ru\/wp-json\/wp\/v2\/product_cat?post=58149"},{"taxonomy":"product_tag","embeddable":true,"href":"https:\/\/ceasuri.md\/ru\/wp-json\/wp\/v2\/product_tag?post=58149"}],"curies":[{"name":"wp","href":"https:\/\/api.w.org\/{rel}","templated":true}]}}